{"id":40743,"date":"2026-04-19T15:17:40","date_gmt":"2026-04-19T15:17:40","guid":{"rendered":"https:\/\/singuli.wpress.me\/index.php\/proizvod\/gadus-s2-v220-2-visenamjenska-mast-12x0-4kg-4-8-kg-2\/"},"modified":"2026-04-20T12:33:32","modified_gmt":"2026-04-20T12:33:32","slug":"gadus-s2-v220-2-visenamjenska-mast-12x0-4kg-4-8-kg-2","status":"publish","type":"product","link":"https:\/\/singuli.wpress.me\/index.php\/proizvod\/gadus-s2-v220-2-visenamjenska-mast-12x0-4kg-4-8-kg-2\/","title":{"rendered":"GADUS S2 V220 2 , vi\u0161enamjenska mast, 12&#215;0.4kg, 4.8\u00a0kg"},"content":{"rendered":"<p>Visokokvalitetne masti za ekstremna optere\u0107enja bazirane na mje\u0161avini mineralnih ulja visokog viskoziteta i litij hidroksistearat sapunskog ugu\u0161\u010diva\u010da uz dodatak aditiva za ekstremne pritiske. Ove masti sadr\u017eavaju i druge provjerene aditive koji pobolj\u0161avaju njihove performanse u cijelom spektru primjena. Dizajnirane su za vi\u0161enamjensko podmazivanje kotrljaju\u0107ih i kliznih le\u017eajeva kao i raznih spojeva te kliznih povr\u0161ina poput onih kakve se nalaze u industrijskom i transportnom sektoru. Odlike ove masti su izvanredan kapacitet nosivosti, unaprije\u0111ena mehani\u010dka stabilnost, dobra otpornost na ispiranje vodom, oksidacijska stabilnost, antikorozivna za\u0161tita.<\/p>\n<p><span style=\"font-weight: bold\">Specifikacija:<\/span> DIN 51502 KO 2 K-20  ISO 6743-9-L-XBCEB 3<\/p>\n","protected":false},"excerpt":{"rendered":"<p>Mast za ekstremna optere\u0107enja<br \/>\nIzvanredan kapacicet nosivosti<br \/>\nDobra otpornost na ispiranje vodom<\/p>\n","protected":false},"featured_media":40744,"template":"","meta":{"_seopress_robots_primary_cat":"","_seopress_titles_title":"","_seopress_titles_desc":"","_seopress_robots_index":"","iawp_total_views":0},"product_brand":[413],"product_cat":[268,278],"product_tag":[],"class_list":{"0":"post-40743","1":"product","2":"type-product","3":"status-publish","4":"has-post-thumbnail","6":"product_brand-gadus","7":"product_cat-kozmetika-2","8":"product_cat-njega-tijela-268","10":"first","11":"outofstock","12":"shipping-taxable","13":"purchasable","14":"product-type-simple"},"_links":{"self":[{"href":"https:\/\/singuli.wpress.me\/index.php\/wp-json\/wp\/v2\/product\/40743","targetHints":{"allow":["GET"]}}],"collection":[{"href":"https:\/\/singuli.wpress.me\/index.php\/wp-json\/wp\/v2\/product"}],"about":[{"href":"https:\/\/singuli.wpress.me\/index.php\/wp-json\/wp\/v2\/types\/product"}],"version-history":[{"count":0,"href":"https:\/\/singuli.wpress.me\/index.php\/wp-json\/wp\/v2\/product\/40743\/revisions"}],"wp:featuredmedia":[{"embeddable":true,"href":"https:\/\/singuli.wpress.me\/index.php\/wp-json\/wp\/v2\/media\/40744"}],"wp:attachment":[{"href":"https:\/\/singuli.wpress.me\/index.php\/wp-json\/wp\/v2\/media?parent=40743"}],"wp:term":[{"taxonomy":"product_brand","embeddable":true,"href":"https:\/\/singuli.wpress.me\/index.php\/wp-json\/wp\/v2\/product_brand?post=40743"},{"taxonomy":"product_cat","embeddable":true,"href":"https:\/\/singuli.wpress.me\/index.php\/wp-json\/wp\/v2\/product_cat?post=40743"},{"taxonomy":"product_tag","embeddable":true,"href":"https:\/\/singuli.wpress.me\/index.php\/wp-json\/wp\/v2\/product_tag?post=40743"}],"curies":[{"name":"wp","href":"https:\/\/api.w.org\/{rel}","templated":true}]}}