{"id":40756,"date":"2026-04-19T15:17:43","date_gmt":"2026-04-19T15:17:43","guid":{"rendered":"https:\/\/singuli.wpress.me\/index.php\/proizvod\/natureta-umak-s-pecenim-povrcem-280-g\/"},"modified":"2026-04-20T12:33:32","modified_gmt":"2026-04-20T12:33:32","slug":"natureta-umak-s-pecenim-povrcem-280-g","status":"publish","type":"product","link":"https:\/\/singuli.wpress.me\/index.php\/proizvod\/natureta-umak-s-pecenim-povrcem-280-g\/","title":{"rendered":"NATURETA, umak, s pe\u010denim povr\u0107em, 280\u00a0g"},"content":{"rendered":"<p>Pomno odabrano zape\u010deno mediteransko povr\u0107e s komadi\u0107ima raj\u010dice zasigurno \u0107e zadovoljiti i najzahtjevnije nepce. <\/p>\n<p>Pogodan je i za vegetarijance jer ne sadr\u017ei sastojke \u017eivotinjskog podrijetla. <\/p>\n<p>Odli\u010dan je uz tjesteninu, ri\u017eu, meso i mnoga druga jela. <\/p>\n<p>Za jednostavnu i laku pripremu pobrinula se i Natureta. Samo ga zagrijte i u\u017eivajte.<\/p>\n","protected":false},"excerpt":{"rendered":"<p>Izvrstan okus<br \/>\nTradicionalna receptura<br \/>\nJednostavna priprema<\/p>\n","protected":false},"featured_media":40757,"template":"","meta":{"_seopress_robots_primary_cat":"","_seopress_titles_title":"","_seopress_titles_desc":"","_seopress_robots_index":"","iawp_total_views":0},"product_brand":[811],"product_cat":[261,299],"product_tag":[],"class_list":{"0":"post-40756","1":"product","2":"type-product","3":"status-publish","4":"has-post-thumbnail","6":"product_brand-natureta","7":"product_cat-hrana-i-pice","8":"product_cat-konzervirana-i-gotova-hrana-261","10":"first","11":"outofstock","12":"shipping-taxable","13":"purchasable","14":"product-type-simple"},"_links":{"self":[{"href":"https:\/\/singuli.wpress.me\/index.php\/wp-json\/wp\/v2\/product\/40756","targetHints":{"allow":["GET"]}}],"collection":[{"href":"https:\/\/singuli.wpress.me\/index.php\/wp-json\/wp\/v2\/product"}],"about":[{"href":"https:\/\/singuli.wpress.me\/index.php\/wp-json\/wp\/v2\/types\/product"}],"version-history":[{"count":0,"href":"https:\/\/singuli.wpress.me\/index.php\/wp-json\/wp\/v2\/product\/40756\/revisions"}],"wp:featuredmedia":[{"embeddable":true,"href":"https:\/\/singuli.wpress.me\/index.php\/wp-json\/wp\/v2\/media\/40757"}],"wp:attachment":[{"href":"https:\/\/singuli.wpress.me\/index.php\/wp-json\/wp\/v2\/media?parent=40756"}],"wp:term":[{"taxonomy":"product_brand","embeddable":true,"href":"https:\/\/singuli.wpress.me\/index.php\/wp-json\/wp\/v2\/product_brand?post=40756"},{"taxonomy":"product_cat","embeddable":true,"href":"https:\/\/singuli.wpress.me\/index.php\/wp-json\/wp\/v2\/product_cat?post=40756"},{"taxonomy":"product_tag","embeddable":true,"href":"https:\/\/singuli.wpress.me\/index.php\/wp-json\/wp\/v2\/product_tag?post=40756"}],"curies":[{"name":"wp","href":"https:\/\/api.w.org\/{rel}","templated":true}]}}