{"id":40763,"date":"2026-04-19T15:17:44","date_gmt":"2026-04-19T15:17:44","guid":{"rendered":"https:\/\/singuli.wpress.me\/index.php\/proizvod\/tomy-igracka-set-jaja-i-zlicice\/"},"modified":"2026-04-20T12:33:32","modified_gmt":"2026-04-20T12:33:32","slug":"tomy-igracka-set-jaja-i-zlicice","status":"publish","type":"product","link":"https:\/\/singuli.wpress.me\/index.php\/proizvod\/tomy-igracka-set-jaja-i-zlicice\/","title":{"rendered":"TOMY, igra\u010dka, set jaja i \u017eli\u010dice"},"content":{"rendered":"<p>Tri, \u010detiri, sad, utrka mo\u017ee krenuti!<\/p>\n<p>Ovaj veseli set jaja sa \u017eli\u010dicama replicira prepoznatljivu igru no\u0161enja i utrke s jajima.<\/p>\n<p>Prije same igre treba staviti svako veselo jaje u svoju \u017eli\u010dicu, prona\u0107i mu odgovaraju\u0107e mjesto po obliku i boji i  igra mo\u017ee krenuti!<\/p>\n<p>Dob: 6-36 mjeseci.<\/p>\n","protected":false},"excerpt":{"rendered":"<p>Zabavna dru\u0161tvena igra<br \/>\nSet jaja sa \u017eli\u010dicama replicira prepoznatljivu igru no\u0161enja i utrke s jajima<br \/>\nDob: 6-36 mjeseci<\/p>\n","protected":false},"featured_media":40764,"template":"","meta":{"_seopress_robots_primary_cat":"","_seopress_titles_title":"","_seopress_titles_desc":"","_seopress_robots_index":"","iawp_total_views":0},"product_brand":[487],"product_cat":[221,291],"product_tag":[],"class_list":{"0":"post-40763","1":"product","2":"type-product","3":"status-publish","4":"has-post-thumbnail","6":"product_brand-tomy","7":"product_cat-igracke","8":"product_cat-igracke-za-djecu-221","10":"first","11":"instock","12":"shipping-taxable","13":"purchasable","14":"product-type-simple"},"_links":{"self":[{"href":"https:\/\/singuli.wpress.me\/index.php\/wp-json\/wp\/v2\/product\/40763","targetHints":{"allow":["GET"]}}],"collection":[{"href":"https:\/\/singuli.wpress.me\/index.php\/wp-json\/wp\/v2\/product"}],"about":[{"href":"https:\/\/singuli.wpress.me\/index.php\/wp-json\/wp\/v2\/types\/product"}],"version-history":[{"count":0,"href":"https:\/\/singuli.wpress.me\/index.php\/wp-json\/wp\/v2\/product\/40763\/revisions"}],"wp:featuredmedia":[{"embeddable":true,"href":"https:\/\/singuli.wpress.me\/index.php\/wp-json\/wp\/v2\/media\/40764"}],"wp:attachment":[{"href":"https:\/\/singuli.wpress.me\/index.php\/wp-json\/wp\/v2\/media?parent=40763"}],"wp:term":[{"taxonomy":"product_brand","embeddable":true,"href":"https:\/\/singuli.wpress.me\/index.php\/wp-json\/wp\/v2\/product_brand?post=40763"},{"taxonomy":"product_cat","embeddable":true,"href":"https:\/\/singuli.wpress.me\/index.php\/wp-json\/wp\/v2\/product_cat?post=40763"},{"taxonomy":"product_tag","embeddable":true,"href":"https:\/\/singuli.wpress.me\/index.php\/wp-json\/wp\/v2\/product_tag?post=40763"}],"curies":[{"name":"wp","href":"https:\/\/api.w.org\/{rel}","templated":true}]}}