{"id":40769,"date":"2026-04-19T15:17:46","date_gmt":"2026-04-19T15:17:46","guid":{"rendered":"https:\/\/singuli.wpress.me\/index.php\/proizvod\/old-spice-restart-dezodorans-u-sticku-50-ml\/"},"modified":"2026-04-20T12:33:32","modified_gmt":"2026-04-20T12:33:32","slug":"old-spice-restart-dezodorans-u-sticku-50-ml","status":"publish","type":"product","link":"https:\/\/singuli.wpress.me\/index.php\/proizvod\/old-spice-restart-dezodorans-u-sticku-50-ml\/","title":{"rendered":"OLD SPICE Restart, dezodorans u sticku, 50\u00a0ml"},"content":{"rendered":"<p>Nanesi ispod pazuha za dugotrajnu za\u0161titu. Ambicije ostvaruje\u0161 s lako\u0107om i svijet je tvoj, a Old Spice Restart donosi neodoljiv stav te miris koji osvaja i koji ne poznaje zna\u010denje pogre\u0161nog koraka. <\/p>\n<p>Dezodorans Old Spice nadja\u010dava i najgori smrad supergenijalnim mirisom. <\/p>\n<p>Tehnologija mirisa koji ne blijedi omogu\u0107uje ti da cijeli dan u\u017eiva\u0161 u vlastitom dobrom mirisu, ba\u0161 kao \u0161to i drugi cijeli dan u\u017eivaju u tvom dobrom mirisu.<\/p>\n","protected":false},"excerpt":{"rendered":"<p>Mu\u017eevan miris sna\u017ene osobnosti<br \/>\nMo\u0107no nadja\u010dava neugodne mirise<br \/>\nTehnologija cjelodnevnog mirisa<\/p>\n","protected":false},"featured_media":40770,"template":"","meta":{"_seopress_robots_primary_cat":"","_seopress_titles_title":"","_seopress_titles_desc":"","_seopress_robots_index":"","iawp_total_views":0},"product_brand":[448],"product_cat":[285,268],"product_tag":[],"class_list":{"0":"post-40769","1":"product","2":"type-product","3":"status-publish","4":"has-post-thumbnail","6":"product_brand-old-spice","7":"product_cat-dezodoransi-268","8":"product_cat-kozmetika-2","10":"first","11":"outofstock","12":"shipping-taxable","13":"purchasable","14":"product-type-simple"},"_links":{"self":[{"href":"https:\/\/singuli.wpress.me\/index.php\/wp-json\/wp\/v2\/product\/40769","targetHints":{"allow":["GET"]}}],"collection":[{"href":"https:\/\/singuli.wpress.me\/index.php\/wp-json\/wp\/v2\/product"}],"about":[{"href":"https:\/\/singuli.wpress.me\/index.php\/wp-json\/wp\/v2\/types\/product"}],"version-history":[{"count":0,"href":"https:\/\/singuli.wpress.me\/index.php\/wp-json\/wp\/v2\/product\/40769\/revisions"}],"wp:featuredmedia":[{"embeddable":true,"href":"https:\/\/singuli.wpress.me\/index.php\/wp-json\/wp\/v2\/media\/40770"}],"wp:attachment":[{"href":"https:\/\/singuli.wpress.me\/index.php\/wp-json\/wp\/v2\/media?parent=40769"}],"wp:term":[{"taxonomy":"product_brand","embeddable":true,"href":"https:\/\/singuli.wpress.me\/index.php\/wp-json\/wp\/v2\/product_brand?post=40769"},{"taxonomy":"product_cat","embeddable":true,"href":"https:\/\/singuli.wpress.me\/index.php\/wp-json\/wp\/v2\/product_cat?post=40769"},{"taxonomy":"product_tag","embeddable":true,"href":"https:\/\/singuli.wpress.me\/index.php\/wp-json\/wp\/v2\/product_tag?post=40769"}],"curies":[{"name":"wp","href":"https:\/\/api.w.org\/{rel}","templated":true}]}}