{"id":40777,"date":"2026-04-19T15:17:49","date_gmt":"2026-04-19T15:17:49","guid":{"rendered":"https:\/\/singuli.wpress.me\/index.php\/proizvod\/jar-professional-visenamjenski-odmascivac-5-l\/"},"modified":"2026-04-20T12:33:33","modified_gmt":"2026-04-20T12:33:33","slug":"jar-professional-visenamjenski-odmascivac-5-l","status":"publish","type":"product","link":"https:\/\/singuli.wpress.me\/index.php\/proizvod\/jar-professional-visenamjenski-odmascivac-5-l\/","title":{"rendered":"JAR PROFESSIONAL, vi\u0161enamjenski odma\u0161\u0107iva\u010d, 5\u00a0l"},"content":{"rendered":"<p>Vi\u0161enamjensko sredstvo za odma\u0161\u0107ivanje Jar Professional odma\u0161\u0107uje kuhinjske podove i drugih povr\u0161ine. U\u010dinkovito uklanja nakupljenu masno\u0107u.<\/p>\n","protected":false},"excerpt":{"rendered":"<p>Vi\u0161enamjensko sredstvo<br \/>\nOdma\u0161\u0107uje kuhinjske podove i druge povr\u0161ine<br \/>\nU\u010dinkovito uklanja nakupljenu masno\u0107u<\/p>\n","protected":false},"featured_media":40778,"template":"","meta":{"_seopress_robots_primary_cat":"","_seopress_titles_title":"","_seopress_titles_desc":"","_seopress_robots_index":"","iawp_total_views":0},"product_brand":[467],"product_cat":[314,284,238],"product_tag":[],"class_list":{"0":"post-40777","1":"product","2":"type-product","3":"status-publish","4":"has-post-thumbnail","6":"product_brand-jar-professional","7":"product_cat-pranje-posuda-238","8":"product_cat-sredstva-za-ciscenje-238","9":"product_cat-sve-za-dom","11":"first","12":"outofstock","13":"shipping-taxable","14":"purchasable","15":"product-type-simple"},"_links":{"self":[{"href":"https:\/\/singuli.wpress.me\/index.php\/wp-json\/wp\/v2\/product\/40777","targetHints":{"allow":["GET"]}}],"collection":[{"href":"https:\/\/singuli.wpress.me\/index.php\/wp-json\/wp\/v2\/product"}],"about":[{"href":"https:\/\/singuli.wpress.me\/index.php\/wp-json\/wp\/v2\/types\/product"}],"version-history":[{"count":0,"href":"https:\/\/singuli.wpress.me\/index.php\/wp-json\/wp\/v2\/product\/40777\/revisions"}],"wp:featuredmedia":[{"embeddable":true,"href":"https:\/\/singuli.wpress.me\/index.php\/wp-json\/wp\/v2\/media\/40778"}],"wp:attachment":[{"href":"https:\/\/singuli.wpress.me\/index.php\/wp-json\/wp\/v2\/media?parent=40777"}],"wp:term":[{"taxonomy":"product_brand","embeddable":true,"href":"https:\/\/singuli.wpress.me\/index.php\/wp-json\/wp\/v2\/product_brand?post=40777"},{"taxonomy":"product_cat","embeddable":true,"href":"https:\/\/singuli.wpress.me\/index.php\/wp-json\/wp\/v2\/product_cat?post=40777"},{"taxonomy":"product_tag","embeddable":true,"href":"https:\/\/singuli.wpress.me\/index.php\/wp-json\/wp\/v2\/product_tag?post=40777"}],"curies":[{"name":"wp","href":"https:\/\/api.w.org\/{rel}","templated":true}]}}