{"id":40785,"date":"2026-04-19T15:17:50","date_gmt":"2026-04-19T15:17:50","guid":{"rendered":"https:\/\/singuli.wpress.me\/index.php\/proizvod\/miglior-mokra-hrana-za-macke-divljac-u-konzervi-405-g\/"},"modified":"2026-04-20T12:33:33","modified_gmt":"2026-04-20T12:33:33","slug":"miglior-mokra-hrana-za-macke-divljac-u-konzervi-405-g","status":"publish","type":"product","link":"https:\/\/singuli.wpress.me\/index.php\/proizvod\/miglior-mokra-hrana-za-macke-divljac-u-konzervi-405-g\/","title":{"rendered":"MIGLIOR, mokra hrana za ma\u010dke, divlja\u010d u konzervi, 405\u00a0g"},"content":{"rendered":"<p>Formula osmi\u0161ljena tako da jam\u010di klju\u010dne hranjive tvari potrebne za zdravlje va\u0161e ma\u010dke. Vitamin E sa antioksidativnim djelovanjem i receptom za odr\u017eavanje tonusa mi\u0161i\u0107a.<\/p>\n","protected":false},"excerpt":{"rendered":"<p>Hranjive tvari potrebne ma\u010dki<br \/>\nOdr\u017eavanje tonusa mi\u0161i\u0107a<br \/>\nProizvod \u010duvajte na hladnom i suhom mjestu. Izbjegavajte izravnu sun\u010devu svjetlost<\/p>\n","protected":false},"featured_media":40786,"template":"","meta":{"_seopress_robots_primary_cat":"","_seopress_titles_title":"","_seopress_titles_desc":"","_seopress_robots_index":"","iawp_total_views":0},"product_brand":[813],"product_cat":[261,299],"product_tag":[],"class_list":{"0":"post-40785","1":"product","2":"type-product","3":"status-publish","4":"has-post-thumbnail","6":"product_brand-miglior","7":"product_cat-hrana-i-pice","8":"product_cat-konzervirana-i-gotova-hrana-261","10":"first","11":"instock","12":"shipping-taxable","13":"purchasable","14":"product-type-simple"},"_links":{"self":[{"href":"https:\/\/singuli.wpress.me\/index.php\/wp-json\/wp\/v2\/product\/40785","targetHints":{"allow":["GET"]}}],"collection":[{"href":"https:\/\/singuli.wpress.me\/index.php\/wp-json\/wp\/v2\/product"}],"about":[{"href":"https:\/\/singuli.wpress.me\/index.php\/wp-json\/wp\/v2\/types\/product"}],"version-history":[{"count":0,"href":"https:\/\/singuli.wpress.me\/index.php\/wp-json\/wp\/v2\/product\/40785\/revisions"}],"wp:featuredmedia":[{"embeddable":true,"href":"https:\/\/singuli.wpress.me\/index.php\/wp-json\/wp\/v2\/media\/40786"}],"wp:attachment":[{"href":"https:\/\/singuli.wpress.me\/index.php\/wp-json\/wp\/v2\/media?parent=40785"}],"wp:term":[{"taxonomy":"product_brand","embeddable":true,"href":"https:\/\/singuli.wpress.me\/index.php\/wp-json\/wp\/v2\/product_brand?post=40785"},{"taxonomy":"product_cat","embeddable":true,"href":"https:\/\/singuli.wpress.me\/index.php\/wp-json\/wp\/v2\/product_cat?post=40785"},{"taxonomy":"product_tag","embeddable":true,"href":"https:\/\/singuli.wpress.me\/index.php\/wp-json\/wp\/v2\/product_tag?post=40785"}],"curies":[{"name":"wp","href":"https:\/\/api.w.org\/{rel}","templated":true}]}}