{"id":40789,"date":"2026-04-19T15:17:51","date_gmt":"2026-04-19T15:17:51","guid":{"rendered":"https:\/\/singuli.wpress.me\/index.php\/proizvod\/smac-manitoba-express-sredstvo-za-ciscenje-kamenca-12x650ml\/"},"modified":"2026-04-20T12:33:33","modified_gmt":"2026-04-20T12:33:33","slug":"smac-manitoba-express-sredstvo-za-ciscenje-kamenca-12x650ml","status":"publish","type":"product","link":"https:\/\/singuli.wpress.me\/index.php\/proizvod\/smac-manitoba-express-sredstvo-za-ciscenje-kamenca-12x650ml\/","title":{"rendered":"SMAC Manitoba Express, sredstvo za \u010di\u0161\u0107enje, kamenca, 12x650ml"},"content":{"rendered":"<p>Smac Express sredstvo za uklanjanje kamenca u spreju uklanja 100% kamenca i usporava njegovo daljnje stvaranje. <\/p>\n<p>Posebni polimeri stvaraju aktivni \u0161tit na povr\u0161ini za dugotrajan sjaj.<\/p>\n","protected":false},"excerpt":{"rendered":"<p>Uklanja 100% kamenac<br \/>\nUsporava djelovanje kamenca<br \/>\nDugotrajan sjaj povr\u0161ina<\/p>\n","protected":false},"featured_media":0,"template":"","meta":{"_seopress_robots_primary_cat":"","_seopress_titles_title":"","_seopress_titles_desc":"","_seopress_robots_index":"","iawp_total_views":0},"product_brand":[421],"product_cat":[284,238],"product_tag":[],"class_list":{"0":"post-40789","1":"product","2":"type-product","3":"status-publish","5":"product_brand-smac","6":"product_cat-sredstva-za-ciscenje-238","7":"product_cat-sve-za-dom","9":"first","10":"outofstock","11":"shipping-taxable","12":"purchasable","13":"product-type-simple"},"_links":{"self":[{"href":"https:\/\/singuli.wpress.me\/index.php\/wp-json\/wp\/v2\/product\/40789","targetHints":{"allow":["GET"]}}],"collection":[{"href":"https:\/\/singuli.wpress.me\/index.php\/wp-json\/wp\/v2\/product"}],"about":[{"href":"https:\/\/singuli.wpress.me\/index.php\/wp-json\/wp\/v2\/types\/product"}],"version-history":[{"count":0,"href":"https:\/\/singuli.wpress.me\/index.php\/wp-json\/wp\/v2\/product\/40789\/revisions"}],"wp:attachment":[{"href":"https:\/\/singuli.wpress.me\/index.php\/wp-json\/wp\/v2\/media?parent=40789"}],"wp:term":[{"taxonomy":"product_brand","embeddable":true,"href":"https:\/\/singuli.wpress.me\/index.php\/wp-json\/wp\/v2\/product_brand?post=40789"},{"taxonomy":"product_cat","embeddable":true,"href":"https:\/\/singuli.wpress.me\/index.php\/wp-json\/wp\/v2\/product_cat?post=40789"},{"taxonomy":"product_tag","embeddable":true,"href":"https:\/\/singuli.wpress.me\/index.php\/wp-json\/wp\/v2\/product_tag?post=40789"}],"curies":[{"name":"wp","href":"https:\/\/api.w.org\/{rel}","templated":true}]}}