{"id":40800,"date":"2026-04-19T15:17:55","date_gmt":"2026-04-19T15:17:55","guid":{"rendered":"https:\/\/singuli.wpress.me\/index.php\/proizvod\/gillette-blue3-comfort-jednokratne-britvice-1-kom\/"},"modified":"2026-04-20T12:33:33","modified_gmt":"2026-04-20T12:33:33","slug":"gillette-blue3-comfort-jednokratne-britvice-1-kom","status":"publish","type":"product","link":"https:\/\/singuli.wpress.me\/index.php\/proizvod\/gillette-blue3-comfort-jednokratne-britvice-1-kom\/","title":{"rendered":"GILLETTE Blue3 Comfort, jednokratne britvice, 1\u00a0kom"},"content":{"rendered":"<p>Gillette Blue3 Comfort jednokratna je britvica \u010dije 3 o\u0161trice presvu\u010dene kromom osiguravaju do 10 ugodnih brijanja. <\/p>\n<p>Glava pokretljiva za 40\u00b0 lijepo se prilago\u0111ava konturama lica, a o\u0161trice se znatno lak\u0161e ispiru nego kod britvica Blue II Plus. <\/p>\n<p>Lubrikantna trakica s tehnologijom Comfortgel aktivira se u dodiru s vodom za dodatnu svje\u017einu i ugodnost, dok gumena protuklizna dr\u0161ka britvice Gillette Blue3 Comfort dobro sjedi u ruci za bolju kontrolu i preciznost brijanja.<\/p>\n","protected":false},"excerpt":{"rendered":"<p>Lubrikantna trakica s tehnologijom Comfortgel<br \/>\nGumena protuklizna dr\u0161ka za bolju kontrolu<br \/>\nPokretljiva glava prilago\u0111ava se konturama lica<\/p>\n","protected":false},"featured_media":40801,"template":"","meta":{"_seopress_robots_primary_cat":"","_seopress_titles_title":"","_seopress_titles_desc":"","_seopress_robots_index":"","iawp_total_views":0},"product_brand":[323],"product_cat":[266,265,160],"product_tag":[],"class_list":{"0":"post-40800","1":"product","2":"type-product","3":"status-publish","4":"has-post-thumbnail","6":"product_brand-gillette","7":"product_cat-aparati-za-kuhanje-265","8":"product_cat-kuhinjski-aparati-160","9":"product_cat-mali-kucanski-aparati","11":"first","12":"instock","13":"shipping-taxable","14":"purchasable","15":"product-type-simple"},"_links":{"self":[{"href":"https:\/\/singuli.wpress.me\/index.php\/wp-json\/wp\/v2\/product\/40800","targetHints":{"allow":["GET"]}}],"collection":[{"href":"https:\/\/singuli.wpress.me\/index.php\/wp-json\/wp\/v2\/product"}],"about":[{"href":"https:\/\/singuli.wpress.me\/index.php\/wp-json\/wp\/v2\/types\/product"}],"version-history":[{"count":0,"href":"https:\/\/singuli.wpress.me\/index.php\/wp-json\/wp\/v2\/product\/40800\/revisions"}],"wp:featuredmedia":[{"embeddable":true,"href":"https:\/\/singuli.wpress.me\/index.php\/wp-json\/wp\/v2\/media\/40801"}],"wp:attachment":[{"href":"https:\/\/singuli.wpress.me\/index.php\/wp-json\/wp\/v2\/media?parent=40800"}],"wp:term":[{"taxonomy":"product_brand","embeddable":true,"href":"https:\/\/singuli.wpress.me\/index.php\/wp-json\/wp\/v2\/product_brand?post=40800"},{"taxonomy":"product_cat","embeddable":true,"href":"https:\/\/singuli.wpress.me\/index.php\/wp-json\/wp\/v2\/product_cat?post=40800"},{"taxonomy":"product_tag","embeddable":true,"href":"https:\/\/singuli.wpress.me\/index.php\/wp-json\/wp\/v2\/product_tag?post=40800"}],"curies":[{"name":"wp","href":"https:\/\/api.w.org\/{rel}","templated":true}]}}