{"id":40808,"date":"2026-04-19T15:17:59","date_gmt":"2026-04-19T15:17:59","guid":{"rendered":"https:\/\/singuli.wpress.me\/index.php\/proizvod\/bison-patrone-za-vruce-ljepljenje-12x7mm\/"},"modified":"2026-04-20T12:33:33","modified_gmt":"2026-04-20T12:33:33","slug":"bison-patrone-za-vruce-ljepljenje-12x7mm","status":"publish","type":"product","link":"https:\/\/singuli.wpress.me\/index.php\/proizvod\/bison-patrone-za-vruce-ljepljenje-12x7mm\/","title":{"rendered":"BISON, patrone, za vru\u0107e ljepljenje, 12x7mm"},"content":{"rendered":"<p>Prozirne, sna\u017ene, okruglog oblika, promjera 7mm. <\/p>\n<p>Za samo nekoliko sekundi lijepi mnogo poroznih i neporoznih materijala kao \u0161to su drvo, metal, kamen, staklo, plo\u010dice, keramika, ko\u017ea, tekstil i mnogo vrsta plastike. Ima visoku sposobnost otapanja i prikladan je za samostalne projekte i sve ku\u0107anske popravke. Brzo, uredno, trajno i pouzdano lijepi gotovo sve materijale. Idealno za u\u010dvr\u0161\u0107ivanje, popravke, izolaciju i brtvljenje. Primjerice za tepihe, \u0111onove i pete na cipelama, monta\u017ene letve, zidne lajsne ili lijepljenje plo\u010dice koja se odlijepila. Vi\u0161enamjensko. Osobito za samostalne projekte i poluprofesionalnu upotrebu.<\/p>\n<p>Nije prikladno za PE, PP, PTFE i materijali osjetljivi na toplinu. Potporni elementi ili predmeti koji su stalno napeti.<\/p>\n","protected":false},"excerpt":{"rendered":"<p>Prozirne i sna\u017ene<br \/>\nKratko vrijeme vezanja<br \/>\nPromjer 7 mm<\/p>\n","protected":false},"featured_media":40809,"template":"","meta":{"_seopress_robots_primary_cat":"","_seopress_titles_title":"","_seopress_titles_desc":"","_seopress_robots_index":"","iawp_total_views":0},"product_brand":[494],"product_cat":[264,238],"product_tag":[],"class_list":{"0":"post-40808","1":"product","2":"type-product","3":"status-publish","4":"has-post-thumbnail","6":"product_brand-bison","7":"product_cat-ljepila-i-brtvila-238","8":"product_cat-sve-za-dom","10":"first","11":"instock","12":"shipping-taxable","13":"purchasable","14":"product-type-simple"},"_links":{"self":[{"href":"https:\/\/singuli.wpress.me\/index.php\/wp-json\/wp\/v2\/product\/40808","targetHints":{"allow":["GET"]}}],"collection":[{"href":"https:\/\/singuli.wpress.me\/index.php\/wp-json\/wp\/v2\/product"}],"about":[{"href":"https:\/\/singuli.wpress.me\/index.php\/wp-json\/wp\/v2\/types\/product"}],"version-history":[{"count":0,"href":"https:\/\/singuli.wpress.me\/index.php\/wp-json\/wp\/v2\/product\/40808\/revisions"}],"wp:featuredmedia":[{"embeddable":true,"href":"https:\/\/singuli.wpress.me\/index.php\/wp-json\/wp\/v2\/media\/40809"}],"wp:attachment":[{"href":"https:\/\/singuli.wpress.me\/index.php\/wp-json\/wp\/v2\/media?parent=40808"}],"wp:term":[{"taxonomy":"product_brand","embeddable":true,"href":"https:\/\/singuli.wpress.me\/index.php\/wp-json\/wp\/v2\/product_brand?post=40808"},{"taxonomy":"product_cat","embeddable":true,"href":"https:\/\/singuli.wpress.me\/index.php\/wp-json\/wp\/v2\/product_cat?post=40808"},{"taxonomy":"product_tag","embeddable":true,"href":"https:\/\/singuli.wpress.me\/index.php\/wp-json\/wp\/v2\/product_tag?post=40808"}],"curies":[{"name":"wp","href":"https:\/\/api.w.org\/{rel}","templated":true}]}}