{"id":40812,"date":"2026-04-19T15:18:00","date_gmt":"2026-04-19T15:18:00","guid":{"rendered":"https:\/\/singuli.wpress.me\/index.php\/proizvod\/miglior-suha-hrana-za-pse-briketi-4-kg\/"},"modified":"2026-04-20T12:33:33","modified_gmt":"2026-04-20T12:33:33","slug":"miglior-suha-hrana-za-pse-briketi-4-kg","status":"publish","type":"product","link":"https:\/\/singuli.wpress.me\/index.php\/proizvod\/miglior-suha-hrana-za-pse-briketi-4-kg\/","title":{"rendered":"MIGLIOR, suha hrana za pse, briketi, 4\u00a0kg"},"content":{"rendered":"<p>Formula osmi\u0161ljena tako da jam\u010di\u00a0hranjive tvari potrebne za va\u0161eg psa, uklju\u010duju\u0107i vitamine, Omega 3, kalcij i fosfor za ja\u010danje kostiju\u00a0i zubi, zdravu\u00a0ko\u017eu\u00a0i sjajnu\u00a0dlaku\u00a0te zategnutu\u00a0muskulaturu.<\/p>\n","protected":false},"excerpt":{"rendered":"<p>Hranjive tvari potrebne psu<br \/>\nJake kosti i zubi, zdrava ko\u017ea i sjajna dlaka te zategnuta muskulatura<br \/>\nProizvod \u010duvajte na hladnom i suhom mjestu. Izbjegavajte izravnu sun\u010devu svjetlost<\/p>\n","protected":false},"featured_media":40813,"template":"","meta":{"_seopress_robots_primary_cat":"","_seopress_titles_title":"","_seopress_titles_desc":"","_seopress_robots_index":"","iawp_total_views":0},"product_brand":[813],"product_cat":[261,299],"product_tag":[],"class_list":{"0":"post-40812","1":"product","2":"type-product","3":"status-publish","4":"has-post-thumbnail","6":"product_brand-miglior","7":"product_cat-hrana-i-pice","8":"product_cat-konzervirana-i-gotova-hrana-261","10":"first","11":"instock","12":"shipping-taxable","13":"purchasable","14":"product-type-simple"},"_links":{"self":[{"href":"https:\/\/singuli.wpress.me\/index.php\/wp-json\/wp\/v2\/product\/40812","targetHints":{"allow":["GET"]}}],"collection":[{"href":"https:\/\/singuli.wpress.me\/index.php\/wp-json\/wp\/v2\/product"}],"about":[{"href":"https:\/\/singuli.wpress.me\/index.php\/wp-json\/wp\/v2\/types\/product"}],"version-history":[{"count":0,"href":"https:\/\/singuli.wpress.me\/index.php\/wp-json\/wp\/v2\/product\/40812\/revisions"}],"wp:featuredmedia":[{"embeddable":true,"href":"https:\/\/singuli.wpress.me\/index.php\/wp-json\/wp\/v2\/media\/40813"}],"wp:attachment":[{"href":"https:\/\/singuli.wpress.me\/index.php\/wp-json\/wp\/v2\/media?parent=40812"}],"wp:term":[{"taxonomy":"product_brand","embeddable":true,"href":"https:\/\/singuli.wpress.me\/index.php\/wp-json\/wp\/v2\/product_brand?post=40812"},{"taxonomy":"product_cat","embeddable":true,"href":"https:\/\/singuli.wpress.me\/index.php\/wp-json\/wp\/v2\/product_cat?post=40812"},{"taxonomy":"product_tag","embeddable":true,"href":"https:\/\/singuli.wpress.me\/index.php\/wp-json\/wp\/v2\/product_tag?post=40812"}],"curies":[{"name":"wp","href":"https:\/\/api.w.org\/{rel}","templated":true}]}}