{"id":40817,"date":"2026-04-19T15:18:01","date_gmt":"2026-04-19T15:18:01","guid":{"rendered":"https:\/\/singuli.wpress.me\/index.php\/proizvod\/braun-silk-expert-pro-5-pl5145-ipl-uredaj\/"},"modified":"2026-04-20T12:33:33","modified_gmt":"2026-04-20T12:33:33","slug":"braun-silk-expert-pro-5-pl5145-ipl-uredaj","status":"publish","type":"product","link":"https:\/\/singuli.wpress.me\/index.php\/proizvod\/braun-silk-expert-pro-5-pl5145-ipl-uredaj\/","title":{"rendered":"BRAUN Silk &#8211; expert Pro 5 PL5145, IPL ure\u0111aj"},"content":{"rendered":"<p>Braun IPL Silk\u00b7expert Pro 5 PL5145 IPL za \u017eene i mu\u0161karce za dugotrajno vidljivo uklanjanje dla\u010dica kod ku\u0107e<\/p>\n<p>Istaknute zna\u010dajke:<br \/>\n\u2022 Do 6 mjeseci glatke ko\u017ee kao nakon tretmana u salonu i to u udobnosti va\u0161eg doma. Vidljivo manje dla\u010dica u samo 4 tjedna. (74% manje dla\u010dica nakon 12 tjednih tretmana \u2013 kombinirana vrijednost za bikini-zonu, noge i pazuhe. Rezultati se mogu razlikovati od osobe do osobe.)<br \/>\n\u2022 Optimalna snaga za svaki dio tijela zahvaljuju\u0107i senzoru Skin pro 2.0 (SensoAdapt\u2122) s tehnologijom za neprekidno automatsko prilago\u0111avanje nijansi va\u0161e ko\u017ee, poput one koja se koristi u salonima.  <br \/>\n\u2022 Braunov najbr\u017ei IPL ure\u0111aj za manje propu\u0161tenih podru\u010dja. Bljeska do 125 puta u minuti za jednostavan tretman i bolju pokrivenost ko\u017ee.<br \/>\n\u2022 2 nje\u017ena na\u010dina rada koji smanjuju intenzitet svjetlosti za nje\u017eniji tretman osjetljivijih podru\u010dja poput lica, pazuha ili bikini-zone.<br \/>\n\u2022 Razli\u010dite glave za tretman od glave do pete. Standardna glava za pazuhe i potkoljenice te \u0161iroka glava za bedra, prsa i le\u0111a. <\/p>\n<p>Braun Silk\u00b7expert Pro 5<br \/>\nDo 6 mjeseci glatke ko\u017ee, kao nakon tretmana u salonu, od glave do pete.\u00b9<br \/>\n\u00b974% manje dla\u010dica nakon 12 tjednih tretmana \u2013 kombinirana vrijednost za bikini-zonu, noge i pazuhe. Rezultati se mogu razlikovati od osobe do osobe.<\/p>\n<p>Skin pro 2.0 (SensoAdapt\u2122)\u00b2<br \/>\nNitko od nas nema istu, ujedna\u010denu nijansu ko\u017ee na cijelom tijelu, pa senzor Skin pro 2.0 (SensoAdapt\u2122) (s UV za\u0161titom) neprekidno o\u010ditava nijansu ko\u017ee i automatski prilago\u0111ava intenzitet svakog bljeska razli\u010ditim dijelovima tijela.<br \/>\n\u00b2Istu tehnologiju koriste i ure\u0111aji marke Cyden.<\/p>\n<p>Marka br. 1 elektri\u010dnih ure\u0111aja za uklanjanje dla\u010dica kod \u017eena u cijelom svijetu.<\/p>\n<p>Rezultati vidljivi do 6 mjeseci<br \/>\nNajbolji ure\u0111aj u svojoj klasi za vidljivo smanjenje dla\u010dica u samo 4 tjedna, s rezultatima koji traju do 6 mjeseci1. Koristite ure\u0111aj jednom tjedno i za mjesec dana \u0107ete primijetiti prve rezultate te po\u010deti u\u017eivati u dugotrajno glatkoj ko\u017ei.<\/p>\n<p>Mo\u0107no i nje\u017eno<br \/>\nZahvaljuju\u0107i tehnologiji Skin pro 2.0 (SensoAdapt\u2122) i ugra\u0111enom UV filteru, mo\u017eete u\u017eivati u ugodnim i gotovo bezbolnim IPL tretmanima u udobnosti svog doma.  <\/p>\n<p>Precizno i temeljito<br \/>\nOvaj IPL ure\u0111aj dolazi sa \u0161irokom glavom za ve\u0107a podru\u010dja poput bedara, prsa ili le\u0111a te sa standardnom glavom idealnom za pazuhe.<\/p>\n<p>Glatka ko\u017ea i na osjetljivim podru\u010djima<br \/>\nJednim pritiskom na gumb, 2 nje\u017ena na\u010dina rada prilago\u0111avaju intenzitet svjetlosti za dugotrajno glatku ko\u017eu na osjetljivim podru\u010djima. Ta je opcija idealna i za osobe koje tek po\u010dinju koristiti IPL ure\u0111aj.<\/p>\n<p>Manje propu\u0161tenih podru\u010dja<br \/>\nSilk\u00b7expert Pro 5 najbr\u017ei je IPL ure\u0111aj na tr\u017ei\u0161tu\u00b3 \u2014 s opcijom bljeskanja do svakih 0,5 sekundi. Kontinuirano, brzo bljeskanje osigurava da bude \u0161to manje propu\u0161tenih mjesta dok klizite ure\u0111ajem po ko\u017ei.<br \/>\n\u00b3Istu tehnologiju koriste i ure\u0111aji marke Cyden.<\/p>\n<p>10 razina intenziteta<br \/>\nS 10 razina intenziteta, Silk\u00b7expert Pro 5 precizno prepoznaje \u010dak i najmanje razlike u nijansi ko\u017ee na cijelom tijelu, pru\u017eaju\u0107i tako savr\u0161enu ravnote\u017eu snage za dugotrajne rezultate u udobnosti doma.<\/p>\n<p>Stvoren da traje<br \/>\nSilk\u00b7expert Pro 5 dolazi s do 400.000 bljesaka \u0161to omogu\u0107uje do oko 22 godine tretmana cijelog tijela2. Emitira snagu ja\u010dine do 6 j\/cm\u00b2\u2014 \u0161to je najbr\u017ei put do trajno glatke ko\u017ee.  <br \/>\n2Ovo nije jamstvo radnog vijeka ure\u0111aja.<\/p>\n<p>Doznajte je li IPL tehnologija prikladna za vas<br \/>\nIPL tehnologija naju\u010dinkovitija na svijetlim do srednje tamnim nijansama ko\u017ee s dla\u010dicama u rasponu od prirodno svijetlih do tamnosme\u0111ih ili crnih. Me\u0111utim, nije u\u010dinkovita na izuzetno svijetlim, crvenim, sivim ili bijelim dla\u010dicama \u010dija manja koli\u010dina melanina ne upija svjetlosnu energiju.<\/p>\n<p>Opis proizvoda:<br \/>\nSilk\u00b7expert Pro 5 najbolji je Braunov IPL ure\u0111aj. To nije laserski aparat za uklanjanje dla\u010dica, ve\u0107 ure\u0111aj koji koristi naprednu IPL tehnologiju koja osigurava do 6 mjeseci glatke ko\u017ee u udobnosti va\u0161eg doma, s primjetnim smanjenjem dla\u010dica ve\u0107 za samo 4 tjedna (74% manje dla\u010dica nakon 12 tjednih tretmana \u2013 kombinirana vrijednost za bikini-zonu, noge i pazuhe; rezultati se mogu razlikovati od osobe do osobe). Senzor Skin pro 2.0 (SensoAdapt\u2122) automatski prilago\u0111ava rad ure\u0111aja nijansi va\u0161e ko\u017ee kako bi se dobila optimalna ravnote\u017ea brzih rezultata i nje\u017enosti prema ko\u017ei. Dvije postavke za nje\u017enost osiguravaju da tretman bude ugodan, a do 125 bljesaka u minuti zna\u010di da \u0107e biti manje propu\u0161tenih mjesta dok klizite ure\u0111ajem po ko\u017ei.  <\/p>\n<p>Sadr\u017eaj pakiranja:<br \/>\n1 \u00d7 Silk\u00b7expert Pro 5 sa standardnom glavom<br \/>\n1 \u00d7 dodatna \u0161iroka glava<br \/>\n1 \u00d7 brija\u010d za tijelo Gillette Body<br \/>\n1 \u00d7 mekana torbica<\/p>\n","protected":false},"excerpt":{"rendered":"<p>Ure\u0111aj za dugotrajno vidljivo uklanjanje dla\u010dica kod ku\u0107e<br \/>\nNajnovija generacija IPL aparata za mu\u0161karce i \u017eene<br \/>\nSenzor Skin pro 2.0 (SensoAdapt\u2122) (s UV za\u0161titom) neprekidno o\u010ditava nijansu ko\u017ee i automatski prilago\u0111ava intenzitet svakog bljeska razli\u010ditim dijelovima tijela<\/p>\n","protected":false},"featured_media":40818,"template":"","meta":{"_seopress_robots_primary_cat":"","_seopress_titles_title":"","_seopress_titles_desc":"","_seopress_robots_index":"","iawp_total_views":0},"product_brand":[144],"product_cat":[192,282,281],"product_tag":[],"class_list":{"0":"post-40817","1":"product","2":"type-product","3":"status-publish","4":"has-post-thumbnail","6":"product_brand-braun","7":"product_cat-aparati-za-osobnu-njegu","8":"product_cat-aparati-za-zene-281","9":"product_cat-epilatori-i-ipl-192","11":"first","12":"outofstock","13":"shipping-taxable","14":"purchasable","15":"product-type-simple"},"_links":{"self":[{"href":"https:\/\/singuli.wpress.me\/index.php\/wp-json\/wp\/v2\/product\/40817","targetHints":{"allow":["GET"]}}],"collection":[{"href":"https:\/\/singuli.wpress.me\/index.php\/wp-json\/wp\/v2\/product"}],"about":[{"href":"https:\/\/singuli.wpress.me\/index.php\/wp-json\/wp\/v2\/types\/product"}],"version-history":[{"count":0,"href":"https:\/\/singuli.wpress.me\/index.php\/wp-json\/wp\/v2\/product\/40817\/revisions"}],"wp:featuredmedia":[{"embeddable":true,"href":"https:\/\/singuli.wpress.me\/index.php\/wp-json\/wp\/v2\/media\/40818"}],"wp:attachment":[{"href":"https:\/\/singuli.wpress.me\/index.php\/wp-json\/wp\/v2\/media?parent=40817"}],"wp:term":[{"taxonomy":"product_brand","embeddable":true,"href":"https:\/\/singuli.wpress.me\/index.php\/wp-json\/wp\/v2\/product_brand?post=40817"},{"taxonomy":"product_cat","embeddable":true,"href":"https:\/\/singuli.wpress.me\/index.php\/wp-json\/wp\/v2\/product_cat?post=40817"},{"taxonomy":"product_tag","embeddable":true,"href":"https:\/\/singuli.wpress.me\/index.php\/wp-json\/wp\/v2\/product_tag?post=40817"}],"curies":[{"name":"wp","href":"https:\/\/api.w.org\/{rel}","templated":true}]}}