{"id":40823,"date":"2026-04-19T15:18:02","date_gmt":"2026-04-19T15:18:02","guid":{"rendered":"https:\/\/singuli.wpress.me\/index.php\/proizvod\/uhu-super-glue-minis-ljepilo-3-x-1-g\/"},"modified":"2026-04-20T12:33:33","modified_gmt":"2026-04-20T12:33:33","slug":"uhu-super-glue-minis-ljepilo-3-x-1-g","status":"publish","type":"product","link":"https:\/\/singuli.wpress.me\/index.php\/proizvod\/uhu-super-glue-minis-ljepilo-3-x-1-g\/","title":{"rendered":"UHU Super Glue Minis, ljepilo, 3 x 1 g"},"content":{"rendered":"<p>3 x originalno zatvorene mini tube super ljepila u prakti\u010dnoj kutiji za pohranu.<\/p>\n<p>Idealno za lijepljenje malih povr\u0161ina. Lijepi gotovo sve \u010dvrste i fleksibilne materijale poput mnogih vrsta plastike (kao \u0161to su kruti PVC, ABS, PS, Plexiglas\u00ae, polikarbonat (Makrolon\u00ae) i fenolne smole (Bakelite\u00ae)), porculan, keramika, ko\u017ea, metal, drvo, pluto, filc, tkanina (prvo provjerite prikladnost) i guma. Samo djelomi\u010dno prikladno za staklo (tijekom odre\u0111enog vremena spoj postaje krt, \u0161to uzrokuje njegovo slabljenje).<\/p>\n<p>Nije prikladno za PE, PP, silikonske smole, PTFE, Styrofoam\u00ae, tkanine i ko\u017enu odje\u0107u.<\/p>\n","protected":false},"excerpt":{"rendered":"<p>Ultra brzo i jako lijepljenje<br \/>\n3 kom u jednom pakiranju<br \/>\nVodootporan<\/p>\n","protected":false},"featured_media":40824,"template":"","meta":{"_seopress_robots_primary_cat":"","_seopress_titles_title":"","_seopress_titles_desc":"","_seopress_robots_index":"","iawp_total_views":0},"product_brand":[445],"product_cat":[264,238],"product_tag":[],"class_list":{"0":"post-40823","1":"product","2":"type-product","3":"status-publish","4":"has-post-thumbnail","6":"product_brand-uhu","7":"product_cat-ljepila-i-brtvila-238","8":"product_cat-sve-za-dom","10":"first","11":"instock","12":"shipping-taxable","13":"purchasable","14":"product-type-simple"},"_links":{"self":[{"href":"https:\/\/singuli.wpress.me\/index.php\/wp-json\/wp\/v2\/product\/40823","targetHints":{"allow":["GET"]}}],"collection":[{"href":"https:\/\/singuli.wpress.me\/index.php\/wp-json\/wp\/v2\/product"}],"about":[{"href":"https:\/\/singuli.wpress.me\/index.php\/wp-json\/wp\/v2\/types\/product"}],"version-history":[{"count":0,"href":"https:\/\/singuli.wpress.me\/index.php\/wp-json\/wp\/v2\/product\/40823\/revisions"}],"wp:featuredmedia":[{"embeddable":true,"href":"https:\/\/singuli.wpress.me\/index.php\/wp-json\/wp\/v2\/media\/40824"}],"wp:attachment":[{"href":"https:\/\/singuli.wpress.me\/index.php\/wp-json\/wp\/v2\/media?parent=40823"}],"wp:term":[{"taxonomy":"product_brand","embeddable":true,"href":"https:\/\/singuli.wpress.me\/index.php\/wp-json\/wp\/v2\/product_brand?post=40823"},{"taxonomy":"product_cat","embeddable":true,"href":"https:\/\/singuli.wpress.me\/index.php\/wp-json\/wp\/v2\/product_cat?post=40823"},{"taxonomy":"product_tag","embeddable":true,"href":"https:\/\/singuli.wpress.me\/index.php\/wp-json\/wp\/v2\/product_tag?post=40823"}],"curies":[{"name":"wp","href":"https:\/\/api.w.org\/{rel}","templated":true}]}}