{"id":40832,"date":"2026-04-19T15:18:05","date_gmt":"2026-04-19T15:18:05","guid":{"rendered":"https:\/\/singuli.wpress.me\/index.php\/proizvod\/aeroshell-gr-64-mast-1x3kg-3-kg\/"},"modified":"2026-04-21T00:27:04","modified_gmt":"2026-04-21T00:27:04","slug":"aeroshell-gr-64-mast-1x3kg-3-kg","status":"publish","type":"product","link":"https:\/\/singuli.wpress.me\/index.php\/proizvod\/aeroshell-gr-64-mast-1x3kg-3-kg\/","title":{"rendered":"AEROSHELL GR.64, mast, 1x3kg, 3\u00a0kg"},"content":{"rendered":"<p><p><span style=\"font-weight: bold\">Sinteti\u010dka mast<\/span>  bazirana na ugljikovodi\u010dnom esteru i litij kompleks ugu\u0161\u0107iva\u010du poja\u010dana s 5% molibdendisulfida. Ima pobolj\u0161ana svojstva protiv tro\u0161enja i oksidacije kao i dodatna EP (Extreme Pressure) svojstva koja se dobivaju dodavanjem krutog maziva. AeroShell Grease 64 je prepoznata kao rje\u0161enje na zahtjeve podmazivanja ve\u0107ine dijelova zrakoplova s jednom ma\u0161\u0107u te je odobrena za uporabu na Boeingovim, Airbusovim i mnogim drugim tipovima zrakoplova. Raspon radnih temperatura je od \u201373\u00b0C do &#8211; 121\u00b0C.<\/p>\n<p><span style=\"font-weight: bold\">Specifikacija:<\/span> MIL-G-21164D, COMAC QPL-CMS-OL-311,DEF STAN 91-57 (ekvivalent), DCSEA 353\/A (ekvivalent), NATO Code G-353, Joint Service Designation XG-276.<\/p>\n<p><span style=\"font-weight: bold\">Sigurnosno upozorenje:<\/span><\/p>\n<p><img decoding=\"async\" src=\"https:\/\/prod-minio-orbico.nd0.pl\/orbico.ohr\/Piktogrami\/Zdravlje.png\" alt=\"Zdravlje\" style=\"max-width: 10%;height: auto\"><\/p>\n<\/p>\n<p>&#8211; H317 &#8211; Mo\u017ee izazvati alergijsku reakciju na ko\u017ei.<\/p>\n<p>&#8211; H319 &#8211; Uzrokuje jako nadra\u017eivanje oka.<\/p>\n","protected":false},"excerpt":{"rendered":"<p>Vi\u0161enamjenska mast za zrakoplove<br \/>\nPobolj\u0161ana svojstva protiv tro\u0161enja<br \/>\nSlu\u017ei kao mast za podmazivanje ve\u0107ine  dijelova zrakoplova<\/p>\n","protected":false},"featured_media":40833,"template":"","meta":{"_seopress_robots_primary_cat":"","_seopress_titles_title":"","_seopress_titles_desc":"","_seopress_robots_index":"","iawp_total_views":0},"product_brand":[482],"product_cat":[221,263],"product_tag":[],"class_list":{"0":"post-40832","1":"product","2":"type-product","3":"status-publish","4":"has-post-thumbnail","6":"product_brand-aeroshell","7":"product_cat-igracke","8":"product_cat-tematske-igracke-221","10":"first","11":"outofstock","12":"shipping-taxable","13":"purchasable","14":"product-type-simple"},"_links":{"self":[{"href":"https:\/\/singuli.wpress.me\/index.php\/wp-json\/wp\/v2\/product\/40832","targetHints":{"allow":["GET"]}}],"collection":[{"href":"https:\/\/singuli.wpress.me\/index.php\/wp-json\/wp\/v2\/product"}],"about":[{"href":"https:\/\/singuli.wpress.me\/index.php\/wp-json\/wp\/v2\/types\/product"}],"version-history":[{"count":0,"href":"https:\/\/singuli.wpress.me\/index.php\/wp-json\/wp\/v2\/product\/40832\/revisions"}],"wp:featuredmedia":[{"embeddable":true,"href":"https:\/\/singuli.wpress.me\/index.php\/wp-json\/wp\/v2\/media\/40833"}],"wp:attachment":[{"href":"https:\/\/singuli.wpress.me\/index.php\/wp-json\/wp\/v2\/media?parent=40832"}],"wp:term":[{"taxonomy":"product_brand","embeddable":true,"href":"https:\/\/singuli.wpress.me\/index.php\/wp-json\/wp\/v2\/product_brand?post=40832"},{"taxonomy":"product_cat","embeddable":true,"href":"https:\/\/singuli.wpress.me\/index.php\/wp-json\/wp\/v2\/product_cat?post=40832"},{"taxonomy":"product_tag","embeddable":true,"href":"https:\/\/singuli.wpress.me\/index.php\/wp-json\/wp\/v2\/product_tag?post=40832"}],"curies":[{"name":"wp","href":"https:\/\/api.w.org\/{rel}","templated":true}]}}