{"id":40859,"date":"2026-04-19T15:18:10","date_gmt":"2026-04-19T15:18:10","guid":{"rendered":"https:\/\/singuli.wpress.me\/index.php\/proizvod\/aeroshell-gr-6-mast-1x3kg-3-kg\/"},"modified":"2026-04-20T12:33:33","modified_gmt":"2026-04-20T12:33:33","slug":"aeroshell-gr-6-mast-1x3kg-3-kg","status":"publish","type":"product","link":"https:\/\/singuli.wpress.me\/index.php\/proizvod\/aeroshell-gr-6-mast-1x3kg-3-kg\/","title":{"rendered":"AEROSHELL GR.6, mast, 1x3kg, 3\u00a0kg"},"content":{"rendered":"<p>AeroShell Grease 6 je mast op\u0107e namjene sastavljena od mineralnog ulja ugu\u0161\u0107enog Microgelom\uf0d2 i osigurava izuzetan u\u010dinak podmazivanja u predvi\u0111enim podru\u010djima primjene. Sadr\u017ei inhibitore oksidacije i korozije i otporna je na ispiranje vodom a ujedno je \u201clow-noise\u201d, mast koja osigurava be\u0161umni rad le\u017eajeva. Raspon radnih temperatura masti je od \u201340 \u00b0C do +121 \u00b0C.   <br \/>\n<span style=\"font-weight: bold\"><br \/>\nSpecifikacija:<\/span> DEF STAN 91-98, francuska: ekvivalent AIR 3517A, ruska: analogno TU 38.1011722-85 Gradacija MN-7.5u, NATO Code 0-149 (ekvivalent 0-159), Joint Service Designation OX-38. Za kori\u0161tenje u razli\u010ditim modelima motora molim vas pogledajte Tehni\u010dki list proizvoda.<\/p>\n","protected":false},"excerpt":{"rendered":"<p>Vi\u0161enamjenska mast za zrakoplove<br \/>\nVodootporna<br \/>\nKoristi se za za podmazivanje antifrikcijskih le\u017eajeva, zup\u010dastih prijenosa i kliznih le\u017eajeva<\/p>\n","protected":false},"featured_media":40860,"template":"","meta":{"_seopress_robots_primary_cat":"","_seopress_titles_title":"","_seopress_titles_desc":"","_seopress_robots_index":"","iawp_total_views":0},"product_brand":[482],"product_cat":[221,263],"product_tag":[],"class_list":{"0":"post-40859","1":"product","2":"type-product","3":"status-publish","4":"has-post-thumbnail","6":"product_brand-aeroshell","7":"product_cat-igracke","8":"product_cat-tematske-igracke-221","10":"first","11":"outofstock","12":"shipping-taxable","13":"purchasable","14":"product-type-simple"},"_links":{"self":[{"href":"https:\/\/singuli.wpress.me\/index.php\/wp-json\/wp\/v2\/product\/40859","targetHints":{"allow":["GET"]}}],"collection":[{"href":"https:\/\/singuli.wpress.me\/index.php\/wp-json\/wp\/v2\/product"}],"about":[{"href":"https:\/\/singuli.wpress.me\/index.php\/wp-json\/wp\/v2\/types\/product"}],"version-history":[{"count":0,"href":"https:\/\/singuli.wpress.me\/index.php\/wp-json\/wp\/v2\/product\/40859\/revisions"}],"wp:featuredmedia":[{"embeddable":true,"href":"https:\/\/singuli.wpress.me\/index.php\/wp-json\/wp\/v2\/media\/40860"}],"wp:attachment":[{"href":"https:\/\/singuli.wpress.me\/index.php\/wp-json\/wp\/v2\/media?parent=40859"}],"wp:term":[{"taxonomy":"product_brand","embeddable":true,"href":"https:\/\/singuli.wpress.me\/index.php\/wp-json\/wp\/v2\/product_brand?post=40859"},{"taxonomy":"product_cat","embeddable":true,"href":"https:\/\/singuli.wpress.me\/index.php\/wp-json\/wp\/v2\/product_cat?post=40859"},{"taxonomy":"product_tag","embeddable":true,"href":"https:\/\/singuli.wpress.me\/index.php\/wp-json\/wp\/v2\/product_tag?post=40859"}],"curies":[{"name":"wp","href":"https:\/\/api.w.org\/{rel}","templated":true}]}}