{"id":40864,"date":"2026-04-19T15:18:11","date_gmt":"2026-04-19T15:18:11","guid":{"rendered":"https:\/\/singuli.wpress.me\/index.php\/proizvod\/eti-crax-stapici-sezam-20x110g\/"},"modified":"2026-04-20T12:33:33","modified_gmt":"2026-04-20T12:33:33","slug":"eti-crax-stapici-sezam-20x110g","status":"publish","type":"product","link":"https:\/\/singuli.wpress.me\/index.php\/proizvod\/eti-crax-stapici-sezam-20x110g\/","title":{"rendered":"ETI Crax, \u0161tapi\u0107i, sezam, 20x110g"},"content":{"rendered":"<p>Hrskavi \u0161tapi\u0107i s okusom sezama. <\/p>\n<p>Hrskavi krekeri s velikom raznoliko\u0161\u0107u okusa i mje\u0161avinom sastojaka, koje je zabavno trgati, \u0161to dovodi do veselog iskustva jedenja. <\/p>\n<p>Dolaze\u0107i u raznim oblicima, teksturama i okusima, Crax je va\u0161 savr\u0161eni suputnik za zabavne trenutke.<\/p>\n<p>Dostupni u \u201cto-go\u201d pakiranju.<\/p>\n","protected":false},"excerpt":{"rendered":"<p>Hrskavi \u0161tapi\u0107i s okusom sezama<br \/>\nRazni okusi i mje\u0161avina sastojaka<br \/>\nDostupno &#8220;to-go&#8221; pakiranje<\/p>\n","protected":false},"featured_media":40865,"template":"","meta":{"_seopress_robots_primary_cat":"","_seopress_titles_title":"","_seopress_titles_desc":"","_seopress_robots_index":"","iawp_total_views":0},"product_brand":[499],"product_cat":[261,277],"product_tag":[],"class_list":{"0":"post-40864","1":"product","2":"type-product","3":"status-publish","4":"has-post-thumbnail","6":"product_brand-eti","7":"product_cat-hrana-i-pice","8":"product_cat-slatkisi-i-grickalice-261","10":"first","11":"outofstock","12":"shipping-taxable","13":"purchasable","14":"product-type-simple"},"_links":{"self":[{"href":"https:\/\/singuli.wpress.me\/index.php\/wp-json\/wp\/v2\/product\/40864","targetHints":{"allow":["GET"]}}],"collection":[{"href":"https:\/\/singuli.wpress.me\/index.php\/wp-json\/wp\/v2\/product"}],"about":[{"href":"https:\/\/singuli.wpress.me\/index.php\/wp-json\/wp\/v2\/types\/product"}],"version-history":[{"count":0,"href":"https:\/\/singuli.wpress.me\/index.php\/wp-json\/wp\/v2\/product\/40864\/revisions"}],"wp:featuredmedia":[{"embeddable":true,"href":"https:\/\/singuli.wpress.me\/index.php\/wp-json\/wp\/v2\/media\/40865"}],"wp:attachment":[{"href":"https:\/\/singuli.wpress.me\/index.php\/wp-json\/wp\/v2\/media?parent=40864"}],"wp:term":[{"taxonomy":"product_brand","embeddable":true,"href":"https:\/\/singuli.wpress.me\/index.php\/wp-json\/wp\/v2\/product_brand?post=40864"},{"taxonomy":"product_cat","embeddable":true,"href":"https:\/\/singuli.wpress.me\/index.php\/wp-json\/wp\/v2\/product_cat?post=40864"},{"taxonomy":"product_tag","embeddable":true,"href":"https:\/\/singuli.wpress.me\/index.php\/wp-json\/wp\/v2\/product_tag?post=40864"}],"curies":[{"name":"wp","href":"https:\/\/api.w.org\/{rel}","templated":true}]}}