{"id":40868,"date":"2026-04-19T15:18:12","date_gmt":"2026-04-19T15:18:12","guid":{"rendered":"https:\/\/singuli.wpress.me\/index.php\/proizvod\/morlina-s4-b-320-ulje-za-lezajeve-i-cirkulacijsko-ulje-20-l\/"},"modified":"2026-04-20T12:33:33","modified_gmt":"2026-04-20T12:33:33","slug":"morlina-s4-b-320-ulje-za-lezajeve-i-cirkulacijsko-ulje-20-l","status":"publish","type":"product","link":"https:\/\/singuli.wpress.me\/index.php\/proizvod\/morlina-s4-b-320-ulje-za-lezajeve-i-cirkulacijsko-ulje-20-l\/","title":{"rendered":"MORLINA S4 B 320, ulje za le\u017eajeve i cirkulacijsko ulje, 20\u00a0l"},"content":{"rendered":"<p>Visoko kvalitetna sinteti\u010dna le\u017eajna i cirkulacijska ulja za pru\u017eanje izvrsnih performansi podmazivanja pri te\u0161kim uvjetima rada, uklju\u010duju\u0107i pobolj\u0161anu energetsku u\u010dinkovitost i produljeni vijek trajanja. Sastavljena su od visoko stabilnih sinteti\u010dkih ulja i provjerenih aditiva za za\u0161titu od korozije i oksidacije kako bi pru\u017eili  bolju za\u0161titu u usporebi s konvencionalnim uljma. Otkljanjaju formiranje \u0161tetnih proizvoda oksidacije na visokim temperaturama, kako bi se odr\u017eala dobra \u010disto\u0107a sustava, a time i pouzdanost opreme.<\/p>\n<p><span style=\"font-weight: bold\">Specifikacija:<\/span> Alfa Laval Grupa D primjene na reduktorima, Aerzen Maschinenfabrik Gmbh primjene na puhalima, Baltimore Aircoil reduktori, Cincinnati Machine razne P primjene, David Brown primjene na H stolovima, Emerson Power Transmission, GEA Westfalia Separator Gmbh, Renold Gears, Sharpe E-serija pu\u017eni reduktori, Winsmith pu\u017eni reduktor, ISO 12925-1 Tip CKS specifikacija.<\/p>\n","protected":false},"excerpt":{"rendered":"<p>Ulje za le\u017eajeve i cirkulacijsko ulje<br \/>\nIzvrsno podmazivanje i pri te\u0161kim uvjetima rada<br \/>\nOdr\u017eavaju dobru \u010disto\u0107u sustava<\/p>\n","protected":false},"featured_media":40869,"template":"","meta":{"_seopress_robots_primary_cat":"","_seopress_titles_title":"","_seopress_titles_desc":"","_seopress_robots_index":"","iawp_total_views":0},"product_brand":[755],"product_cat":[243,276],"product_tag":[],"class_list":{"0":"post-40868","1":"product","2":"type-product","3":"status-publish","4":"has-post-thumbnail","6":"product_brand-morlina","7":"product_cat-automobili-i-motori","8":"product_cat-industrijska-i-specijalna-ulja-243","10":"first","11":"outofstock","12":"shipping-taxable","13":"purchasable","14":"product-type-simple"},"_links":{"self":[{"href":"https:\/\/singuli.wpress.me\/index.php\/wp-json\/wp\/v2\/product\/40868","targetHints":{"allow":["GET"]}}],"collection":[{"href":"https:\/\/singuli.wpress.me\/index.php\/wp-json\/wp\/v2\/product"}],"about":[{"href":"https:\/\/singuli.wpress.me\/index.php\/wp-json\/wp\/v2\/types\/product"}],"version-history":[{"count":0,"href":"https:\/\/singuli.wpress.me\/index.php\/wp-json\/wp\/v2\/product\/40868\/revisions"}],"wp:featuredmedia":[{"embeddable":true,"href":"https:\/\/singuli.wpress.me\/index.php\/wp-json\/wp\/v2\/media\/40869"}],"wp:attachment":[{"href":"https:\/\/singuli.wpress.me\/index.php\/wp-json\/wp\/v2\/media?parent=40868"}],"wp:term":[{"taxonomy":"product_brand","embeddable":true,"href":"https:\/\/singuli.wpress.me\/index.php\/wp-json\/wp\/v2\/product_brand?post=40868"},{"taxonomy":"product_cat","embeddable":true,"href":"https:\/\/singuli.wpress.me\/index.php\/wp-json\/wp\/v2\/product_cat?post=40868"},{"taxonomy":"product_tag","embeddable":true,"href":"https:\/\/singuli.wpress.me\/index.php\/wp-json\/wp\/v2\/product_tag?post=40868"}],"curies":[{"name":"wp","href":"https:\/\/api.w.org\/{rel}","templated":true}]}}