{"id":40881,"date":"2026-04-19T15:18:17","date_gmt":"2026-04-19T15:18:17","guid":{"rendered":"https:\/\/singuli.wpress.me\/index.php\/proizvod\/oral-b-pulsonic-clean-luxe-4500-elektricna-cetkica-za-zube-platinum\/"},"modified":"2026-04-20T12:33:33","modified_gmt":"2026-04-20T12:33:33","slug":"oral-b-pulsonic-clean-luxe-4500-elektricna-cetkica-za-zube-platinum","status":"publish","type":"product","link":"https:\/\/singuli.wpress.me\/index.php\/proizvod\/oral-b-pulsonic-clean-luxe-4500-elektricna-cetkica-za-zube-platinum\/","title":{"rendered":"ORAL-B Pulsonic Clean Luxe 4500 , elektri\u010dna \u010detkica za zube, platinum"},"content":{"rendered":"<p>Oral-B Pulsonic Slim Luxe osigurava zdravije desni u roku od 4 tjedna.<\/p>\n<p>Zahvaljuju\u0107i ultratankoj, superlaganoj dr\u0161ci zubna \u010detkica posebno dobro le\u017ei u ruci i stoga je prikladna za upotrebu i kod ku\u0107e i na putovanju.<\/p>\n<p>Izdu\u017eena glava \u010detkice vibrira primjenjuju\u0107i nje\u017enu soni\u010dnu tehnologiju i uz pomo\u0107 31.000 vibracija u minuti nje\u017eno uklanja povr\u0161inske mrlje.<\/p>\n<p>Profesionalni mjera\u010d vremena podsje\u0107a vas da perete zube 2 minute, u skladu s preporukama stomatologa.<\/p>\n<p>Za \u010di\u0161\u0107i, zdraviji osmijeh i prirodno izbjeljivanje. Za zdravije desni u roku od 4 tjedna. Vrhunski uklanja zubne naslage u usporedbi s obi\u010dnom klasi\u010dnom zubnom \u010detkicom. Dodatna za\u0161tita desni zahvaljuju\u0107i vibriraju\u0107im, zaobljenim vlaknima.<\/p>\n","protected":false},"excerpt":{"rendered":"<p>Osigurava zdravije desni u roku od 4 tjedna<br \/>\nBaterija traje do 2 tjedna s jednim punjenjem<br \/>\n3 na\u010dina rada<\/p>\n","protected":false},"featured_media":0,"template":"","meta":{"_seopress_robots_primary_cat":"","_seopress_titles_title":"","_seopress_titles_desc":"","_seopress_robots_index":"","iawp_total_views":0},"product_brand":[423],"product_cat":[293,192,292],"product_tag":[],"class_list":{"0":"post-40881","1":"product","2":"type-product","3":"status-publish","5":"product_brand-oral-b-2","6":"product_cat-aparati-za-djecu-i-odrasle-292","7":"product_cat-aparati-za-osobnu-njegu","8":"product_cat-oralna-higijena-uredaji-192","10":"first","11":"outofstock","12":"shipping-taxable","13":"purchasable","14":"product-type-simple"},"_links":{"self":[{"href":"https:\/\/singuli.wpress.me\/index.php\/wp-json\/wp\/v2\/product\/40881","targetHints":{"allow":["GET"]}}],"collection":[{"href":"https:\/\/singuli.wpress.me\/index.php\/wp-json\/wp\/v2\/product"}],"about":[{"href":"https:\/\/singuli.wpress.me\/index.php\/wp-json\/wp\/v2\/types\/product"}],"version-history":[{"count":0,"href":"https:\/\/singuli.wpress.me\/index.php\/wp-json\/wp\/v2\/product\/40881\/revisions"}],"wp:attachment":[{"href":"https:\/\/singuli.wpress.me\/index.php\/wp-json\/wp\/v2\/media?parent=40881"}],"wp:term":[{"taxonomy":"product_brand","embeddable":true,"href":"https:\/\/singuli.wpress.me\/index.php\/wp-json\/wp\/v2\/product_brand?post=40881"},{"taxonomy":"product_cat","embeddable":true,"href":"https:\/\/singuli.wpress.me\/index.php\/wp-json\/wp\/v2\/product_cat?post=40881"},{"taxonomy":"product_tag","embeddable":true,"href":"https:\/\/singuli.wpress.me\/index.php\/wp-json\/wp\/v2\/product_tag?post=40881"}],"curies":[{"name":"wp","href":"https:\/\/api.w.org\/{rel}","templated":true}]}}