{"id":40885,"date":"2026-04-19T15:18:19","date_gmt":"2026-04-19T15:18:19","guid":{"rendered":"https:\/\/singuli.wpress.me\/index.php\/proizvod\/medex-gelee-royale-super-ampule-1000-mg-vitamin-d-16-bocicax9ml\/"},"modified":"2026-04-20T12:33:33","modified_gmt":"2026-04-20T12:33:33","slug":"medex-gelee-royale-super-ampule-1000-mg-vitamin-d-16-bocicax9ml","status":"publish","type":"product","link":"https:\/\/singuli.wpress.me\/index.php\/proizvod\/medex-gelee-royale-super-ampule-1000-mg-vitamin-d-16-bocicax9ml\/","title":{"rendered":"MEDEX Gel\u00e9e royale super, ampule, 1000 mg + Vitamin D, 16 bo\u010dicax9ml"},"content":{"rendered":"<p>Gel\u00e9e royale super sada jo\u0161 ja\u010di! Gel\u00e9e royale super je osmi\u0161ljen za sve koji \u017eele da njihovo tijelo lak\u0161e prati brzi tempo \u017eivota. Gel\u00e9e royale super u prakti\u010dnim bo\u010dicama \u010duva kompleksni prirodni sastav mati\u010dne mlije\u010di i jednostavan je za uzimanje. Jedna bo\u010dica sadr\u017ei 1000 mg mati\u010dne mlije\u010di s dodanim vitaminom D. Vitamin D doprinosi normalnoj funkciji imunolo\u0161kog sustava, a zovu ga i \u00bbvitamin sunca\u00ab. To je jedan od rijetkih vitamina koje na\u0161e tijelo mo\u017ee proizvoditi samo, \u0161to nije slu\u010daj u jesensko-zimskim mjesecima kada smo mnogo manje izlo\u017eeni sun\u010devim zrakama. Zato je preporu\u010dljivo da ga tada u svoje tijelo unosite odgovaraju\u0107om prehranom ili u obliku dodataka. Vitamin D je klju\u010dan tijekom cijeloga \u017eivota i stru\u010dnjaci upozoravaju kako smo premalo svjesni va\u017enosti vitamina D, a njegov je nedostatak u tijelu pojedinaca sve ra\u0161ireniji. Proizvodom Gel\u00e9e royale super va\u0161a \u0107e prehrana biti kvalitetnija, a svakodnevni izazovi lak\u0161i. Zato ga po\u010dnite uzimati ve\u0107 danas i pobrinite se za prirodnu za\u0161titu svog imunolo\u0161kog sustava i dobrobiti organizma.<\/p>\n<p>Mati\u010dna mlije\u010d ili gel\u00e9e royale najdragocjeniji je dar p\u010delinje ko\u0161nice. Proizvode je mlade p\u010dele hraniteljice u dobi od 5 do 12 dana i njome \u010ditav \u017eivot hrane p\u010delinju kraljicu \u2013 maticu, koja se brine za pre\u017eivljavanje vrste. Matica je genetski posve jednaka drugim p\u010delama, ali je zbog hranjenja samo mati\u010dnom mlije\u010di gotovo dva puta ve\u0107a od p\u010dela radilica, pre\u017eivi \u010dak 15 rodova p\u010dela i u ko\u0161nici je jedina spolno razvijena. Smatra se najplodnijim bi\u0107em na planetu jer na dan izle\u017ee i do 3000 jaja\u0161aca, \u010dija ukupna masa prelazi njezinu vlastitu. U starom su Egiptu mati\u010dnu mlije\u010d koristili jo\u0161 faraoni koji su je nazivali \u00bbhranom za bogove\u00ab, a danas znamo da se njezina izuzetnost temelji na sadr\u017eaju jedinstvene nezasi\u0107ene masne kiseline 10 HDA (10-hidroksi-2-decenska kiselina) koja se u prirodi nigdje drugdje ne mo\u017ee na\u0107i. Sadr\u017eaj 10 HDA va\u017eno je mjerilo kvalitete mati\u010dne mlije\u010di, stoga smo u Medexu njezinu vrijednosti u proizvodima standardizirali i tako osigurali njihovu stalnu kvalitetu.<\/p>\n<p>Bo\u010dice \u010duvaju i osiguravaju kvalitetu proizvoda. Za neposrednu i jednostavnu uporabu.<\/p>\n<p>U jednoj bo\u010dici: 1000 mg mati\u010dne mlije\u010di, 15 \u03bcg (300 % PU*) vitamina D *PU = preporu\u010deni dnevni unos<\/p>\n<p><span style=\"font-weight: bold\">Na\u010din primjene<\/span>: Preporu\u010dena dnevna doza jest sadr\u017eaj jedne bo\u010dice. Popijte je prije doru\u010dka, samostalno ili razrije\u0111enu vodom. Preporu\u010duje se najmanje 90-dnevno uzimanje i nakon dvotjedne pauze ponovno uzimanje. Blago ljuti okus i talog na dnu bo\u010dice posljedica su prirodnih svojstava sastojaka. Prije uporabe promu\u0107kati!<\/p>\n","protected":false},"excerpt":{"rendered":"<p>Preporu\u010duje se tinejd\u017eerima i odraslima s aktivnim stilom \u017eivota<br \/>\n1 bo\u010dica sadr\u017ei 1000 mg svje\u017ee mati\u010dne mlije\u010di i vitamin D<br \/>\nStandardiziran sadr\u017eaj nezasi\u0107enih masnih kiselina 10 HDA u mati\u010dnoj mlije\u010di<\/p>\n","protected":false},"featured_media":0,"template":"","meta":{"_seopress_robots_primary_cat":"","_seopress_titles_title":"","_seopress_titles_desc":"","_seopress_robots_index":"","iawp_total_views":0},"product_brand":[415],"product_cat":[268,269],"product_tag":[],"class_list":{"0":"post-40885","1":"product","2":"type-product","3":"status-publish","5":"product_brand-medex","6":"product_cat-kozmetika-2","7":"product_cat-zastita-koze-268","9":"first","10":"instock","11":"shipping-taxable","12":"purchasable","13":"product-type-simple"},"_links":{"self":[{"href":"https:\/\/singuli.wpress.me\/index.php\/wp-json\/wp\/v2\/product\/40885","targetHints":{"allow":["GET"]}}],"collection":[{"href":"https:\/\/singuli.wpress.me\/index.php\/wp-json\/wp\/v2\/product"}],"about":[{"href":"https:\/\/singuli.wpress.me\/index.php\/wp-json\/wp\/v2\/types\/product"}],"version-history":[{"count":0,"href":"https:\/\/singuli.wpress.me\/index.php\/wp-json\/wp\/v2\/product\/40885\/revisions"}],"wp:attachment":[{"href":"https:\/\/singuli.wpress.me\/index.php\/wp-json\/wp\/v2\/media?parent=40885"}],"wp:term":[{"taxonomy":"product_brand","embeddable":true,"href":"https:\/\/singuli.wpress.me\/index.php\/wp-json\/wp\/v2\/product_brand?post=40885"},{"taxonomy":"product_cat","embeddable":true,"href":"https:\/\/singuli.wpress.me\/index.php\/wp-json\/wp\/v2\/product_cat?post=40885"},{"taxonomy":"product_tag","embeddable":true,"href":"https:\/\/singuli.wpress.me\/index.php\/wp-json\/wp\/v2\/product_tag?post=40885"}],"curies":[{"name":"wp","href":"https:\/\/api.w.org\/{rel}","templated":true}]}}