{"id":40887,"date":"2026-04-19T15:18:20","date_gmt":"2026-04-19T15:18:20","guid":{"rendered":"https:\/\/singuli.wpress.me\/index.php\/proizvod\/old-spice-original-gel-za-tusiranje-400-ml\/"},"modified":"2026-04-20T12:33:33","modified_gmt":"2026-04-20T12:33:33","slug":"old-spice-original-gel-za-tusiranje-400-ml","status":"publish","type":"product","link":"https:\/\/singuli.wpress.me\/index.php\/proizvod\/old-spice-original-gel-za-tusiranje-400-ml\/","title":{"rendered":"OLD SPICE Original, gel za tu\u0161iranje, 400\u00a0ml"},"content":{"rendered":"<p>Da ga tvoj djed nije koristio, ti ne bi ni postojao. Old Spice Original ve\u0107 je desetlje\u0107ima prepoznatljiv miris iskusnog mu\u0161karca. Kako dobro mirisati? Vjeruj instinktu svog djeda. <\/p>\n<p>Odaberi gel za tu\u0161iranje Old Spice. Odaberi miris mu\u017eevnosti.<\/p>\n","protected":false},"excerpt":{"rendered":"<p>Mo\u0107an mu\u017eevan miris<br \/>\nHidratantna formula<br \/>\nOsvje\u017eavaju\u0107a pjena<\/p>\n","protected":false},"featured_media":0,"template":"","meta":{"_seopress_robots_primary_cat":"","_seopress_titles_title":"","_seopress_titles_desc":"","_seopress_robots_index":"","iawp_total_views":0},"product_brand":[448],"product_cat":[268,278],"product_tag":[],"class_list":{"0":"post-40887","1":"product","2":"type-product","3":"status-publish","5":"product_brand-old-spice","6":"product_cat-kozmetika-2","7":"product_cat-njega-tijela-268","9":"first","10":"instock","11":"shipping-taxable","12":"purchasable","13":"product-type-simple"},"_links":{"self":[{"href":"https:\/\/singuli.wpress.me\/index.php\/wp-json\/wp\/v2\/product\/40887","targetHints":{"allow":["GET"]}}],"collection":[{"href":"https:\/\/singuli.wpress.me\/index.php\/wp-json\/wp\/v2\/product"}],"about":[{"href":"https:\/\/singuli.wpress.me\/index.php\/wp-json\/wp\/v2\/types\/product"}],"version-history":[{"count":0,"href":"https:\/\/singuli.wpress.me\/index.php\/wp-json\/wp\/v2\/product\/40887\/revisions"}],"wp:attachment":[{"href":"https:\/\/singuli.wpress.me\/index.php\/wp-json\/wp\/v2\/media?parent=40887"}],"wp:term":[{"taxonomy":"product_brand","embeddable":true,"href":"https:\/\/singuli.wpress.me\/index.php\/wp-json\/wp\/v2\/product_brand?post=40887"},{"taxonomy":"product_cat","embeddable":true,"href":"https:\/\/singuli.wpress.me\/index.php\/wp-json\/wp\/v2\/product_cat?post=40887"},{"taxonomy":"product_tag","embeddable":true,"href":"https:\/\/singuli.wpress.me\/index.php\/wp-json\/wp\/v2\/product_tag?post=40887"}],"curies":[{"name":"wp","href":"https:\/\/api.w.org\/{rel}","templated":true}]}}