{"id":40888,"date":"2026-04-19T15:18:20","date_gmt":"2026-04-19T15:18:20","guid":{"rendered":"https:\/\/singuli.wpress.me\/index.php\/proizvod\/shell-screenwash-winter-essential-tekucina-za-pranje-stakla-4x4l-16-l\/"},"modified":"2026-04-20T12:33:33","modified_gmt":"2026-04-20T12:33:33","slug":"shell-screenwash-winter-essential-tekucina-za-pranje-stakla-4x4l-16-l","status":"publish","type":"product","link":"https:\/\/singuli.wpress.me\/index.php\/proizvod\/shell-screenwash-winter-essential-tekucina-za-pranje-stakla-4x4l-16-l\/","title":{"rendered":"SHELL Screenwash winter essential , teku\u0107ina za pranje stakla, 4x4l, 16\u00a0l"},"content":{"rendered":"<p>Zimska teku\u0107ina za pranje automobilskih <br \/>\nstakala vrhunske kvalitete. Jaka svojstva pranja, bez metanola, sprje\u010dava ponovno smrzavanje. U\u010dinkovito i brzo uklanja prljav\u0161tinu, prometni film, sol i masnu prljav\u0161tinu. <\/p>\n","protected":false},"excerpt":{"rendered":"<p>Zimska teku\u0107ina za pranje automobilskih stakala<br \/>\nU\u010dinkovito i brzo uklanja prljav\u0161tinu, prometni film, sol i  masnu prljav\u0161tinu<br \/>\nSprje\u010dava ponovno smrzavanje<\/p>\n","protected":false},"featured_media":0,"template":"","meta":{"_seopress_robots_primary_cat":"","_seopress_titles_title":"","_seopress_titles_desc":"","_seopress_robots_index":"","iawp_total_views":0},"product_brand":[326],"product_cat":[243,273],"product_tag":[],"class_list":{"0":"post-40888","1":"product","2":"type-product","3":"status-publish","5":"product_brand-shell","6":"product_cat-automobili-i-motori","7":"product_cat-njega-vozila-243","9":"first","10":"instock","11":"shipping-taxable","12":"purchasable","13":"product-type-simple"},"_links":{"self":[{"href":"https:\/\/singuli.wpress.me\/index.php\/wp-json\/wp\/v2\/product\/40888","targetHints":{"allow":["GET"]}}],"collection":[{"href":"https:\/\/singuli.wpress.me\/index.php\/wp-json\/wp\/v2\/product"}],"about":[{"href":"https:\/\/singuli.wpress.me\/index.php\/wp-json\/wp\/v2\/types\/product"}],"version-history":[{"count":0,"href":"https:\/\/singuli.wpress.me\/index.php\/wp-json\/wp\/v2\/product\/40888\/revisions"}],"wp:attachment":[{"href":"https:\/\/singuli.wpress.me\/index.php\/wp-json\/wp\/v2\/media?parent=40888"}],"wp:term":[{"taxonomy":"product_brand","embeddable":true,"href":"https:\/\/singuli.wpress.me\/index.php\/wp-json\/wp\/v2\/product_brand?post=40888"},{"taxonomy":"product_cat","embeddable":true,"href":"https:\/\/singuli.wpress.me\/index.php\/wp-json\/wp\/v2\/product_cat?post=40888"},{"taxonomy":"product_tag","embeddable":true,"href":"https:\/\/singuli.wpress.me\/index.php\/wp-json\/wp\/v2\/product_tag?post=40888"}],"curies":[{"name":"wp","href":"https:\/\/api.w.org\/{rel}","templated":true}]}}