{"id":40891,"date":"2026-04-19T15:18:21","date_gmt":"2026-04-19T15:18:21","guid":{"rendered":"https:\/\/singuli.wpress.me\/index.php\/proizvod\/bear-fruits-maska-za-kosu-grapefruit-20-ml\/"},"modified":"2026-04-20T12:33:33","modified_gmt":"2026-04-20T12:33:33","slug":"bear-fruits-maska-za-kosu-grapefruit-20-ml","status":"publish","type":"product","link":"https:\/\/singuli.wpress.me\/index.php\/proizvod\/bear-fruits-maska-za-kosu-grapefruit-20-ml\/","title":{"rendered":"BEAR FRUITS, maska za kosu, grapefruit, 20\u00a0ml"},"content":{"rendered":"<p>Maska za kosu Bear Fruits + kapica s grejpom sadr\u017ei sna\u017enu kombinaciju antioksidansa kako bi va\u0161a kosa izgledala zdravije, a uvojci poskakivali pri svakom koraku. <\/p>\n<p>Stavite kapicu, nasmije\u0161ite se i pri\u010dekajte da maska za dubinsku obnovu kose odradi svoje! <\/p>\n<p>Maska za kosu Bear Fruits nadahnuta je korejskom kozmetikom. Ba\u0161 kao maska za lice, ali za kosu.<\/p>\n","protected":false},"excerpt":{"rendered":"<p>Intenzivan balzam<br \/>\nEkstrakt grejpa sadr\u017ei sna\u017enu kombinaciju antioksidansa<br \/>\nZa tretmane kose koji traju do 30 minuta<\/p>\n","protected":false},"featured_media":0,"template":"","meta":{"_seopress_robots_primary_cat":"","_seopress_titles_title":"","_seopress_titles_desc":"","_seopress_robots_index":"","iawp_total_views":0},"product_brand":[836],"product_cat":[268,300],"product_tag":[],"class_list":{"0":"post-40891","1":"product","2":"type-product","3":"status-publish","5":"product_brand-bear-fruits","6":"product_cat-kozmetika-2","7":"product_cat-njega-kose-268","9":"first","10":"outofstock","11":"shipping-taxable","12":"purchasable","13":"product-type-simple"},"_links":{"self":[{"href":"https:\/\/singuli.wpress.me\/index.php\/wp-json\/wp\/v2\/product\/40891","targetHints":{"allow":["GET"]}}],"collection":[{"href":"https:\/\/singuli.wpress.me\/index.php\/wp-json\/wp\/v2\/product"}],"about":[{"href":"https:\/\/singuli.wpress.me\/index.php\/wp-json\/wp\/v2\/types\/product"}],"version-history":[{"count":0,"href":"https:\/\/singuli.wpress.me\/index.php\/wp-json\/wp\/v2\/product\/40891\/revisions"}],"wp:attachment":[{"href":"https:\/\/singuli.wpress.me\/index.php\/wp-json\/wp\/v2\/media?parent=40891"}],"wp:term":[{"taxonomy":"product_brand","embeddable":true,"href":"https:\/\/singuli.wpress.me\/index.php\/wp-json\/wp\/v2\/product_brand?post=40891"},{"taxonomy":"product_cat","embeddable":true,"href":"https:\/\/singuli.wpress.me\/index.php\/wp-json\/wp\/v2\/product_cat?post=40891"},{"taxonomy":"product_tag","embeddable":true,"href":"https:\/\/singuli.wpress.me\/index.php\/wp-json\/wp\/v2\/product_tag?post=40891"}],"curies":[{"name":"wp","href":"https:\/\/api.w.org\/{rel}","templated":true}]}}