{"id":40898,"date":"2026-04-19T15:18:24","date_gmt":"2026-04-19T15:18:24","guid":{"rendered":"https:\/\/singuli.wpress.me\/index.php\/proizvod\/cocomelon-igracka-skola-crtanja\/"},"modified":"2026-04-20T12:33:33","modified_gmt":"2026-04-20T12:33:33","slug":"cocomelon-igracka-skola-crtanja","status":"publish","type":"product","link":"https:\/\/singuli.wpress.me\/index.php\/proizvod\/cocomelon-igracka-skola-crtanja\/","title":{"rendered":"COCOMELON, igra\u010dka, \u0161kola crtanja"},"content":{"rendered":"<p>Nau\u010di crtati Cocomelon uz ovaj zabavni i kreativni set.<\/p>\n<p>Sve je lako zahvaljuju\u0107i knji\u017eici koja sadr\u017ei puno crte\u017ea prema te\u017eini, te 4 plo\u010de koje se lako bri\u0161u.<\/p>\n<p>Mo\u017ee\u0161 stalno crtati!<\/p>\n<p>Dodatno mo\u017ee\u0161 obojati knji\u017eicu s uputama uz pomo\u0107 flomastera u pakiranju.<\/p>\n<p>SADR\u017dAJ: 4 plo\u010de, upute, 4 flomastera, marker za brisanje<\/p>\n<p>Preporu\u010dena dob: 3+<\/p>\n","protected":false},"excerpt":{"rendered":"<p>Sadr\u017ei vi\u0161e komponenti<br \/>\nKreativan set<br \/>\nDob: 3+ god<\/p>\n","protected":false},"featured_media":0,"template":"","meta":{"_seopress_robots_primary_cat":"","_seopress_titles_title":"","_seopress_titles_desc":"","_seopress_robots_index":"","iawp_total_views":0},"product_brand":[848],"product_cat":[290,221],"product_tag":[],"class_list":{"0":"post-40898","1":"product","2":"type-product","3":"status-publish","5":"product_brand-cocomelon","6":"product_cat-drustvene-igre-221","7":"product_cat-igracke","9":"first","10":"outofstock","11":"shipping-taxable","12":"purchasable","13":"product-type-simple"},"_links":{"self":[{"href":"https:\/\/singuli.wpress.me\/index.php\/wp-json\/wp\/v2\/product\/40898","targetHints":{"allow":["GET"]}}],"collection":[{"href":"https:\/\/singuli.wpress.me\/index.php\/wp-json\/wp\/v2\/product"}],"about":[{"href":"https:\/\/singuli.wpress.me\/index.php\/wp-json\/wp\/v2\/types\/product"}],"version-history":[{"count":0,"href":"https:\/\/singuli.wpress.me\/index.php\/wp-json\/wp\/v2\/product\/40898\/revisions"}],"wp:attachment":[{"href":"https:\/\/singuli.wpress.me\/index.php\/wp-json\/wp\/v2\/media?parent=40898"}],"wp:term":[{"taxonomy":"product_brand","embeddable":true,"href":"https:\/\/singuli.wpress.me\/index.php\/wp-json\/wp\/v2\/product_brand?post=40898"},{"taxonomy":"product_cat","embeddable":true,"href":"https:\/\/singuli.wpress.me\/index.php\/wp-json\/wp\/v2\/product_cat?post=40898"},{"taxonomy":"product_tag","embeddable":true,"href":"https:\/\/singuli.wpress.me\/index.php\/wp-json\/wp\/v2\/product_tag?post=40898"}],"curies":[{"name":"wp","href":"https:\/\/api.w.org\/{rel}","templated":true}]}}