{"id":40904,"date":"2026-04-19T15:18:26","date_gmt":"2026-04-19T15:18:26","guid":{"rendered":"https:\/\/singuli.wpress.me\/index.php\/proizvod\/tuban-hop-hop-reketi-i-prstenovi-za-mjehurice\/"},"modified":"2026-04-20T12:33:33","modified_gmt":"2026-04-20T12:33:33","slug":"tuban-hop-hop-reketi-i-prstenovi-za-mjehurice","status":"publish","type":"product","link":"https:\/\/singuli.wpress.me\/index.php\/proizvod\/tuban-hop-hop-reketi-i-prstenovi-za-mjehurice\/","title":{"rendered":"TUBAN Hop hop, reketi i prstenovi, za mjehuri\u0107e"},"content":{"rendered":"<p>Vrijeme za magiju!<\/p>\n<p>Razvili smo set koji \u0107e ti dozvoliti da na trenutak osjeti\u0161 magiju \u2013 spremni? Navodno su svi mjehuri\u0107i od sapunice izuzetno osjetljivi i puknu ubrzo nakon \u0161to ih napravi\u0161&#8230;<\/p>\n<p>Ovaj set dokazat \u0107e ti da to i nije ba\u0161 tako.<\/p>\n<p>Balon\u010di\u0107i koje napravi\u0161 uz ovaj set mogu se loviti rukom, okretati, gnje\u010diti, podizati u zrak, pa \u010dak i dodavati!<\/p>\n<p>Set sadr\u017ei 250 ml teku\u0107ine, slamku za puhanje, tanjur, 2 obru\u010da i 2 navlake \u2013 sve \u0161to ti je potrebno da se zabavi\u0161 i igra\u0161 balon\u010di\u0107ima!<\/p>\n<p>Ako ti dosadi dodavanje \u2013 ukloni navlaku sa obru\u010da i umo\u010di sami obru\u010d u teku\u0107inu \u2013 stvaraju\u0107i balone iz obru\u010da!<\/p>\n<p>Dob: 3+<\/p>\n","protected":false},"excerpt":{"rendered":"<p>Kreativan set<br \/>\nSadr\u017ei vi\u0161e komponenti<br \/>\nDob: 3+god<\/p>\n","protected":false},"featured_media":0,"template":"","meta":{"_seopress_robots_primary_cat":"","_seopress_titles_title":"","_seopress_titles_desc":"","_seopress_robots_index":"","iawp_total_views":0},"product_brand":[492],"product_cat":[221,291],"product_tag":[],"class_list":{"0":"post-40904","1":"product","2":"type-product","3":"status-publish","5":"product_brand-tuban","6":"product_cat-igracke","7":"product_cat-igracke-za-djecu-221","9":"first","10":"outofstock","11":"shipping-taxable","12":"purchasable","13":"product-type-simple"},"_links":{"self":[{"href":"https:\/\/singuli.wpress.me\/index.php\/wp-json\/wp\/v2\/product\/40904","targetHints":{"allow":["GET"]}}],"collection":[{"href":"https:\/\/singuli.wpress.me\/index.php\/wp-json\/wp\/v2\/product"}],"about":[{"href":"https:\/\/singuli.wpress.me\/index.php\/wp-json\/wp\/v2\/types\/product"}],"version-history":[{"count":0,"href":"https:\/\/singuli.wpress.me\/index.php\/wp-json\/wp\/v2\/product\/40904\/revisions"}],"wp:attachment":[{"href":"https:\/\/singuli.wpress.me\/index.php\/wp-json\/wp\/v2\/media?parent=40904"}],"wp:term":[{"taxonomy":"product_brand","embeddable":true,"href":"https:\/\/singuli.wpress.me\/index.php\/wp-json\/wp\/v2\/product_brand?post=40904"},{"taxonomy":"product_cat","embeddable":true,"href":"https:\/\/singuli.wpress.me\/index.php\/wp-json\/wp\/v2\/product_cat?post=40904"},{"taxonomy":"product_tag","embeddable":true,"href":"https:\/\/singuli.wpress.me\/index.php\/wp-json\/wp\/v2\/product_tag?post=40904"}],"curies":[{"name":"wp","href":"https:\/\/api.w.org\/{rel}","templated":true}]}}