{"id":40909,"date":"2026-04-19T15:18:28","date_gmt":"2026-04-19T15:18:28","guid":{"rendered":"https:\/\/singuli.wpress.me\/index.php\/proizvod\/red-bull-original-energetski-napitak-2pack-0-25-l\/"},"modified":"2026-04-20T12:33:33","modified_gmt":"2026-04-20T12:33:33","slug":"red-bull-original-energetski-napitak-2pack-0-25-l","status":"publish","type":"product","link":"https:\/\/singuli.wpress.me\/index.php\/proizvod\/red-bull-original-energetski-napitak-2pack-0-25-l\/","title":{"rendered":"RED BULL Original, energetski napitak, 2pack, 0.25\u00a0l"},"content":{"rendered":"<p>Red\u00a0Bull Energy Drink cijenjen je diljem svijeta me\u0111u vrhunskim sporta\u0161ima, studentima i svima koji obavljaju zahtjevne poslove, kao i prilikom dugih vo\u017enji.<\/p>\n","protected":false},"excerpt":{"rendered":"<p>Funkcionalni energetski napitak<br \/>\nO\u017eivljava duh i tijelo<br \/>\nOriginalni Red Bull okus<\/p>\n","protected":false},"featured_media":0,"template":"","meta":{"_seopress_robots_primary_cat":"","_seopress_titles_title":"","_seopress_titles_desc":"","_seopress_robots_index":"","iawp_total_views":0},"product_brand":[472],"product_cat":[261,262],"product_tag":[],"class_list":{"0":"post-40909","1":"product","2":"type-product","3":"status-publish","5":"product_brand-red-bull","6":"product_cat-hrana-i-pice","7":"product_cat-sokovi-i-napitci-261","9":"first","10":"outofstock","11":"shipping-taxable","12":"purchasable","13":"product-type-simple"},"_links":{"self":[{"href":"https:\/\/singuli.wpress.me\/index.php\/wp-json\/wp\/v2\/product\/40909","targetHints":{"allow":["GET"]}}],"collection":[{"href":"https:\/\/singuli.wpress.me\/index.php\/wp-json\/wp\/v2\/product"}],"about":[{"href":"https:\/\/singuli.wpress.me\/index.php\/wp-json\/wp\/v2\/types\/product"}],"version-history":[{"count":0,"href":"https:\/\/singuli.wpress.me\/index.php\/wp-json\/wp\/v2\/product\/40909\/revisions"}],"wp:attachment":[{"href":"https:\/\/singuli.wpress.me\/index.php\/wp-json\/wp\/v2\/media?parent=40909"}],"wp:term":[{"taxonomy":"product_brand","embeddable":true,"href":"https:\/\/singuli.wpress.me\/index.php\/wp-json\/wp\/v2\/product_brand?post=40909"},{"taxonomy":"product_cat","embeddable":true,"href":"https:\/\/singuli.wpress.me\/index.php\/wp-json\/wp\/v2\/product_cat?post=40909"},{"taxonomy":"product_tag","embeddable":true,"href":"https:\/\/singuli.wpress.me\/index.php\/wp-json\/wp\/v2\/product_tag?post=40909"}],"curies":[{"name":"wp","href":"https:\/\/api.w.org\/{rel}","templated":true}]}}