{"id":40911,"date":"2026-04-19T15:18:29","date_gmt":"2026-04-19T15:18:29","guid":{"rendered":"https:\/\/singuli.wpress.me\/index.php\/proizvod\/bison-montage-extreme-montazno-ljepilo-370-g\/"},"modified":"2026-04-20T12:33:33","modified_gmt":"2026-04-20T12:33:33","slug":"bison-montage-extreme-montazno-ljepilo-370-g","status":"publish","type":"product","link":"https:\/\/singuli.wpress.me\/index.php\/proizvod\/bison-montage-extreme-montazno-ljepilo-370-g\/","title":{"rendered":"BISON Montage Extreme monta\u017eno, ljepilo, 370\u00a0g"},"content":{"rendered":"<p>Iznimno sna\u017eno, monta\u017eno ljepilo bez otapala na bazi akrilne disperzije s iznimno visokom po\u010detnom snagom spoja.<\/p>\n<p>Pogodno za spajanje svih vrsta (gra\u0111evinskih) materijala kao \u0161to su drvo, kamen, beton, metal, mnoge sintetike i polistirenske pjene, porozne na (porozne) povr\u0161ine kamena, betona, drva, \u017ebuke, knaufa itd. Tako\u0111er vrlo pogodan za povr\u0161insko lijepljenje, pobolj\u0161ava po\u010detnu \u010dvrsto\u0107u spoja. Vrlo prigodno za ugradnju drvenog okvira, lajsni, pragova, letvica (drvo \/ plastika), obloga, prozorskih dasaka, kerami\u010dkih plo\u010dica, gra\u0111evinskih plo\u010da, knaufa, drvenih traka, zidnih obloga, plo\u010da, izolacije, mekih i tvrdih, plo\u010da, pragova, natpisnih plo\u010dica, ku\u0107nih brojeva, kuka za ovjes, kanala, elektri\u010dne uti\u010dnice i razvodnih kutija. Tako\u0111er pogodno za ukrasne materijale, poput ukrasa i lajsni od gipsa, poliuretana i polistirenske pjene.<\/p>\n<p>Nije prikladno za PE, PP, PTFE, bitumen, ogledala, prirodni kamen, stalno vla\u017ena mjesta i za pri\u010dvr\u0161\u0107ivanje neporoznog materijala na neporoznu podlogu. Tijekom lijepljenja plastike uvijek izvedite testiranje prianjanja. Prianjanje na plasti\u010dne povr\u0161ine mo\u017ee varirati ovisno o tipu sintetike i kvaliteti plastike.<\/p>\n","protected":false},"excerpt":{"rendered":"<p>Lako se nanosi<br \/>\nBez otapala<br \/>\nOtporno na vlagu i temperaturu<\/p>\n","protected":false},"featured_media":0,"template":"","meta":{"_seopress_robots_primary_cat":"","_seopress_titles_title":"","_seopress_titles_desc":"","_seopress_robots_index":"","iawp_total_views":0},"product_brand":[494],"product_cat":[264,238],"product_tag":[],"class_list":{"0":"post-40911","1":"product","2":"type-product","3":"status-publish","5":"product_brand-bison","6":"product_cat-ljepila-i-brtvila-238","7":"product_cat-sve-za-dom","9":"first","10":"instock","11":"shipping-taxable","12":"purchasable","13":"product-type-simple"},"_links":{"self":[{"href":"https:\/\/singuli.wpress.me\/index.php\/wp-json\/wp\/v2\/product\/40911","targetHints":{"allow":["GET"]}}],"collection":[{"href":"https:\/\/singuli.wpress.me\/index.php\/wp-json\/wp\/v2\/product"}],"about":[{"href":"https:\/\/singuli.wpress.me\/index.php\/wp-json\/wp\/v2\/types\/product"}],"version-history":[{"count":0,"href":"https:\/\/singuli.wpress.me\/index.php\/wp-json\/wp\/v2\/product\/40911\/revisions"}],"wp:attachment":[{"href":"https:\/\/singuli.wpress.me\/index.php\/wp-json\/wp\/v2\/media?parent=40911"}],"wp:term":[{"taxonomy":"product_brand","embeddable":true,"href":"https:\/\/singuli.wpress.me\/index.php\/wp-json\/wp\/v2\/product_brand?post=40911"},{"taxonomy":"product_cat","embeddable":true,"href":"https:\/\/singuli.wpress.me\/index.php\/wp-json\/wp\/v2\/product_cat?post=40911"},{"taxonomy":"product_tag","embeddable":true,"href":"https:\/\/singuli.wpress.me\/index.php\/wp-json\/wp\/v2\/product_tag?post=40911"}],"curies":[{"name":"wp","href":"https:\/\/api.w.org\/{rel}","templated":true}]}}