{"id":40915,"date":"2026-04-19T15:18:30","date_gmt":"2026-04-19T15:18:30","guid":{"rendered":"https:\/\/singuli.wpress.me\/index.php\/proizvod\/rio-mare-insalatissime-kus-kus-160-g\/"},"modified":"2026-04-20T12:33:33","modified_gmt":"2026-04-20T12:33:33","slug":"rio-mare-insalatissime-kus-kus-160-g","status":"publish","type":"product","link":"https:\/\/singuli.wpress.me\/index.php\/proizvod\/rio-mare-insalatissime-kus-kus-160-g\/","title":{"rendered":"RIO MARE, Insalatissime, kus kus, 160\u00a0g"},"content":{"rendered":"<p>Kus kus mje\u0161avina je idealna za one koji vole iznena\u0111uju\u0107e dobre okuse zato \u0161to je sladak i egzoti\u010dan okus kus kus-a oboga\u0107en ukusnom Rio Mare tunjevinom stru\u010dno spojenom s finim povr\u0107em, u skladu s Mediteranskom tradicijom. <\/p>\n<p>Isprobajte ga na kri\u0161kama patli\u0111ana sa \u017eara za\u010dinjenima uljem i per\u0161inom.<\/p>\n","protected":false},"excerpt":{"rendered":"<p>Nepogre\u0161iv okus Rio Mare tunjevine<br \/>\nDosljedna kvaliteta<br \/>\nSladak i egzoti\u010dan okus<\/p>\n","protected":false},"featured_media":0,"template":"","meta":{"_seopress_robots_primary_cat":"","_seopress_titles_title":"","_seopress_titles_desc":"","_seopress_robots_index":"","iawp_total_views":0},"product_brand":[456],"product_cat":[261,299],"product_tag":[],"class_list":{"0":"post-40915","1":"product","2":"type-product","3":"status-publish","5":"product_brand-rio-mare","6":"product_cat-hrana-i-pice","7":"product_cat-konzervirana-i-gotova-hrana-261","9":"first","10":"instock","11":"shipping-taxable","12":"purchasable","13":"product-type-simple"},"_links":{"self":[{"href":"https:\/\/singuli.wpress.me\/index.php\/wp-json\/wp\/v2\/product\/40915","targetHints":{"allow":["GET"]}}],"collection":[{"href":"https:\/\/singuli.wpress.me\/index.php\/wp-json\/wp\/v2\/product"}],"about":[{"href":"https:\/\/singuli.wpress.me\/index.php\/wp-json\/wp\/v2\/types\/product"}],"version-history":[{"count":0,"href":"https:\/\/singuli.wpress.me\/index.php\/wp-json\/wp\/v2\/product\/40915\/revisions"}],"wp:attachment":[{"href":"https:\/\/singuli.wpress.me\/index.php\/wp-json\/wp\/v2\/media?parent=40915"}],"wp:term":[{"taxonomy":"product_brand","embeddable":true,"href":"https:\/\/singuli.wpress.me\/index.php\/wp-json\/wp\/v2\/product_brand?post=40915"},{"taxonomy":"product_cat","embeddable":true,"href":"https:\/\/singuli.wpress.me\/index.php\/wp-json\/wp\/v2\/product_cat?post=40915"},{"taxonomy":"product_tag","embeddable":true,"href":"https:\/\/singuli.wpress.me\/index.php\/wp-json\/wp\/v2\/product_tag?post=40915"}],"curies":[{"name":"wp","href":"https:\/\/api.w.org\/{rel}","templated":true}]}}