{"id":40922,"date":"2026-04-19T15:18:31","date_gmt":"2026-04-19T15:18:31","guid":{"rendered":"https:\/\/singuli.wpress.me\/index.php\/proizvod\/dr-oetker-kvasac-instant-100-g-2\/"},"modified":"2026-04-20T12:33:33","modified_gmt":"2026-04-20T12:33:33","slug":"dr-oetker-kvasac-instant-100-g-2","status":"publish","type":"product","link":"https:\/\/singuli.wpress.me\/index.php\/proizvod\/dr-oetker-kvasac-instant-100-g-2\/","title":{"rendered":"DR. OETKER, kvasac instant, 100\u00a0g"},"content":{"rendered":"<p>1 razom puna \u017elica dovoljna je za 375-500 g bra\u0161na. Pakiranje (100 g) dovoljno je za 7-10 kg bra\u0161na. Priprema: 1. Kvasac dobro promije\u0161ajte s bra\u0161nom. 2. Dodajte sve u receptu navedene sastojke, uklju\u010duju\u0107i teku\u010dinu te izmijesite. 3. Tijesto ostavite da se di\u017ee 30 do 45 min i nastavite prema receptu.<\/p>\n","protected":false},"excerpt":{"rendered":"<p>Idealan suhi kvasac<br \/>\nPriprema slanih i slatkih dizanih tijesta<br \/>\nLako se \u010duva du\u017ee vrijeme<\/p>\n","protected":false},"featured_media":0,"template":"","meta":{"_seopress_robots_primary_cat":"","_seopress_titles_title":"","_seopress_titles_desc":"","_seopress_robots_index":"","iawp_total_views":0},"product_brand":[328],"product_cat":[261,270],"product_tag":[],"class_list":{"0":"post-40922","1":"product","2":"type-product","3":"status-publish","5":"product_brand-dr-oetker","6":"product_cat-hrana-i-pice","7":"product_cat-slasticarstvo-261","9":"first","10":"outofstock","11":"shipping-taxable","12":"purchasable","13":"product-type-simple"},"_links":{"self":[{"href":"https:\/\/singuli.wpress.me\/index.php\/wp-json\/wp\/v2\/product\/40922","targetHints":{"allow":["GET"]}}],"collection":[{"href":"https:\/\/singuli.wpress.me\/index.php\/wp-json\/wp\/v2\/product"}],"about":[{"href":"https:\/\/singuli.wpress.me\/index.php\/wp-json\/wp\/v2\/types\/product"}],"version-history":[{"count":0,"href":"https:\/\/singuli.wpress.me\/index.php\/wp-json\/wp\/v2\/product\/40922\/revisions"}],"wp:attachment":[{"href":"https:\/\/singuli.wpress.me\/index.php\/wp-json\/wp\/v2\/media?parent=40922"}],"wp:term":[{"taxonomy":"product_brand","embeddable":true,"href":"https:\/\/singuli.wpress.me\/index.php\/wp-json\/wp\/v2\/product_brand?post=40922"},{"taxonomy":"product_cat","embeddable":true,"href":"https:\/\/singuli.wpress.me\/index.php\/wp-json\/wp\/v2\/product_cat?post=40922"},{"taxonomy":"product_tag","embeddable":true,"href":"https:\/\/singuli.wpress.me\/index.php\/wp-json\/wp\/v2\/product_tag?post=40922"}],"curies":[{"name":"wp","href":"https:\/\/api.w.org\/{rel}","templated":true}]}}