{"id":40924,"date":"2026-04-19T15:18:32","date_gmt":"2026-04-19T15:18:32","guid":{"rendered":"https:\/\/singuli.wpress.me\/index.php\/proizvod\/pampers-fresh-clean-vlazne-maramice-4-pakiranja-320-kom\/"},"modified":"2026-04-20T12:33:33","modified_gmt":"2026-04-20T12:33:33","slug":"pampers-fresh-clean-vlazne-maramice-4-pakiranja-320-kom","status":"publish","type":"product","link":"https:\/\/singuli.wpress.me\/index.php\/proizvod\/pampers-fresh-clean-vlazne-maramice-4-pakiranja-320-kom\/","title":{"rendered":"PAMPERS Fresh Clean, vla\u017ene maramice, 4 pakiranja, 320\u00a0kom"},"content":{"rendered":"<p>Ko\u017ea va\u0161e bebe vrlo je nje\u017ena i zaslu\u017euje nje\u017eno \u010di\u0161\u0107enje svih najosjetljivijih dijelova, kao \u0161to su guza, ru\u010dice i lice. <\/p>\n<p>Vla\u017ene maramice Pampers Fresh Clean sada \u010diste jo\u0161 bolje (u odnosu na dosada\u0161nju verziju) zahvaljuju\u0107i svojoj mek\u0161oj i gu\u0161\u0107oj tkanini, a i dalje imaju osvje\u017eavaju\u0107i miris u kojem u\u017eivate i vi i beba. <\/p>\n<p>Enzimi u mokra\u0107i i stolici mijenjaju pH ko\u017ee i tako pove\u0107avaju rizik od iritacije i osipa. Sve vla\u017ene maramice Pampers sadr\u017ee jedinstvenu formulu koja \u0161titi prirodni pH ko\u017ee bolje od pamuka i vode, tako da je \u010dak i najnje\u017enija ko\u017ea \u010dista i za\u0161ti\u0107ena od iritacija. <\/p>\n<p>Maramice Pampers Fresh Clean dermatolo\u0161ki su ispitali i odobrili dermatolozi udru\u017eenja Skin Health Alliance. Budu\u0107i da su maramice Pampers Fresh Clean namijenjene ba\u0161 osjetljivoj dje\u010djoj ko\u017ei, ne sadr\u017ee alkohol, boje.<\/p>\n","protected":false},"excerpt":{"rendered":"<p>Poma\u017eu sa\u010duvati hidratiziranost ko\u017ee<br \/>\nMekane ali \u010dvrste, za nje\u017eno \u010di\u0161\u0107enje<br \/>\nDermatolo\u0161ki testirane<\/p>\n","protected":false},"featured_media":0,"template":"","meta":{"_seopress_robots_primary_cat":"","_seopress_titles_title":"","_seopress_titles_desc":"","_seopress_robots_index":"","iawp_total_views":0},"product_brand":[444],"product_cat":[268,278],"product_tag":[],"class_list":{"0":"post-40924","1":"product","2":"type-product","3":"status-publish","5":"product_brand-pampers","6":"product_cat-kozmetika-2","7":"product_cat-njega-tijela-268","9":"first","10":"instock","11":"shipping-taxable","12":"purchasable","13":"product-type-simple"},"_links":{"self":[{"href":"https:\/\/singuli.wpress.me\/index.php\/wp-json\/wp\/v2\/product\/40924","targetHints":{"allow":["GET"]}}],"collection":[{"href":"https:\/\/singuli.wpress.me\/index.php\/wp-json\/wp\/v2\/product"}],"about":[{"href":"https:\/\/singuli.wpress.me\/index.php\/wp-json\/wp\/v2\/types\/product"}],"version-history":[{"count":0,"href":"https:\/\/singuli.wpress.me\/index.php\/wp-json\/wp\/v2\/product\/40924\/revisions"}],"wp:attachment":[{"href":"https:\/\/singuli.wpress.me\/index.php\/wp-json\/wp\/v2\/media?parent=40924"}],"wp:term":[{"taxonomy":"product_brand","embeddable":true,"href":"https:\/\/singuli.wpress.me\/index.php\/wp-json\/wp\/v2\/product_brand?post=40924"},{"taxonomy":"product_cat","embeddable":true,"href":"https:\/\/singuli.wpress.me\/index.php\/wp-json\/wp\/v2\/product_cat?post=40924"},{"taxonomy":"product_tag","embeddable":true,"href":"https:\/\/singuli.wpress.me\/index.php\/wp-json\/wp\/v2\/product_tag?post=40924"}],"curies":[{"name":"wp","href":"https:\/\/api.w.org\/{rel}","templated":true}]}}