{"id":40927,"date":"2026-04-19T15:18:33","date_gmt":"2026-04-19T15:18:33","guid":{"rendered":"https:\/\/singuli.wpress.me\/index.php\/proizvod\/df-motorno-ulje-special-eo-15w40-4x4l-20-l\/"},"modified":"2026-04-20T12:33:33","modified_gmt":"2026-04-20T12:33:33","slug":"df-motorno-ulje-special-eo-15w40-4x4l-20-l","status":"publish","type":"product","link":"https:\/\/singuli.wpress.me\/index.php\/proizvod\/df-motorno-ulje-special-eo-15w40-4x4l-20-l\/","title":{"rendered":"DF, motorno ulje, SPECIAL EO 15W40, 4x4l, 20\u00a0l"},"content":{"rendered":"<p>Motorno ulje koje koristi najnoviju Low-SAPS tehnologiju aditiva koja \u0161titi moderne motore s niskom emisijom ispu\u0161nih plinova. Osigurava najbolju za\u0161titu od tro\u0161enja , manje stvaranja naslaga i  pru\u017ea stabilnosti od propadanja pri visokim temperaturama. Sa svojom pobolj\u0161anom kontrolom kiseli produkata izgaranja , ovo ulje je prikladno za kori\u0161tenje u poljoprivredi i gra\u0111evinarstvu, \u010dak i s visokim razinama sumpora u gorivu. Preporu\u010deno za \u0161irok raspon OEM opreme, prikladno za motore Euro 4,5 kao i za starije modele opreme. <\/p>\n<p>Specifikacije i odobrenja: API: CJ-4, CI-4+, CI-4, CH-4, CG-4, CF-4, CF, ACEA: E9, E7, Deutz: DQC III-10 LA<\/p>\n","protected":false},"excerpt":{"rendered":"<p>Koristi najnoviju Low-SAPS tehnologiju aditiva koja \u0161titi moderne motore s niskom emisijom ispu\u0161nih plinova.<br \/>\nOsigurava najbolju za\u0161titu od tro\u0161enja i manje stvaranja naslaga<br \/>\nPru\u017ea stabilnosti od propadanja pri visokim temperaturama<\/p>\n","protected":false},"featured_media":0,"template":"","meta":{"_seopress_robots_primary_cat":"","_seopress_titles_title":"","_seopress_titles_desc":"","_seopress_robots_index":"","iawp_total_views":0},"product_brand":[839],"product_cat":[243,276],"product_tag":[],"class_list":{"0":"post-40927","1":"product","2":"type-product","3":"status-publish","5":"product_brand-df","6":"product_cat-automobili-i-motori","7":"product_cat-industrijska-i-specijalna-ulja-243","9":"first","10":"instock","11":"shipping-taxable","12":"purchasable","13":"product-type-simple"},"_links":{"self":[{"href":"https:\/\/singuli.wpress.me\/index.php\/wp-json\/wp\/v2\/product\/40927","targetHints":{"allow":["GET"]}}],"collection":[{"href":"https:\/\/singuli.wpress.me\/index.php\/wp-json\/wp\/v2\/product"}],"about":[{"href":"https:\/\/singuli.wpress.me\/index.php\/wp-json\/wp\/v2\/types\/product"}],"version-history":[{"count":0,"href":"https:\/\/singuli.wpress.me\/index.php\/wp-json\/wp\/v2\/product\/40927\/revisions"}],"wp:attachment":[{"href":"https:\/\/singuli.wpress.me\/index.php\/wp-json\/wp\/v2\/media?parent=40927"}],"wp:term":[{"taxonomy":"product_brand","embeddable":true,"href":"https:\/\/singuli.wpress.me\/index.php\/wp-json\/wp\/v2\/product_brand?post=40927"},{"taxonomy":"product_cat","embeddable":true,"href":"https:\/\/singuli.wpress.me\/index.php\/wp-json\/wp\/v2\/product_cat?post=40927"},{"taxonomy":"product_tag","embeddable":true,"href":"https:\/\/singuli.wpress.me\/index.php\/wp-json\/wp\/v2\/product_tag?post=40927"}],"curies":[{"name":"wp","href":"https:\/\/api.w.org\/{rel}","templated":true}]}}