{"id":40930,"date":"2026-04-19T15:18:34","date_gmt":"2026-04-19T15:18:34","guid":{"rendered":"https:\/\/singuli.wpress.me\/index.php\/proizvod\/domo-do8127-tower-samostojeci-ventilator\/"},"modified":"2026-04-20T12:33:33","modified_gmt":"2026-04-20T12:33:33","slug":"domo-do8127-tower-samostojeci-ventilator","status":"publish","type":"product","link":"https:\/\/singuli.wpress.me\/index.php\/proizvod\/domo-do8127-tower-samostojeci-ventilator\/","title":{"rendered":"DOMO DO8127 Tower, samostoje\u0107i ventilator"},"content":{"rendered":"<p>U tropskim ljetnim danima kada je te\u0161ko provjetravati va\u0161 \u017eivotni prostor ili ured, svidjet \u0107e vam se ovaj Domo DO8127 toranjski ventilator. Njegov stabilni kapacitet od 45 W trenutno \u0107e vas osvje\u017eiti. Opremljen je oscilacijom sa strane na stranu za bolju cirkulaciju zraka. Cirkulacija brzinu mo\u017eete podesiti protok zraka odabirom jedne od 3 dostupne postavke brzine Njegov prakti\u010dni daljinski upravlja\u010d osigurava udoban i elegantan rad Domo ventilator ima razinu buke u rasponu od 50 dB do 53,2 dB.<\/p>\n<p>Ventilator ima mjera\u010d vremena koji mo\u017eete koristiti za udobno planiranje vremena za spavanje. Osim osciliranja, Domo DO8127 omogu\u0107uje i jednostavno pode\u0161avanje \u017eeljenog kuta cirkulacije zraka. Njegove prednosti uklju\u010duju podr\u0161ku za daljinsko upravljanje.<\/p>\n","protected":false},"excerpt":{"rendered":"<p>4 na\u010dina rada: normalan, prirodan, na\u010din mirovanja i dje\u010dji na\u010din rada<br \/>\nZa bolju cirkulaciju zraka, opremljena je oscilacijom sa strane na stranu<br \/>\nBrzina kru\u017eenja zraka pode\u0161ava se odabirom jedne od 3 dostupne postavke brzine<\/p>\n","protected":false},"featured_media":0,"template":"","meta":{"_seopress_robots_primary_cat":"","_seopress_titles_title":"","_seopress_titles_desc":"","_seopress_robots_index":"","iawp_total_views":0},"product_brand":[255],"product_cat":[184,160],"product_tag":[],"class_list":{"0":"post-40930","1":"product","2":"type-product","3":"status-publish","5":"product_brand-domo","6":"product_cat-kvaliteta-zraka-i-grijanje","7":"product_cat-mali-kucanski-aparati","9":"first","10":"outofstock","11":"shipping-taxable","12":"purchasable","13":"product-type-simple"},"_links":{"self":[{"href":"https:\/\/singuli.wpress.me\/index.php\/wp-json\/wp\/v2\/product\/40930","targetHints":{"allow":["GET"]}}],"collection":[{"href":"https:\/\/singuli.wpress.me\/index.php\/wp-json\/wp\/v2\/product"}],"about":[{"href":"https:\/\/singuli.wpress.me\/index.php\/wp-json\/wp\/v2\/types\/product"}],"version-history":[{"count":0,"href":"https:\/\/singuli.wpress.me\/index.php\/wp-json\/wp\/v2\/product\/40930\/revisions"}],"wp:attachment":[{"href":"https:\/\/singuli.wpress.me\/index.php\/wp-json\/wp\/v2\/media?parent=40930"}],"wp:term":[{"taxonomy":"product_brand","embeddable":true,"href":"https:\/\/singuli.wpress.me\/index.php\/wp-json\/wp\/v2\/product_brand?post=40930"},{"taxonomy":"product_cat","embeddable":true,"href":"https:\/\/singuli.wpress.me\/index.php\/wp-json\/wp\/v2\/product_cat?post=40930"},{"taxonomy":"product_tag","embeddable":true,"href":"https:\/\/singuli.wpress.me\/index.php\/wp-json\/wp\/v2\/product_tag?post=40930"}],"curies":[{"name":"wp","href":"https:\/\/api.w.org\/{rel}","templated":true}]}}