{"id":40931,"date":"2026-04-19T15:18:35","date_gmt":"2026-04-19T15:18:35","guid":{"rendered":"https:\/\/singuli.wpress.me\/index.php\/proizvod\/oral-b-io9-elektricna-cetkica-za-zube-rose-quartz\/"},"modified":"2026-04-20T12:33:33","modified_gmt":"2026-04-20T12:33:33","slug":"oral-b-io9-elektricna-cetkica-za-zube-rose-quartz","status":"publish","type":"product","link":"https:\/\/singuli.wpress.me\/index.php\/proizvod\/oral-b-io9-elektricna-cetkica-za-zube-rose-quartz\/","title":{"rendered":"ORAL-B iO9 , elektri\u010dna \u010detkica za zube, Rose Quartz"},"content":{"rendered":"<p>Oral-B je oti\u0161ao korak dalje kako bi vam pru\u017eio do\u017eivljaj pranja zubi koji postavlja nove standarde. Po\u010dev\u0161i od najnaprednije tehnologije za najtemeljitije, najnje\u017enije i najti\u0161e pranje zubi do dizajna koji ovu \u010detkicu \u010dini neodoljivom. Jer najpo\u017eeljnija tehnologija jednostavno mora i izgledati najelegantnije. Upoznajte \u010detkicu Oral-B iO i do\u017eivite najbolje pranje zubi koje nudi Oral-B.  <br \/>\nNjezin inovativni magnetni pogon usmjerava energiju u same vrhove vlakana, pa \u010detkica lijepo klizi od zuba do zuba uz nje\u017ene mikrovibracije, a to sve rezultira u\u010dinkovitim i ugodnim pranjem zubi. Oral-B iO oslanja se i na umjetnu inteligenciju koja prepoznaje 16 zubnih povr\u0161ina u cijeloj usnoj \u0161upljini i vodi vas u aplikaciji Oral-B do najtemeljitijeg mogu\u0107eg pranja zubi. Iskusite pranje zubi koje je potpuno druk\u010dije od svega \u0161to ste do sada imali prilike vidjeti, \u010duti i osjetiti.<\/p>\n","protected":false},"excerpt":{"rendered":"<p>100% zdravije desni u jednom tjednu<br \/>\nBrzo punjenje za pribli\u017eno 3 sata<br \/>\n7 pametnih na\u010dina rada za pranje zubi prilago\u0111eno va\u0161im potrebama<\/p>\n","protected":false},"featured_media":0,"template":"","meta":{"_seopress_robots_primary_cat":"","_seopress_titles_title":"","_seopress_titles_desc":"","_seopress_robots_index":"","iawp_total_views":0},"product_brand":[423],"product_cat":[293,192,292],"product_tag":[],"class_list":{"0":"post-40931","1":"product","2":"type-product","3":"status-publish","5":"product_brand-oral-b-2","6":"product_cat-aparati-za-djecu-i-odrasle-292","7":"product_cat-aparati-za-osobnu-njegu","8":"product_cat-oralna-higijena-uredaji-192","10":"first","11":"outofstock","12":"shipping-taxable","13":"purchasable","14":"product-type-simple"},"_links":{"self":[{"href":"https:\/\/singuli.wpress.me\/index.php\/wp-json\/wp\/v2\/product\/40931","targetHints":{"allow":["GET"]}}],"collection":[{"href":"https:\/\/singuli.wpress.me\/index.php\/wp-json\/wp\/v2\/product"}],"about":[{"href":"https:\/\/singuli.wpress.me\/index.php\/wp-json\/wp\/v2\/types\/product"}],"version-history":[{"count":0,"href":"https:\/\/singuli.wpress.me\/index.php\/wp-json\/wp\/v2\/product\/40931\/revisions"}],"wp:attachment":[{"href":"https:\/\/singuli.wpress.me\/index.php\/wp-json\/wp\/v2\/media?parent=40931"}],"wp:term":[{"taxonomy":"product_brand","embeddable":true,"href":"https:\/\/singuli.wpress.me\/index.php\/wp-json\/wp\/v2\/product_brand?post=40931"},{"taxonomy":"product_cat","embeddable":true,"href":"https:\/\/singuli.wpress.me\/index.php\/wp-json\/wp\/v2\/product_cat?post=40931"},{"taxonomy":"product_tag","embeddable":true,"href":"https:\/\/singuli.wpress.me\/index.php\/wp-json\/wp\/v2\/product_tag?post=40931"}],"curies":[{"name":"wp","href":"https:\/\/api.w.org\/{rel}","templated":true}]}}