{"id":40938,"date":"2026-04-19T15:18:38","date_gmt":"2026-04-19T15:18:38","guid":{"rendered":"https:\/\/singuli.wpress.me\/index.php\/proizvod\/peppa-pig-igracka-mega-kuhinja\/"},"modified":"2026-04-21T00:27:05","modified_gmt":"2026-04-21T00:27:05","slug":"peppa-pig-igracka-mega-kuhinja","status":"publish","type":"product","link":"https:\/\/singuli.wpress.me\/index.php\/proizvod\/peppa-pig-igracka-mega-kuhinja\/","title":{"rendered":"PEPPA PIG, igra\u010dka, mega kuhinja"},"content":{"rendered":"<p>Peppa Pig mega kuhinja &#8211; idealno za zabavu i &quot;igru uloga&quot; uz omiljenu Peppu!<\/p>\n<p>Visina 75 cm<\/p>\n<p>13 dodataka &#8211; 2 tanjura, 2 \u010da\u0161e, 1 pribor za jelo, 3 recepta koje mo\u017ee\u0161 izrezati sa stra\u017enje strane pakiranja, 3 pribora za kuhanje, posuda i tava.<\/p>\n<p>Dob: 3+ godine<\/p>\n","protected":false},"excerpt":{"rendered":"<p>Sadr\u017ei vi\u0161e komponenti<br \/>\nZabavna igra<br \/>\nDob: 3+ god<\/p>\n","protected":false},"featured_media":0,"template":"","meta":{"_seopress_robots_primary_cat":"","_seopress_titles_title":"","_seopress_titles_desc":"","_seopress_robots_index":"","iawp_total_views":0},"product_brand":[351],"product_cat":[221,291],"product_tag":[],"class_list":{"0":"post-40938","1":"product","2":"type-product","3":"status-publish","5":"product_brand-peppa-pig","6":"product_cat-igracke","7":"product_cat-igracke-za-djecu-221","9":"first","10":"outofstock","11":"shipping-taxable","12":"purchasable","13":"product-type-simple"},"_links":{"self":[{"href":"https:\/\/singuli.wpress.me\/index.php\/wp-json\/wp\/v2\/product\/40938","targetHints":{"allow":["GET"]}}],"collection":[{"href":"https:\/\/singuli.wpress.me\/index.php\/wp-json\/wp\/v2\/product"}],"about":[{"href":"https:\/\/singuli.wpress.me\/index.php\/wp-json\/wp\/v2\/types\/product"}],"version-history":[{"count":0,"href":"https:\/\/singuli.wpress.me\/index.php\/wp-json\/wp\/v2\/product\/40938\/revisions"}],"wp:attachment":[{"href":"https:\/\/singuli.wpress.me\/index.php\/wp-json\/wp\/v2\/media?parent=40938"}],"wp:term":[{"taxonomy":"product_brand","embeddable":true,"href":"https:\/\/singuli.wpress.me\/index.php\/wp-json\/wp\/v2\/product_brand?post=40938"},{"taxonomy":"product_cat","embeddable":true,"href":"https:\/\/singuli.wpress.me\/index.php\/wp-json\/wp\/v2\/product_cat?post=40938"},{"taxonomy":"product_tag","embeddable":true,"href":"https:\/\/singuli.wpress.me\/index.php\/wp-json\/wp\/v2\/product_tag?post=40938"}],"curies":[{"name":"wp","href":"https:\/\/api.w.org\/{rel}","templated":true}]}}