{"id":40939,"date":"2026-04-19T15:18:38","date_gmt":"2026-04-19T15:18:38","guid":{"rendered":"https:\/\/singuli.wpress.me\/index.php\/proizvod\/ambi-pur-osvjezivac-zraka-spiced-apple-8-ml\/"},"modified":"2026-04-20T12:33:33","modified_gmt":"2026-04-20T12:33:33","slug":"ambi-pur-osvjezivac-zraka-spiced-apple-8-ml","status":"publish","type":"product","link":"https:\/\/singuli.wpress.me\/index.php\/proizvod\/ambi-pur-osvjezivac-zraka-spiced-apple-8-ml\/","title":{"rendered":"AMBI PUR, osvje\u017eiva\u010d zraka, Spiced Apple, 8\u00a0ml"},"content":{"rendered":"<p>Na\u0161 prvi ne-elektri\u010dni osvje\u017eiva\u010d zraka za kupaonice neprekidno uklanja neugodne mirise iz zraka, ali i spre\u010dava da se uvuku u mekane povr\u0161ine kao \u0161to su ru\u010dnici, kupaonski tepisi i zavjese za tu\u0161. Ambi Pur Bathroom koristi jedinstvenu tehnologiju Odour Clear\u2122 i pru\u017ea neprekidnu svje\u017einu do 45 dana tako da je va\u0161a kupaonica uvijek spremna za goste. Ambi Pur Bathroom prakti\u010dan je i jednostavan za upotrebu, dolazi u raznim mirisima, a ne treba struju ni baterije.<\/p>\n<p><img decoding=\"async\" src=\"https:\/\/prod-minio-orbico.nd0.pl\/orbico.ohr\/Piktogrami\/upozorenje.jpg\" alt=\"Upozorenje\" width=\"100\" height=\"100\"> <\/p>\n<p>UPOZORENJA: Nadra\u017euje ko\u017eu. Uzrokuje ozbiljnu iritaciju o\u010diju. Mo\u017ee izazvati alergijsku reakciju ko\u017ee. Otrovno za vodene organizme, s dugotrajnim u\u010dincima. \u010cuvati izvan dohvata djece. <br \/> U SLU\u010cAJU DODIRA S KO\u017dOM: Isprati s puno vode.<br \/> U SLU\u010cAJU DODIRA S O\u010cIMA: Pa\u017eljivo ispirati vodom nekoliko minuta. <br \/> U slu\u010daju zdravstvenih problema nazvati CENTAR ZA KONTROLU OTROVANJA\/lije\u010dnika.<br \/> Osobe koje pate od preosjetljivosti na parfeme trebaju koristiti ovaj proizvod s oprezom. Nakon upotrebe prozra\u010dite prostoriju. \u010cuvajte ambala\u017eu i sigurnosne upute dok ne upotrijebite proizvod.<\/p>\n","protected":false},"excerpt":{"rendered":"<p>Uklanja neugodne mirise ostavljaju\u0107i blag, svje\u017e miris<br \/>\nJednostavan za kori\u0161tenje, pritisnite 1 gumb za aktiviranje<br \/>\nNe zahtijeva struju ili utika\u010de<\/p>\n","protected":false},"featured_media":0,"template":"","meta":{"_seopress_robots_primary_cat":"","_seopress_titles_title":"","_seopress_titles_desc":"","_seopress_robots_index":"","iawp_total_views":0},"product_brand":[447],"product_cat":[268,300],"product_tag":[],"class_list":{"0":"post-40939","1":"product","2":"type-product","3":"status-publish","5":"product_brand-ambi-pur","6":"product_cat-kozmetika-2","7":"product_cat-njega-kose-268","9":"first","10":"outofstock","11":"shipping-taxable","12":"purchasable","13":"product-type-simple"},"_links":{"self":[{"href":"https:\/\/singuli.wpress.me\/index.php\/wp-json\/wp\/v2\/product\/40939","targetHints":{"allow":["GET"]}}],"collection":[{"href":"https:\/\/singuli.wpress.me\/index.php\/wp-json\/wp\/v2\/product"}],"about":[{"href":"https:\/\/singuli.wpress.me\/index.php\/wp-json\/wp\/v2\/types\/product"}],"version-history":[{"count":0,"href":"https:\/\/singuli.wpress.me\/index.php\/wp-json\/wp\/v2\/product\/40939\/revisions"}],"wp:attachment":[{"href":"https:\/\/singuli.wpress.me\/index.php\/wp-json\/wp\/v2\/media?parent=40939"}],"wp:term":[{"taxonomy":"product_brand","embeddable":true,"href":"https:\/\/singuli.wpress.me\/index.php\/wp-json\/wp\/v2\/product_brand?post=40939"},{"taxonomy":"product_cat","embeddable":true,"href":"https:\/\/singuli.wpress.me\/index.php\/wp-json\/wp\/v2\/product_cat?post=40939"},{"taxonomy":"product_tag","embeddable":true,"href":"https:\/\/singuli.wpress.me\/index.php\/wp-json\/wp\/v2\/product_tag?post=40939"}],"curies":[{"name":"wp","href":"https:\/\/api.w.org\/{rel}","templated":true}]}}