{"id":40940,"date":"2026-04-19T15:18:38","date_gmt":"2026-04-19T15:18:38","guid":{"rendered":"https:\/\/singuli.wpress.me\/index.php\/proizvod\/jacobs-espresso-kava-u-zrnu-500-g\/"},"modified":"2026-04-21T00:27:05","modified_gmt":"2026-04-21T00:27:05","slug":"jacobs-espresso-kava-u-zrnu-500-g","status":"publish","type":"product","link":"https:\/\/singuli.wpress.me\/index.php\/proizvod\/jacobs-espresso-kava-u-zrnu-500-g\/","title":{"rendered":"JACOBS Espresso, kava u zrnu, 500\u00a0g"},"content":{"rendered":"<p><span style=\"font-weight: bold\">JACOBS Espresso <\/span>uravnote\u017eena je mje\u0161avina cjelovitih zrna kave Arabica i Robusta dobivenih iz podru\u010dja s najboljim uzgojem. Stru\u010dno su pomije\u0161ana kako bi se stvorio intenzivan espresso sa aromatskim notama. Ova cijela zrna kave savr\u0161ena su za kuhanje crne kave koja sadr\u017ei aromu sna\u017enog intenziteta. Dodatno, po \u017eelji mo\u017eete dodati i mlijeko<\/p>\n<p>JACOBS Espresso je prikladan za pripremu u potpuno automatskom aparatu za kavu, portafilteru ili francuskoj pre\u0161i.<\/p>\n","protected":false},"excerpt":{"rendered":"<p>Uravnote\u017eena je mje\u0161avina cjelovitih zrna kave Arabica i Robusta<br \/>\nZrna kave stru\u010dno su pomije\u0161ana kako bi se stvorio intenzivan espresso sa aromatskim notama<br \/>\nAroma sna\u017enog intenziteta<\/p>\n","protected":false},"featured_media":0,"template":"","meta":{"_seopress_robots_primary_cat":"","_seopress_titles_title":"","_seopress_titles_desc":"","_seopress_robots_index":"","iawp_total_views":0},"product_brand":[419],"product_cat":[261,275],"product_tag":[],"class_list":{"0":"post-40940","1":"product","2":"type-product","3":"status-publish","5":"product_brand-jacobs","6":"product_cat-hrana-i-pice","7":"product_cat-kava-i-cajevi-261","9":"first","10":"outofstock","11":"shipping-taxable","12":"purchasable","13":"product-type-simple"},"_links":{"self":[{"href":"https:\/\/singuli.wpress.me\/index.php\/wp-json\/wp\/v2\/product\/40940","targetHints":{"allow":["GET"]}}],"collection":[{"href":"https:\/\/singuli.wpress.me\/index.php\/wp-json\/wp\/v2\/product"}],"about":[{"href":"https:\/\/singuli.wpress.me\/index.php\/wp-json\/wp\/v2\/types\/product"}],"version-history":[{"count":0,"href":"https:\/\/singuli.wpress.me\/index.php\/wp-json\/wp\/v2\/product\/40940\/revisions"}],"wp:attachment":[{"href":"https:\/\/singuli.wpress.me\/index.php\/wp-json\/wp\/v2\/media?parent=40940"}],"wp:term":[{"taxonomy":"product_brand","embeddable":true,"href":"https:\/\/singuli.wpress.me\/index.php\/wp-json\/wp\/v2\/product_brand?post=40940"},{"taxonomy":"product_cat","embeddable":true,"href":"https:\/\/singuli.wpress.me\/index.php\/wp-json\/wp\/v2\/product_cat?post=40940"},{"taxonomy":"product_tag","embeddable":true,"href":"https:\/\/singuli.wpress.me\/index.php\/wp-json\/wp\/v2\/product_tag?post=40940"}],"curies":[{"name":"wp","href":"https:\/\/api.w.org\/{rel}","templated":true}]}}