{"id":40943,"date":"2026-04-19T15:18:39","date_gmt":"2026-04-19T15:18:39","guid":{"rendered":"https:\/\/singuli.wpress.me\/index.php\/proizvod\/laica-bi-flux-magnesium-active-filter-2-kom\/"},"modified":"2026-04-20T12:33:33","modified_gmt":"2026-04-20T12:33:33","slug":"laica-bi-flux-magnesium-active-filter-2-kom","status":"publish","type":"product","link":"https:\/\/singuli.wpress.me\/index.php\/proizvod\/laica-bi-flux-magnesium-active-filter-2-kom\/","title":{"rendered":"LAICA Bi-flux Magnesium Active , filter, 2\u00a0kom"},"content":{"rendered":"<p>Laica filtarski ulo\u0161ci ili Bi-Flux Magnesium Active G2M patrone dizajnirani su za Laica filtar vr\u010deve.<br \/>\nPaket sadr\u017ei 2 Laica Bi-Flux Magnesium Active filter ulo\u0161ka.<br \/>\nFiltri Magnesium Active pove\u0107avaju koncentraciju magnezija u vodi dok smanjuju klor, te\u0161ke metale, neke pesticide i neke herbicide u vodi iz slavine. Tako je voda koja se koristi iz slavine puno zdravija. Jedan Laica Bi-Flux filter ulo\u017eak ima kapacitet od 150 litara vode mjese\u010dno.<br \/>\nIako je voda iz slavine sigurna za pi\u0107e, mo\u017ee sadr\u017eavati ne\u017eeljene tvari poput kamen\u010di\u0107a i klora koji utje\u010du na miris, okus i izgled vode. Laica filter vr\u010d uklanja ove ne\u010disto\u0107e i zna\u010dajno pobolj\u0161ava kvalitetu vode za hladne napitke, kao i za tople napitke, u pripremi hrane i za za\u0161titu ku\u0107anskih aparata od naslaga kamenca (npr. aparat za kavu).<\/p>\n","protected":false},"excerpt":{"rendered":"<p>predfiltracija &#8211; uklanja velike \u010destice ne\u010disto\u0107a<br \/>\nionsko izmjenjiva\u010dke smole &#8211; uklanja ne\u017eeljene tvari poput te\u0161kih metala<br \/>\nTehnologija filtra s aktivnim ugljenom.<\/p>\n","protected":false},"featured_media":0,"template":"","meta":{"_seopress_robots_primary_cat":"","_seopress_titles_title":"","_seopress_titles_desc":"","_seopress_robots_index":"","iawp_total_views":0},"product_brand":[148],"product_cat":[274,238],"product_tag":[],"class_list":{"0":"post-40943","1":"product","2":"type-product","3":"status-publish","5":"product_brand-laica","6":"product_cat-kucanski-pribor-238","7":"product_cat-sve-za-dom","9":"first","10":"instock","11":"shipping-taxable","12":"purchasable","13":"product-type-simple"},"_links":{"self":[{"href":"https:\/\/singuli.wpress.me\/index.php\/wp-json\/wp\/v2\/product\/40943","targetHints":{"allow":["GET"]}}],"collection":[{"href":"https:\/\/singuli.wpress.me\/index.php\/wp-json\/wp\/v2\/product"}],"about":[{"href":"https:\/\/singuli.wpress.me\/index.php\/wp-json\/wp\/v2\/types\/product"}],"version-history":[{"count":0,"href":"https:\/\/singuli.wpress.me\/index.php\/wp-json\/wp\/v2\/product\/40943\/revisions"}],"wp:attachment":[{"href":"https:\/\/singuli.wpress.me\/index.php\/wp-json\/wp\/v2\/media?parent=40943"}],"wp:term":[{"taxonomy":"product_brand","embeddable":true,"href":"https:\/\/singuli.wpress.me\/index.php\/wp-json\/wp\/v2\/product_brand?post=40943"},{"taxonomy":"product_cat","embeddable":true,"href":"https:\/\/singuli.wpress.me\/index.php\/wp-json\/wp\/v2\/product_cat?post=40943"},{"taxonomy":"product_tag","embeddable":true,"href":"https:\/\/singuli.wpress.me\/index.php\/wp-json\/wp\/v2\/product_tag?post=40943"}],"curies":[{"name":"wp","href":"https:\/\/api.w.org\/{rel}","templated":true}]}}