{"id":40944,"date":"2026-04-19T15:18:40","date_gmt":"2026-04-19T15:18:40","guid":{"rendered":"https:\/\/singuli.wpress.me\/index.php\/proizvod\/hydraulic-s1-m68-hidraulicko-ulje-209-l\/"},"modified":"2026-04-20T12:33:33","modified_gmt":"2026-04-20T12:33:33","slug":"hydraulic-s1-m68-hidraulicko-ulje-209-l","status":"publish","type":"product","link":"https:\/\/singuli.wpress.me\/index.php\/proizvod\/hydraulic-s1-m68-hidraulicko-ulje-209-l\/","title":{"rendered":"HYDRAULIC S1 M68, hidrauli\u010dko ulje, 209\u00a0l"},"content":{"rendered":"<p>Shell Hydraulic S1 M46 su hidrauli\u010dka ulja koja osiguravaju izvanrednu za\u0161titu i performanse u ve\u0107ini proizvodne i mobilne opreme. <\/p>\n<p>Pru\u017eaju pouzdanu za\u0161titu od tro\u0161enja kroz cijeli niz operativnih uvjeta uklju\u010duju\u0107i nisko i te\u0161ko optere\u0107ene uvjete za za\u0161titu razli\u010ditih komponenata (pumpe). <\/p>\n<p>Brzo otpu\u0161tanje zraka kao i otpornost prema pjenjenju doprinose odr\u017eavanju i pove\u0107anju u\u010dinkovitosti svakog hidrauli\u010dkog sustava. <\/p>\n<p>Dobra deemulzivnost ulja odupire se formiranju vode u ulju i sprje\u010dava o\u0161te\u0107enje pumpe i odr\u017eava \u010disto\u0107u hidrauli\u010dkog sustava. <\/p>\n<p>Specifikacija: ISO 11158 HM, DIN 51524-2 HLP<\/p>\n","protected":false},"excerpt":{"rendered":"<p>Hidrauli\u010dko ulje koje osigurava izvanrednu za\u0161titu i performanse<br \/>\nDobra demulzivnost<br \/>\nPouzdana za\u0161tita od tro\u0161enja<\/p>\n","protected":false},"featured_media":0,"template":"","meta":{"_seopress_robots_primary_cat":"","_seopress_titles_title":"","_seopress_titles_desc":"","_seopress_robots_index":"","iawp_total_views":0},"product_brand":[845],"product_cat":[243,276],"product_tag":[],"class_list":{"0":"post-40944","1":"product","2":"type-product","3":"status-publish","5":"product_brand-hydraulic","6":"product_cat-automobili-i-motori","7":"product_cat-industrijska-i-specijalna-ulja-243","9":"first","10":"instock","11":"shipping-taxable","12":"purchasable","13":"product-type-simple"},"_links":{"self":[{"href":"https:\/\/singuli.wpress.me\/index.php\/wp-json\/wp\/v2\/product\/40944","targetHints":{"allow":["GET"]}}],"collection":[{"href":"https:\/\/singuli.wpress.me\/index.php\/wp-json\/wp\/v2\/product"}],"about":[{"href":"https:\/\/singuli.wpress.me\/index.php\/wp-json\/wp\/v2\/types\/product"}],"version-history":[{"count":0,"href":"https:\/\/singuli.wpress.me\/index.php\/wp-json\/wp\/v2\/product\/40944\/revisions"}],"wp:attachment":[{"href":"https:\/\/singuli.wpress.me\/index.php\/wp-json\/wp\/v2\/media?parent=40944"}],"wp:term":[{"taxonomy":"product_brand","embeddable":true,"href":"https:\/\/singuli.wpress.me\/index.php\/wp-json\/wp\/v2\/product_brand?post=40944"},{"taxonomy":"product_cat","embeddable":true,"href":"https:\/\/singuli.wpress.me\/index.php\/wp-json\/wp\/v2\/product_cat?post=40944"},{"taxonomy":"product_tag","embeddable":true,"href":"https:\/\/singuli.wpress.me\/index.php\/wp-json\/wp\/v2\/product_tag?post=40944"}],"curies":[{"name":"wp","href":"https:\/\/api.w.org\/{rel}","templated":true}]}}