{"id":40948,"date":"2026-04-19T15:18:40","date_gmt":"2026-04-19T15:18:40","guid":{"rendered":"https:\/\/singuli.wpress.me\/index.php\/proizvod\/uhu-compact-roler-korektura-u-traci-10mx5mm\/"},"modified":"2026-04-20T12:33:33","modified_gmt":"2026-04-20T12:33:33","slug":"uhu-compact-roler-korektura-u-traci-10mx5mm","status":"publish","type":"product","link":"https:\/\/singuli.wpress.me\/index.php\/proizvod\/uhu-compact-roler-korektura-u-traci-10mx5mm\/","title":{"rendered":"UHU Compact roler, korektura u traci, 10mx5mm"},"content":{"rendered":"<p>Korekcija u kompaktnom valjku za brze, \u010diste i precizne korekcije tiskanih tekstova ili rukopisa. Pogodan za gotovo sve vrste papira. Trenuta\u010dno pisanje bez su\u0161enja i bez otapala.<\/p>\n<p>S integriranom za\u0161titnom kapom za traku i samostoje\u0107om potporom, kontrolom razine trake i vijkom za zatezanje trake.<\/p>\n<p>Traka je duga 10 m i \u0161iroka 5 mm. <\/p>\n<p>Valjak (kutija) je izra\u0111en od 100% reciklirane plastike, a ambala\u017ea je od vi\u0161e od 85% recikliranog kartona.<\/p>\n","protected":false},"excerpt":{"rendered":"<p>Za brzo i to\u010dno ispravljanje teksta<br \/>\nBez su\u0161enja i otapala<br \/>\nPogodno za gotovo sve vrste papira<\/p>\n","protected":false},"featured_media":0,"template":"","meta":{"_seopress_robots_primary_cat":"","_seopress_titles_title":"","_seopress_titles_desc":"","_seopress_robots_index":"","iawp_total_views":0},"product_brand":[445],"product_cat":[264,238],"product_tag":[],"class_list":{"0":"post-40948","1":"product","2":"type-product","3":"status-publish","5":"product_brand-uhu","6":"product_cat-ljepila-i-brtvila-238","7":"product_cat-sve-za-dom","9":"first","10":"instock","11":"shipping-taxable","12":"purchasable","13":"product-type-simple"},"_links":{"self":[{"href":"https:\/\/singuli.wpress.me\/index.php\/wp-json\/wp\/v2\/product\/40948","targetHints":{"allow":["GET"]}}],"collection":[{"href":"https:\/\/singuli.wpress.me\/index.php\/wp-json\/wp\/v2\/product"}],"about":[{"href":"https:\/\/singuli.wpress.me\/index.php\/wp-json\/wp\/v2\/types\/product"}],"version-history":[{"count":0,"href":"https:\/\/singuli.wpress.me\/index.php\/wp-json\/wp\/v2\/product\/40948\/revisions"}],"wp:attachment":[{"href":"https:\/\/singuli.wpress.me\/index.php\/wp-json\/wp\/v2\/media?parent=40948"}],"wp:term":[{"taxonomy":"product_brand","embeddable":true,"href":"https:\/\/singuli.wpress.me\/index.php\/wp-json\/wp\/v2\/product_brand?post=40948"},{"taxonomy":"product_cat","embeddable":true,"href":"https:\/\/singuli.wpress.me\/index.php\/wp-json\/wp\/v2\/product_cat?post=40948"},{"taxonomy":"product_tag","embeddable":true,"href":"https:\/\/singuli.wpress.me\/index.php\/wp-json\/wp\/v2\/product_tag?post=40948"}],"curies":[{"name":"wp","href":"https:\/\/api.w.org\/{rel}","templated":true}]}}