{"id":40951,"date":"2026-04-19T15:18:41","date_gmt":"2026-04-19T15:18:41","guid":{"rendered":"https:\/\/singuli.wpress.me\/index.php\/proizvod\/twistshake-mazilica-medvjedic\/"},"modified":"2026-04-20T12:33:33","modified_gmt":"2026-04-20T12:33:33","slug":"twistshake-mazilica-medvjedic","status":"publish","type":"product","link":"https:\/\/singuli.wpress.me\/index.php\/proizvod\/twistshake-mazilica-medvjedic\/","title":{"rendered":"TWISTSHAKE, mazilica, medvjedi\u0107"},"content":{"rendered":"<p>Omogu\u0107ite svojem djetetu iznimno mekanu dekicu koja je uvijek tu Teddy, koji je oblikovana kao mali medvjedi\u0107, odli\u010dan je za umirivanje va\u0161eg djeteta neovisno o tome ide li na spavanje ili treba li suputnika u brojnim pustolovinama.<\/p>\n<p>Kao jamstvo udobnosti i sigurnosti va\u0161oj bebi udobna dekica izra\u0111uje se samo od najboljeg i naj\u010dvr\u0161\u0107eg materijala.<\/p>\n<p>Iznimno mekana i ugodna tkanina velura otporna je na plamen bez dodatnih usporiva\u010da gorenja, a udobna je dekica certificirana u skladu s normom EN 71. Mo\u017eete prona\u0107i i druge \u017eivotinje u asortimanu udobnih dekica trgova\u010dke marke Twistshake koje bi pravile dru\u0161tvo va\u0161em djetetu.<\/p>\n","protected":false},"excerpt":{"rendered":"<p>Mekana i lagana visokokvalitetna tkanina od velura<br \/>\nSigurnosni detalji za sigurnu uporabu<br \/>\nMo\u017ee se prati u perilici rublja na 40 stupnjeva<\/p>\n","protected":false},"featured_media":0,"template":"","meta":{"_seopress_robots_primary_cat":"","_seopress_titles_title":"","_seopress_titles_desc":"","_seopress_robots_index":"","iawp_total_views":0},"product_brand":[433],"product_cat":[221],"product_tag":[],"class_list":{"0":"post-40951","1":"product","2":"type-product","3":"status-publish","5":"product_brand-twistshake","6":"product_cat-igracke","8":"first","9":"outofstock","10":"shipping-taxable","11":"purchasable","12":"product-type-simple"},"_links":{"self":[{"href":"https:\/\/singuli.wpress.me\/index.php\/wp-json\/wp\/v2\/product\/40951","targetHints":{"allow":["GET"]}}],"collection":[{"href":"https:\/\/singuli.wpress.me\/index.php\/wp-json\/wp\/v2\/product"}],"about":[{"href":"https:\/\/singuli.wpress.me\/index.php\/wp-json\/wp\/v2\/types\/product"}],"version-history":[{"count":0,"href":"https:\/\/singuli.wpress.me\/index.php\/wp-json\/wp\/v2\/product\/40951\/revisions"}],"wp:attachment":[{"href":"https:\/\/singuli.wpress.me\/index.php\/wp-json\/wp\/v2\/media?parent=40951"}],"wp:term":[{"taxonomy":"product_brand","embeddable":true,"href":"https:\/\/singuli.wpress.me\/index.php\/wp-json\/wp\/v2\/product_brand?post=40951"},{"taxonomy":"product_cat","embeddable":true,"href":"https:\/\/singuli.wpress.me\/index.php\/wp-json\/wp\/v2\/product_cat?post=40951"},{"taxonomy":"product_tag","embeddable":true,"href":"https:\/\/singuli.wpress.me\/index.php\/wp-json\/wp\/v2\/product_tag?post=40951"}],"curies":[{"name":"wp","href":"https:\/\/api.w.org\/{rel}","templated":true}]}}