{"id":40954,"date":"2026-04-19T15:18:42","date_gmt":"2026-04-19T15:18:42","guid":{"rendered":"https:\/\/singuli.wpress.me\/index.php\/proizvod\/fisher-price-mali-igrac-sveznalica\/"},"modified":"2026-04-20T12:33:33","modified_gmt":"2026-04-20T12:33:33","slug":"fisher-price-mali-igrac-sveznalica","status":"publish","type":"product","link":"https:\/\/singuli.wpress.me\/index.php\/proizvod\/fisher-price-mali-igrac-sveznalica\/","title":{"rendered":"FISHER PRICE, mali igra\u010d, sveznalica"},"content":{"rendered":"<p>Maleni \u0107e se obo\u017eavati igrati s ovom igra\u010dkom iz linije sveznalica.<\/p>\n<p>Fisher-Price mali igra\u010d sveznalica izgleda kao prava igra\u0107a konzola s D-pad tipkom, A i B tipkama i svjetle\u0107im ekranom.<\/p>\n<p>Kada maleni pritisnu tipku za igru, aktivirat \u0107e zabavnu glazbu, zvukove i izraze koji ih podu\u010davaju bojama, brojevima, oblicima i smjerovima.<\/p>\n<p>Pritiskanje i guranje tipki poma\u017ee razvoju bebine spretnosti i koordinaciji oko-ruka.<\/p>\n<p>Za djecu od 6 do 36 mjeseci starosti.<\/p>\n<p>Za rad potrebne 3 AAA (R03) baterije.<\/p>\n<p>Sadr\u017eane u pakiranju.<\/p>\n","protected":false},"excerpt":{"rendered":"<p>Kao prava igra\u0107a konzola<br \/>\nAktiviranje glazbe, zvukova i izraza<br \/>\nDob: 6-36m<\/p>\n","protected":false},"featured_media":0,"template":"","meta":{"_seopress_robots_primary_cat":"","_seopress_titles_title":"","_seopress_titles_desc":"","_seopress_robots_index":"","iawp_total_views":0},"product_brand":[458],"product_cat":[221,291],"product_tag":[],"class_list":{"0":"post-40954","1":"product","2":"type-product","3":"status-publish","5":"product_brand-fisher-price","6":"product_cat-igracke","7":"product_cat-igracke-za-djecu-221","9":"first","10":"instock","11":"shipping-taxable","12":"purchasable","13":"product-type-simple"},"_links":{"self":[{"href":"https:\/\/singuli.wpress.me\/index.php\/wp-json\/wp\/v2\/product\/40954","targetHints":{"allow":["GET"]}}],"collection":[{"href":"https:\/\/singuli.wpress.me\/index.php\/wp-json\/wp\/v2\/product"}],"about":[{"href":"https:\/\/singuli.wpress.me\/index.php\/wp-json\/wp\/v2\/types\/product"}],"version-history":[{"count":0,"href":"https:\/\/singuli.wpress.me\/index.php\/wp-json\/wp\/v2\/product\/40954\/revisions"}],"wp:attachment":[{"href":"https:\/\/singuli.wpress.me\/index.php\/wp-json\/wp\/v2\/media?parent=40954"}],"wp:term":[{"taxonomy":"product_brand","embeddable":true,"href":"https:\/\/singuli.wpress.me\/index.php\/wp-json\/wp\/v2\/product_brand?post=40954"},{"taxonomy":"product_cat","embeddable":true,"href":"https:\/\/singuli.wpress.me\/index.php\/wp-json\/wp\/v2\/product_cat?post=40954"},{"taxonomy":"product_tag","embeddable":true,"href":"https:\/\/singuli.wpress.me\/index.php\/wp-json\/wp\/v2\/product_tag?post=40954"}],"curies":[{"name":"wp","href":"https:\/\/api.w.org\/{rel}","templated":true}]}}