{"id":40957,"date":"2026-04-19T15:18:43","date_gmt":"2026-04-19T15:18:43","guid":{"rendered":"https:\/\/singuli.wpress.me\/index.php\/proizvod\/originalna-pavloviceva-krema-3-obiteljska-100-ml\/"},"modified":"2026-04-20T12:33:33","modified_gmt":"2026-04-20T12:33:33","slug":"originalna-pavloviceva-krema-3-obiteljska-100-ml","status":"publish","type":"product","link":"https:\/\/singuli.wpress.me\/index.php\/proizvod\/originalna-pavloviceva-krema-3-obiteljska-100-ml\/","title":{"rendered":"ORIGINALNA PAVLOVI\u0106EVA, krema, 3+ obiteljska, 100\u00a0ml"},"content":{"rendered":"<p>Upotrebljava se za njegu i za\u0161titu dje\u010dje ko\u017ee nakon tre\u0107e godine, kada je ko\u017ea jo\u0161 uvijek nje\u017ena i podlo\u017ena isu\u0161ivanju.<\/p>\n<p>Preporu\u010deno je nanositi ju poslije kupanja i prije izlaska na svje\u017ei zrak. Pru\u017ea svakodnevnu za\u0161titu lica i tijela od vjetra, sunca ili hladnog zraka. <\/p>\n<p>Pa\u017eljivo odabrani sastojci koji ulaze u sastav ove masti pogoduju njenoj konzistenciji, imaju emolijentne osobine te ubla\u017eavaju njen miris.<\/p>\n","protected":false},"excerpt":{"rendered":"<p>Za njegu i za\u0161titu ko\u017ee<br \/>\nSvakodnevnu za\u0161titu lica i tijela od vjetra, sunca ili hladnog zraka<br \/>\nPreporu\u010deno je nanositi ju poslije kupanja i prije izlaska na svje\u017ei zrak<\/p>\n","protected":false},"featured_media":0,"template":"","meta":{"_seopress_robots_primary_cat":"","_seopress_titles_title":"","_seopress_titles_desc":"","_seopress_robots_index":"","iawp_total_views":0},"product_brand":[831],"product_cat":[268,278],"product_tag":[],"class_list":{"0":"post-40957","1":"product","2":"type-product","3":"status-publish","5":"product_brand-originalna-pavloviceva","6":"product_cat-kozmetika-2","7":"product_cat-njega-tijela-268","9":"first","10":"instock","11":"shipping-taxable","12":"purchasable","13":"product-type-simple"},"_links":{"self":[{"href":"https:\/\/singuli.wpress.me\/index.php\/wp-json\/wp\/v2\/product\/40957","targetHints":{"allow":["GET"]}}],"collection":[{"href":"https:\/\/singuli.wpress.me\/index.php\/wp-json\/wp\/v2\/product"}],"about":[{"href":"https:\/\/singuli.wpress.me\/index.php\/wp-json\/wp\/v2\/types\/product"}],"version-history":[{"count":0,"href":"https:\/\/singuli.wpress.me\/index.php\/wp-json\/wp\/v2\/product\/40957\/revisions"}],"wp:attachment":[{"href":"https:\/\/singuli.wpress.me\/index.php\/wp-json\/wp\/v2\/media?parent=40957"}],"wp:term":[{"taxonomy":"product_brand","embeddable":true,"href":"https:\/\/singuli.wpress.me\/index.php\/wp-json\/wp\/v2\/product_brand?post=40957"},{"taxonomy":"product_cat","embeddable":true,"href":"https:\/\/singuli.wpress.me\/index.php\/wp-json\/wp\/v2\/product_cat?post=40957"},{"taxonomy":"product_tag","embeddable":true,"href":"https:\/\/singuli.wpress.me\/index.php\/wp-json\/wp\/v2\/product_tag?post=40957"}],"curies":[{"name":"wp","href":"https:\/\/api.w.org\/{rel}","templated":true}]}}