{"id":40958,"date":"2026-04-19T15:18:43","date_gmt":"2026-04-19T15:18:43","guid":{"rendered":"https:\/\/singuli.wpress.me\/index.php\/proizvod\/shell-tekucina-za-ciscenje-tekstila-0-5-l\/"},"modified":"2026-04-20T12:33:33","modified_gmt":"2026-04-20T12:33:33","slug":"shell-tekucina-za-ciscenje-tekstila-0-5-l","status":"publish","type":"product","link":"https:\/\/singuli.wpress.me\/index.php\/proizvod\/shell-tekucina-za-ciscenje-tekstila-0-5-l\/","title":{"rendered":"SHELL, teku\u0107ina za \u010di\u0161\u0107enje tekstila, 0.5\u00a0l"},"content":{"rendered":"<p>Shell teku\u0107ina za \u010di\u0161\u0107enje tekstila <br \/>\nvisokokvalitetan i u\u010dinkovit proizvod za \u010di\u0161\u0107enje i osvje\u017eavanje tkanina.<br \/>\nPosebna formula prodire duboko u vlakna, u\u010dinkovito uklanja prljav\u0161tinu i tvrdokorne mrlje s tkanina, presvlaka i tepiha u automobilima i kod ku\u0107e. O\u010di\u0161\u0107ene povr\u0161ine izgledaju kao potpuno nove, osvje\u017eavaju boju i uklanjaju neugodne mirise. Ne sadr\u017ei otapala. Prikladno za osjetljive materijale poput alkantare.<\/p>\n","protected":false},"excerpt":{"rendered":"<p>Teku\u0107ina za \u010di\u0161\u0107enje tekstila<br \/>\nVisokokvalitetan i u\u010dinkovit proizvod za \u010di\u0161\u0107enje i  osvje\u017eavanje tkanina<br \/>\nPrikladno za osjetljive materijale poput alkantare<\/p>\n","protected":false},"featured_media":0,"template":"","meta":{"_seopress_robots_primary_cat":"","_seopress_titles_title":"","_seopress_titles_desc":"","_seopress_robots_index":"","iawp_total_views":0},"product_brand":[326],"product_cat":[243,273],"product_tag":[],"class_list":{"0":"post-40958","1":"product","2":"type-product","3":"status-publish","5":"product_brand-shell","6":"product_cat-automobili-i-motori","7":"product_cat-njega-vozila-243","9":"first","10":"instock","11":"shipping-taxable","12":"purchasable","13":"product-type-simple"},"_links":{"self":[{"href":"https:\/\/singuli.wpress.me\/index.php\/wp-json\/wp\/v2\/product\/40958","targetHints":{"allow":["GET"]}}],"collection":[{"href":"https:\/\/singuli.wpress.me\/index.php\/wp-json\/wp\/v2\/product"}],"about":[{"href":"https:\/\/singuli.wpress.me\/index.php\/wp-json\/wp\/v2\/types\/product"}],"version-history":[{"count":0,"href":"https:\/\/singuli.wpress.me\/index.php\/wp-json\/wp\/v2\/product\/40958\/revisions"}],"wp:attachment":[{"href":"https:\/\/singuli.wpress.me\/index.php\/wp-json\/wp\/v2\/media?parent=40958"}],"wp:term":[{"taxonomy":"product_brand","embeddable":true,"href":"https:\/\/singuli.wpress.me\/index.php\/wp-json\/wp\/v2\/product_brand?post=40958"},{"taxonomy":"product_cat","embeddable":true,"href":"https:\/\/singuli.wpress.me\/index.php\/wp-json\/wp\/v2\/product_cat?post=40958"},{"taxonomy":"product_tag","embeddable":true,"href":"https:\/\/singuli.wpress.me\/index.php\/wp-json\/wp\/v2\/product_tag?post=40958"}],"curies":[{"name":"wp","href":"https:\/\/api.w.org\/{rel}","templated":true}]}}