{"id":40962,"date":"2026-04-19T15:18:44","date_gmt":"2026-04-19T15:18:44","guid":{"rendered":"https:\/\/singuli.wpress.me\/index.php\/proizvod\/medex-bio-elanosol-care-balzam-za-usne-5-1-g\/"},"modified":"2026-04-20T12:33:33","modified_gmt":"2026-04-20T12:33:33","slug":"medex-bio-elanosol-care-balzam-za-usne-5-1-g","status":"publish","type":"product","link":"https:\/\/singuli.wpress.me\/index.php\/proizvod\/medex-bio-elanosol-care-balzam-za-usne-5-1-g\/","title":{"rendered":"MEDEX Bio Elanosol Care, balzam za usne, 5.1\u00a0g"},"content":{"rendered":"<p>Balzam za suhe i osjetljive usne.<br \/>\nPrirodni p\u010delinji vosak, karite maslac i ulje pasjeg trna iz ekolo\u0161ke proizvodnje usne njeguju, hrane i \u0161tite od isu\u0161ivanja. Osiguravaju dubinsko vla\u017eenje i smiruju ko\u017eu usana. Balzam podr\u017eava prirodne procese ko\u017ee i time suhe i osjetljive usne pretvara u mekane i nahranjene. Dermatolo\u0161ki testirano. Bez parabena, parafina, sinteti\u010dkih mirisa, bojila i mineralnih ulja. Za svakodnevnu njegu.<\/p>\n<p><span style=\"font-weight: bold\">Na\u010din primjene:<\/span> Balzam  nanesite u tankom sloju na usne vi\u0161e puta na dan.<\/p>\n","protected":false},"excerpt":{"rendered":"<p>Prirodna za\u0161tita usana<br \/>\nUsne njeguje i \u0161titi<br \/>\nPrimjeren za cijelu obitelj<\/p>\n","protected":false},"featured_media":0,"template":"","meta":{"_seopress_robots_primary_cat":"","_seopress_titles_title":"","_seopress_titles_desc":"","_seopress_robots_index":"","iawp_total_views":0},"product_brand":[415],"product_cat":[268,269],"product_tag":[],"class_list":{"0":"post-40962","1":"product","2":"type-product","3":"status-publish","5":"product_brand-medex","6":"product_cat-kozmetika-2","7":"product_cat-zastita-koze-268","9":"first","10":"outofstock","11":"shipping-taxable","12":"purchasable","13":"product-type-simple"},"_links":{"self":[{"href":"https:\/\/singuli.wpress.me\/index.php\/wp-json\/wp\/v2\/product\/40962","targetHints":{"allow":["GET"]}}],"collection":[{"href":"https:\/\/singuli.wpress.me\/index.php\/wp-json\/wp\/v2\/product"}],"about":[{"href":"https:\/\/singuli.wpress.me\/index.php\/wp-json\/wp\/v2\/types\/product"}],"version-history":[{"count":0,"href":"https:\/\/singuli.wpress.me\/index.php\/wp-json\/wp\/v2\/product\/40962\/revisions"}],"wp:attachment":[{"href":"https:\/\/singuli.wpress.me\/index.php\/wp-json\/wp\/v2\/media?parent=40962"}],"wp:term":[{"taxonomy":"product_brand","embeddable":true,"href":"https:\/\/singuli.wpress.me\/index.php\/wp-json\/wp\/v2\/product_brand?post=40962"},{"taxonomy":"product_cat","embeddable":true,"href":"https:\/\/singuli.wpress.me\/index.php\/wp-json\/wp\/v2\/product_cat?post=40962"},{"taxonomy":"product_tag","embeddable":true,"href":"https:\/\/singuli.wpress.me\/index.php\/wp-json\/wp\/v2\/product_tag?post=40962"}],"curies":[{"name":"wp","href":"https:\/\/api.w.org\/{rel}","templated":true}]}}