{"id":40966,"date":"2026-04-19T15:18:45","date_gmt":"2026-04-19T15:18:45","guid":{"rendered":"https:\/\/singuli.wpress.me\/index.php\/proizvod\/rimula-r5-le-10w30-motorno-ulje-za-gospodarska-vozila-20-l\/"},"modified":"2026-04-20T12:33:34","modified_gmt":"2026-04-20T12:33:34","slug":"rimula-r5-le-10w30-motorno-ulje-za-gospodarska-vozila-20-l","status":"publish","type":"product","link":"https:\/\/singuli.wpress.me\/index.php\/proizvod\/rimula-r5-le-10w30-motorno-ulje-za-gospodarska-vozila-20-l\/","title":{"rendered":"RIMULA  R5 LE 10W30, motorno ulje za gospodarska vozila, 20\u00a0l"},"content":{"rendered":"<p>Sadr\u017ei Low-SAPS najnapredniju tehnologiju aditiva uz istovremeno u\u0161tedu energije. <\/p>\n<p>Snaga za\u0161tite dodatno je poja\u010dana upotrebom sinteti\u010dkog baznog ulja koja donosi beskompromisnu u\u0161tedu u potro\u0161nji goriva i za\u0161titu od tro\u0161enja. <\/p>\n<p>Napredna formulacija omogu\u0107ava odr\u017eavanje uskla\u0111enosti ispu\u0161nog sustava vozila te osigurava u\u010dinkovitost goriva. <\/p>\n<p>Kori\u0161tenjem sinteti\u010dkog baznog ulja pru\u017ea se pobolj\u0161ano paljenje pri niskim temperaturama i smanjuje se potro\u0161nja goriva bez ugro\u017eavanja za\u0161tite motora ili trajnosti. <\/p>\n<p>Jedinstvena tehnologija aditiva osigurava pobolj\u0161anu \u010disto\u0107u motora. <\/p>\n<p>Udovoljava zahtjevima svih vode\u0107ih europskih i sjeverno ameri\u010dkih proizvo\u0111a\u010da motora s niskim emisijama \u0161tetnih plinova. <\/p>\n<p><span style=\"font-weight: bold\">Specifikacija:<\/span> ACEA E9, E7, API CK-4, CJ-4, CI-4 Plus, CI-4, CH-4, SN, Caterpillar ECF-3, ECF-2, Cummins CES 20086,20081, Deutz, DQC III-18 LA, MTU Category 2.1, MAN M 3775, MB-odobrenje 228.31, Volvo VDS-4.5, VDS-4,  , JASO DH-2, Renault Trucks RLD-3, Ford WSS-M2C 171-F1, Mack EO-S 4.5, Eo-O Premium Plus, Detroit Fluid Specification 93K222, 93K218<\/p>\n","protected":false},"excerpt":{"rendered":"<p>Pru\u017ea u\u0161tedu energije i potro\u0161nje goriva<br \/>\nPobolj\u0161ano paljenje pri niskim temperaturama<br \/>\nSpecifikacija u opisu<\/p>\n","protected":false},"featured_media":0,"template":"","meta":{"_seopress_robots_primary_cat":"","_seopress_titles_title":"","_seopress_titles_desc":"","_seopress_robots_index":"","iawp_total_views":0},"product_brand":[469],"product_cat":[243,276,272],"product_tag":[],"class_list":{"0":"post-40966","1":"product","2":"type-product","3":"status-publish","5":"product_brand-rimula","6":"product_cat-automobili-i-motori","7":"product_cat-industrijska-i-specijalna-ulja-243","8":"product_cat-motorna-ulja-243","10":"first","11":"instock","12":"shipping-taxable","13":"purchasable","14":"product-type-simple"},"_links":{"self":[{"href":"https:\/\/singuli.wpress.me\/index.php\/wp-json\/wp\/v2\/product\/40966","targetHints":{"allow":["GET"]}}],"collection":[{"href":"https:\/\/singuli.wpress.me\/index.php\/wp-json\/wp\/v2\/product"}],"about":[{"href":"https:\/\/singuli.wpress.me\/index.php\/wp-json\/wp\/v2\/types\/product"}],"version-history":[{"count":0,"href":"https:\/\/singuli.wpress.me\/index.php\/wp-json\/wp\/v2\/product\/40966\/revisions"}],"wp:attachment":[{"href":"https:\/\/singuli.wpress.me\/index.php\/wp-json\/wp\/v2\/media?parent=40966"}],"wp:term":[{"taxonomy":"product_brand","embeddable":true,"href":"https:\/\/singuli.wpress.me\/index.php\/wp-json\/wp\/v2\/product_brand?post=40966"},{"taxonomy":"product_cat","embeddable":true,"href":"https:\/\/singuli.wpress.me\/index.php\/wp-json\/wp\/v2\/product_cat?post=40966"},{"taxonomy":"product_tag","embeddable":true,"href":"https:\/\/singuli.wpress.me\/index.php\/wp-json\/wp\/v2\/product_tag?post=40966"}],"curies":[{"name":"wp","href":"https:\/\/api.w.org\/{rel}","templated":true}]}}