{"id":40967,"date":"2026-04-19T15:18:45","date_gmt":"2026-04-19T15:18:45","guid":{"rendered":"https:\/\/singuli.wpress.me\/index.php\/proizvod\/medex-apisirup-140-ml\/"},"modified":"2026-04-20T12:33:34","modified_gmt":"2026-04-20T12:33:34","slug":"medex-apisirup-140-ml","status":"publish","type":"product","link":"https:\/\/singuli.wpress.me\/index.php\/proizvod\/medex-apisirup-140-ml\/","title":{"rendered":"MEDEX, Apisirup\u00ae, 140\u00a0ml"},"content":{"rendered":"<p>Sirup kojem vjerujete ve\u0107 desetlje\u0107ima. S medom, timijanom, sljezom i vitaminima A i C.  Apisirup\u00aeve\u0107 desetlje\u0107ima \u010duva svoje mjesto i me\u0111u Medexovim proizvodima i me\u0111u potro\u0161a\u010dima. S timijanom za zdrav di\u0161ni sustav, propolisom, vitaminom A, koji doprinosi o\u010duvanju zdravih sluznica i vitaminom C, koji doprinosi normalnoj funkciji imunolo\u0161kog sustava, zasigurno \u0107e odu\u0161eviti i vas.<br \/>\nOsnova Apisirupa je med, koji mu u najve\u0107oj mjeri odre\u0111uje i okus. Timijan i sljez koji spadaju me\u0111u biljke koje su ve\u0107 godinama u narodnoj predaji, daju mu aromati\u010dan pe\u010dat.<br \/>\nApisirup mo\u017eete uzeti nave\u010der i no\u0107u. Zbog meda mo\u017eete ve\u0107 otvoren proizvod koristiti do roka navedenog na ambala\u017ei i \u010duvati ga na sobnoj temperaturi.<\/p>\n<p>Med<br \/>\nMed je prirodni slatki dar koji p\u010dele izra\u0111uju od cvjetnog nektara (nektarni med) ili od izlu\u010devina kukaca, koje kao ljepljiva teku\u0107ina ostaju na stablima (medna rosa ili medljikovac). Nektarni medovi su cvjetni, bagrem, kesten, lipa i uljana repica, a me\u0111u medljikovce spadaju \u0161umski, jela, javor, hrast i smreka. P\u010dele prera\u0111uju nektar ili mednu rosu, oplemenjuju je izlu\u010devinama svojih \u017elijezda, a zatim je deponiraju u sa\u0107e i ostave da sazri. Med predstavlja zalihu sun\u010deve energije i gorivo \u017eivota u p\u010delinjoj ko\u0161nici. Sadr\u017ei dragocjene hranjive tvari te tako predstavlja bogat nutrijent.<\/p>\n<p>Propolis<br \/>\nPropolis ili p\u010delinje ljepilo p\u010delinji je proizvod potreban za o\u010duvanje zdrave ko\u0161nice. Sadr\u017ei razne biljne smole koje p\u010dele skupljaju na pupoljcima drve\u0107a, oplemenjuju ih izlu\u010devinama svojih \u017elijezda te im dodaju vosak. Ljepljiva im je smjesa potrebna za popravak sa\u0107a i premaz unutarnjih zidova ko\u0161nice, \u010dime sprje\u010davaju ulazak vlage i vjetra te \u0161tite ko\u0161nicu od mikroba. Koriste ga i za balzamiranje ve\u0107ih nametnika kojih se ne mogu druk\u010dije rije\u0161iti. Time sprje\u010davaju njihov raspad i tako se \u0161tite od zaraza i bolesti. Propolis u ko\u0161nici tako\u0111er hlapi te time stvara prirodnu za\u0161titu koja omogu\u0107ava zdrav razvoj i \u017eivot p\u010delinjih obitelji. Glavne su djelatne tvari propolisa bioflavonoidi, biljna bojila koja \u0161tite biljke od mikroorganizama. Upravo sadr\u017eaj bioflavonoida odre\u0111uje kvalitetu propolisa, stoga smo u Medexu standardizirali njegovu vrijednost u proizvodima i tako osigurali njihovu stalnu kvalitetu.<br \/>\nTimijan (Thymus vulgaris)<br \/>\nTimijan ili maj\u010dina du\u0161ica ve\u0107 je stolje\u0107ima poznat i jedan je od najra\u0161irenijih i najomiljenijih za\u010dina. U Sredozemlju su ga kao svestrano korisnog uzgajali jo\u0161 Egip\u0107ani i Grci. To je trajnica sa svojstvenim o\u0161trim mirisom.<\/p>\n<p>Sljez (Althaea officinalis)<br \/>\nSljez je oduvijek bio cijenjena jestiva biljka, koju su jo\u0161 u srednjem vijeku \u010desto sadili u vrtovima. Spada me\u0111u medonosne biljke jer zbog svoje nezahtjevnosti pouzdano i dugo cvjeta.<\/p>\n<p>Vitamini<br \/>\nVitamin A doprinosi odr\u017eavanju normalnih sluznica.<\/p>\n<p>Vitamin A i vitamin C doprinose normalnoj funkciji imunolo\u0161kog sustava.<\/p>\n<p>Na\u010din primjene: Preporu\u010dena dnevna koli\u010dina jest 30 ml (6 \u017eli\u010dica po 5 ml). Uzmite 1 do 2 \u017eli\u010dice 3 puta na dan. Prije primjene protresti. <\/p>\n<p>30ml = 6 \u017eli\u010dica) sadr\u017ei: vitamin C (askorbinska kiselina) 12 mg (15% PU), vitamin A (retenil palmitat) 240 \u03bcg (30% PU). Ekstrakt korijena bijelog sljeza (Althaea officinalis L)1,2 g ,Ekstrakt lista timijana (Thymus vulgaris L) 0,8 g, med 38 g.<\/p>\n","protected":false},"excerpt":{"rendered":"<p>Sadr\u017ei med, ekstrakte sljeza, timijana i propolisa, vitamin C i vitamin A.<br \/>\nSa standardiziranim sadr\u017eajem bioflavonoida u propolisu.<br \/>\nU staklenoj ambala\u017ei koja osigurava i \u010duva kvalitetu proizvoda<\/p>\n","protected":false},"featured_media":0,"template":"","meta":{"_seopress_robots_primary_cat":"","_seopress_titles_title":"","_seopress_titles_desc":"","_seopress_robots_index":"","iawp_total_views":0},"product_brand":[415],"product_cat":[268,269],"product_tag":[],"class_list":{"0":"post-40967","1":"product","2":"type-product","3":"status-publish","5":"product_brand-medex","6":"product_cat-kozmetika-2","7":"product_cat-zastita-koze-268","9":"first","10":"instock","11":"shipping-taxable","12":"purchasable","13":"product-type-simple"},"_links":{"self":[{"href":"https:\/\/singuli.wpress.me\/index.php\/wp-json\/wp\/v2\/product\/40967","targetHints":{"allow":["GET"]}}],"collection":[{"href":"https:\/\/singuli.wpress.me\/index.php\/wp-json\/wp\/v2\/product"}],"about":[{"href":"https:\/\/singuli.wpress.me\/index.php\/wp-json\/wp\/v2\/types\/product"}],"version-history":[{"count":0,"href":"https:\/\/singuli.wpress.me\/index.php\/wp-json\/wp\/v2\/product\/40967\/revisions"}],"wp:attachment":[{"href":"https:\/\/singuli.wpress.me\/index.php\/wp-json\/wp\/v2\/media?parent=40967"}],"wp:term":[{"taxonomy":"product_brand","embeddable":true,"href":"https:\/\/singuli.wpress.me\/index.php\/wp-json\/wp\/v2\/product_brand?post=40967"},{"taxonomy":"product_cat","embeddable":true,"href":"https:\/\/singuli.wpress.me\/index.php\/wp-json\/wp\/v2\/product_cat?post=40967"},{"taxonomy":"product_tag","embeddable":true,"href":"https:\/\/singuli.wpress.me\/index.php\/wp-json\/wp\/v2\/product_tag?post=40967"}],"curies":[{"name":"wp","href":"https:\/\/api.w.org\/{rel}","templated":true}]}}