{"id":40974,"date":"2026-04-19T15:18:46","date_gmt":"2026-04-19T15:18:46","guid":{"rendered":"https:\/\/singuli.wpress.me\/index.php\/proizvod\/bison-super-glue-control-ljepilo-3-g\/"},"modified":"2026-04-20T12:33:34","modified_gmt":"2026-04-20T12:33:34","slug":"bison-super-glue-control-ljepilo-3-g","status":"publish","type":"product","link":"https:\/\/singuli.wpress.me\/index.php\/proizvod\/bison-super-glue-control-ljepilo-3-g\/","title":{"rendered":"BISON Super Glue Control, ljepilo, 3\u00a0g"},"content":{"rendered":"<p>Izuzetno brzo i sna\u017eno teku\u0107e trenutno ljepilo s tehnologijom trenutnog zaustavljanja.<\/p>\n<p>Idealno za lijepljenje manjih povr\u0161ina. Lijepi gotovo sve \u010dvrste i rastezljive materijale poput mnogo vrsta plastike (primjerice tvrdi PVC (polivinil-klorid), ABS, PS, Plexiglas\u00ae, polikarbonat (Makrolon\u00ae), fenolne smole (Bakelite\u00ae), porculan, keramiku, ko\u017eu, drvo, metal, pluto, filc, tkaninu (najprije provjerite prikladnost) i gumu. Djelomi\u010dno je prikladno za staklo (s vremenom spoj postaje lomljiv, zbog \u010dega slabi).<\/p>\n<p>Nije prikladno za PE, PP, silikonske smole, PTFE, stiropor, tkanina i ko\u017ena odje\u0107a.<\/p>\n","protected":false},"excerpt":{"rendered":"<p>Izuzetno brzo i sna\u017eno<br \/>\nTuba s tehnologijom trenutnog zaustavljanja<br \/>\nJednostavno i \u010disto za upotrebu<\/p>\n","protected":false},"featured_media":0,"template":"","meta":{"_seopress_robots_primary_cat":"","_seopress_titles_title":"","_seopress_titles_desc":"","_seopress_robots_index":"","iawp_total_views":0},"product_brand":[494],"product_cat":[264,238],"product_tag":[],"class_list":{"0":"post-40974","1":"product","2":"type-product","3":"status-publish","5":"product_brand-bison","6":"product_cat-ljepila-i-brtvila-238","7":"product_cat-sve-za-dom","9":"first","10":"instock","11":"shipping-taxable","12":"purchasable","13":"product-type-simple"},"_links":{"self":[{"href":"https:\/\/singuli.wpress.me\/index.php\/wp-json\/wp\/v2\/product\/40974","targetHints":{"allow":["GET"]}}],"collection":[{"href":"https:\/\/singuli.wpress.me\/index.php\/wp-json\/wp\/v2\/product"}],"about":[{"href":"https:\/\/singuli.wpress.me\/index.php\/wp-json\/wp\/v2\/types\/product"}],"version-history":[{"count":0,"href":"https:\/\/singuli.wpress.me\/index.php\/wp-json\/wp\/v2\/product\/40974\/revisions"}],"wp:attachment":[{"href":"https:\/\/singuli.wpress.me\/index.php\/wp-json\/wp\/v2\/media?parent=40974"}],"wp:term":[{"taxonomy":"product_brand","embeddable":true,"href":"https:\/\/singuli.wpress.me\/index.php\/wp-json\/wp\/v2\/product_brand?post=40974"},{"taxonomy":"product_cat","embeddable":true,"href":"https:\/\/singuli.wpress.me\/index.php\/wp-json\/wp\/v2\/product_cat?post=40974"},{"taxonomy":"product_tag","embeddable":true,"href":"https:\/\/singuli.wpress.me\/index.php\/wp-json\/wp\/v2\/product_tag?post=40974"}],"curies":[{"name":"wp","href":"https:\/\/api.w.org\/{rel}","templated":true}]}}