{"id":40977,"date":"2026-04-19T15:18:47","date_gmt":"2026-04-19T15:18:47","guid":{"rendered":"https:\/\/singuli.wpress.me\/index.php\/proizvod\/hot-wheels-set-za-akrobacije\/"},"modified":"2026-04-20T12:33:34","modified_gmt":"2026-04-20T12:33:34","slug":"hot-wheels-set-za-akrobacije","status":"publish","type":"product","link":"https:\/\/singuli.wpress.me\/index.php\/proizvod\/hot-wheels-set-za-akrobacije\/","title":{"rendered":"HOT WHEELS, set, za akrobacije"},"content":{"rendered":"<p>Ovaj Hot Wheels set pru\u017ea jednostavnu, klasi\u010dnu igru auti\u0107ima.<\/p>\n<p>Djeca mogu lansirati auti\u0107e preko elektri\u010dne mre\u017ee ili kroz vatru.<\/p>\n<p>Ili s njima raditi razne akrobacije.<br \/>\nKoliko visoko, koliko daleko, koliko brzo \u0107e i\u0107i?<\/p>\n<p>\u010cetiri su razli\u010dita seta koja nude uzbudljivu akciju i igru.<\/p>\n<p>Svaki set se mo\u017ee nadograditi Hot Wheels stazama koje se prodaju odvojeno.<\/p>\n<p>Svaki set uklju\u010duje 1 Hot Wheels auti\u0107.<\/p>\n<p><span style=\"font-weight: bold\">Igra\u010dka dolazi u vi\u0161e razli\u010ditih modela, a isporuka ovisi o njihovoj trenutnoj raspolo\u017eivosti.<br \/>\n<\/span><\/p>\n","protected":false},"excerpt":{"rendered":"<p>Set pru\u017ea jednostavnu klasi\u010dnu igru auti\u0107ima<br \/>\nSvaki set se mo\u017ee nadograditi Hot Wheels stazama koje se prodaju odvojeno<br \/>\nSvaki set uklju\u010duje 1 Hot Wheels auti\u0107<\/p>\n","protected":false},"featured_media":0,"template":"","meta":{"_seopress_robots_primary_cat":"","_seopress_titles_title":"","_seopress_titles_desc":"","_seopress_robots_index":"","iawp_total_views":0},"product_brand":[429],"product_cat":[221,291],"product_tag":[],"class_list":{"0":"post-40977","1":"product","2":"type-product","3":"status-publish","5":"product_brand-hot-wheels","6":"product_cat-igracke","7":"product_cat-igracke-za-djecu-221","9":"first","10":"instock","11":"shipping-taxable","12":"purchasable","13":"product-type-simple"},"_links":{"self":[{"href":"https:\/\/singuli.wpress.me\/index.php\/wp-json\/wp\/v2\/product\/40977","targetHints":{"allow":["GET"]}}],"collection":[{"href":"https:\/\/singuli.wpress.me\/index.php\/wp-json\/wp\/v2\/product"}],"about":[{"href":"https:\/\/singuli.wpress.me\/index.php\/wp-json\/wp\/v2\/types\/product"}],"version-history":[{"count":0,"href":"https:\/\/singuli.wpress.me\/index.php\/wp-json\/wp\/v2\/product\/40977\/revisions"}],"wp:attachment":[{"href":"https:\/\/singuli.wpress.me\/index.php\/wp-json\/wp\/v2\/media?parent=40977"}],"wp:term":[{"taxonomy":"product_brand","embeddable":true,"href":"https:\/\/singuli.wpress.me\/index.php\/wp-json\/wp\/v2\/product_brand?post=40977"},{"taxonomy":"product_cat","embeddable":true,"href":"https:\/\/singuli.wpress.me\/index.php\/wp-json\/wp\/v2\/product_cat?post=40977"},{"taxonomy":"product_tag","embeddable":true,"href":"https:\/\/singuli.wpress.me\/index.php\/wp-json\/wp\/v2\/product_tag?post=40977"}],"curies":[{"name":"wp","href":"https:\/\/api.w.org\/{rel}","templated":true}]}}