{"id":40979,"date":"2026-04-19T15:18:48","date_gmt":"2026-04-19T15:18:48","guid":{"rendered":"https:\/\/singuli.wpress.me\/index.php\/proizvod\/dash-color-tekuci-deterdzent-za-pranje-rublja-3x1-05l-63-pranja\/"},"modified":"2026-04-20T12:33:34","modified_gmt":"2026-04-20T12:33:34","slug":"dash-color-tekuci-deterdzent-za-pranje-rublja-3x1-05l-63-pranja","status":"publish","type":"product","link":"https:\/\/singuli.wpress.me\/index.php\/proizvod\/dash-color-tekuci-deterdzent-za-pranje-rublja-3x1-05l-63-pranja\/","title":{"rendered":"DASH Color, teku\u0107i deterd\u017eent za pranje rublja, 3&#215;1.05l, 63\u00a0pranja"},"content":{"rendered":"<p>Dash i Color <span style=\"font-weight: bold\">jam\u010di izvanredno \u010di\u0161\u0107enje i blistave boje<\/span> u\u010dinkoviti su \u010dak i pri niskoj temperaturi i kratkim ciklusima. <\/p>\n<p>Koristite Dash Power s proizvodima Lenor Softener i Lenor Unstoppables, za dodatnu svje\u017einu i meko\u0107u.<\/p>\n","protected":false},"excerpt":{"rendered":"<p>Teku\u0107i deterd\u017eent za strojno pranje jam\u010di besprijekorno \u010di\u0161\u0107enje<br \/>\nU\u010dinkovito \u010di\u0161\u0107enje pri niskoj temperaturi i kratkim ciklusima<br \/>\nOstavlja na odje\u0107i ugodan miris \u010disto\u0107e<\/p>\n","protected":false},"featured_media":0,"template":"","meta":{"_seopress_robots_primary_cat":"","_seopress_titles_title":"","_seopress_titles_desc":"","_seopress_robots_index":"","iawp_total_views":0},"product_brand":[762],"product_cat":[283,238],"product_tag":[],"class_list":{"0":"post-40979","1":"product","2":"type-product","3":"status-publish","5":"product_brand-dash","6":"product_cat-pranje-rublja-238","7":"product_cat-sve-za-dom","9":"first","10":"outofstock","11":"shipping-taxable","12":"purchasable","13":"product-type-simple"},"_links":{"self":[{"href":"https:\/\/singuli.wpress.me\/index.php\/wp-json\/wp\/v2\/product\/40979","targetHints":{"allow":["GET"]}}],"collection":[{"href":"https:\/\/singuli.wpress.me\/index.php\/wp-json\/wp\/v2\/product"}],"about":[{"href":"https:\/\/singuli.wpress.me\/index.php\/wp-json\/wp\/v2\/types\/product"}],"version-history":[{"count":0,"href":"https:\/\/singuli.wpress.me\/index.php\/wp-json\/wp\/v2\/product\/40979\/revisions"}],"wp:attachment":[{"href":"https:\/\/singuli.wpress.me\/index.php\/wp-json\/wp\/v2\/media?parent=40979"}],"wp:term":[{"taxonomy":"product_brand","embeddable":true,"href":"https:\/\/singuli.wpress.me\/index.php\/wp-json\/wp\/v2\/product_brand?post=40979"},{"taxonomy":"product_cat","embeddable":true,"href":"https:\/\/singuli.wpress.me\/index.php\/wp-json\/wp\/v2\/product_cat?post=40979"},{"taxonomy":"product_tag","embeddable":true,"href":"https:\/\/singuli.wpress.me\/index.php\/wp-json\/wp\/v2\/product_tag?post=40979"}],"curies":[{"name":"wp","href":"https:\/\/api.w.org\/{rel}","templated":true}]}}