{"id":40981,"date":"2026-04-19T15:18:50","date_gmt":"2026-04-19T15:18:50","guid":{"rendered":"https:\/\/singuli.wpress.me\/index.php\/proizvod\/helix-ult-racing-10w60-motorno-ulje-za-osobna-vozila-12x1l-12-l\/"},"modified":"2026-04-21T00:27:05","modified_gmt":"2026-04-21T00:27:05","slug":"helix-ult-racing-10w60-motorno-ulje-za-osobna-vozila-12x1l-12-l","status":"publish","type":"product","link":"https:\/\/singuli.wpress.me\/index.php\/proizvod\/helix-ult-racing-10w60-motorno-ulje-za-osobna-vozila-12x1l-12-l\/","title":{"rendered":"HELIX ULT. RACING 10W60, motorno ulje za osobna vozila, 12x1l, 12\u00a0l"},"content":{"rendered":"<p>Potpuno sinteti\u010dko motorno ulje formulirano na osnovi najnovije Shell PurePlus tehnologije. <\/p>\n<p>Posebna formulacija motornog ulja osigurava izvrsnu \u010disto\u0107u motora, za\u0161titu od taloga, tro\u0161enja i korozije kao i izuzetnu za\u0161titu pod ekstremnim optere\u0107enjima u trka\u0107im automobilima.<\/p>\n<p>Razvijeno u saradnji sa Ferrari timom i namijenjeno za utrke i modificirane motore.<\/p>\n<p><span style=\"font-weight: bold\">Specifikacija:<\/span> API SN\/CF, ACEA A3\/B3, A3\/B4, Ferrari, VW 501.01\/505.00 i prikladno za BMW M automobile.<\/p>\n","protected":false},"excerpt":{"rendered":"<p>Formulirano na bazi Shell PurePlus tehnologije<br \/>\nUlje namijenjeno za utrke i modificirane motore<br \/>\nSpecifikacija u opisu<\/p>\n","protected":false},"featured_media":0,"template":"","meta":{"_seopress_robots_primary_cat":"","_seopress_titles_title":"","_seopress_titles_desc":"","_seopress_robots_index":"","iawp_total_views":0},"product_brand":[398],"product_cat":[243,276],"product_tag":[],"class_list":{"0":"post-40981","1":"product","2":"type-product","3":"status-publish","5":"product_brand-helix","6":"product_cat-automobili-i-motori","7":"product_cat-industrijska-i-specijalna-ulja-243","9":"first","10":"instock","11":"shipping-taxable","12":"purchasable","13":"product-type-simple"},"_links":{"self":[{"href":"https:\/\/singuli.wpress.me\/index.php\/wp-json\/wp\/v2\/product\/40981","targetHints":{"allow":["GET"]}}],"collection":[{"href":"https:\/\/singuli.wpress.me\/index.php\/wp-json\/wp\/v2\/product"}],"about":[{"href":"https:\/\/singuli.wpress.me\/index.php\/wp-json\/wp\/v2\/types\/product"}],"version-history":[{"count":0,"href":"https:\/\/singuli.wpress.me\/index.php\/wp-json\/wp\/v2\/product\/40981\/revisions"}],"wp:attachment":[{"href":"https:\/\/singuli.wpress.me\/index.php\/wp-json\/wp\/v2\/media?parent=40981"}],"wp:term":[{"taxonomy":"product_brand","embeddable":true,"href":"https:\/\/singuli.wpress.me\/index.php\/wp-json\/wp\/v2\/product_brand?post=40981"},{"taxonomy":"product_cat","embeddable":true,"href":"https:\/\/singuli.wpress.me\/index.php\/wp-json\/wp\/v2\/product_cat?post=40981"},{"taxonomy":"product_tag","embeddable":true,"href":"https:\/\/singuli.wpress.me\/index.php\/wp-json\/wp\/v2\/product_tag?post=40981"}],"curies":[{"name":"wp","href":"https:\/\/api.w.org\/{rel}","templated":true}]}}