{"id":40982,"date":"2026-04-19T15:18:50","date_gmt":"2026-04-19T15:18:50","guid":{"rendered":"https:\/\/singuli.wpress.me\/index.php\/proizvod\/oral-b-eb-50-8-crossaction-zamjenske-glave-za-cetkicu-8-kom-2\/"},"modified":"2026-04-20T12:33:34","modified_gmt":"2026-04-20T12:33:34","slug":"oral-b-eb-50-8-crossaction-zamjenske-glave-za-cetkicu-8-kom-2","status":"publish","type":"product","link":"https:\/\/singuli.wpress.me\/index.php\/proizvod\/oral-b-eb-50-8-crossaction-zamjenske-glave-za-cetkicu-8-kom-2\/","title":{"rendered":"ORAL-B EB 50-8 CrossAction, zamjenske glave za \u010detkicu, 8\u00a0kom"},"content":{"rendered":"<p>Kao jedna od premium zamjenskih glava za zubne \u010detkice Oral-B, CrossAction ima precizno nako\u0161ena vlakna pod kutem od 16 stupnjeva.<br \/>\nOna ciljano uklanjaju do 100% vi\u0161e zubnih naslaga u usporedbi s obi\u010dnom klasi\u010dnom zubnom \u010detkicom.<br \/>\nOve pobolj\u0161ane glave Oral-B CrossAction koriste tehnologiju CleanMaximiser koja zelena vlakna pretvara u \u017euta te tako osigurava optimalne performanse glave \u010detkice i najbolje \u010di\u0161\u0107enje.<br \/>\nJedinstvena vlakna dopiru duboko izme\u0111u zubi te uklanjaju zubne naslage i \u010diste cijelu usnu \u0161upljinu bolje od obi\u010dne klasi\u010dne zubne \u010detkice.<br \/>\nOve su glave kompatibilne sa svim dr\u0161kama Oral-B osim Pulsonic i iO.\u00a0<br \/>\nOve su glave kompatibilne sa svim dr\u0161kama Oral-B osim Pulsonic i iO.<br \/>\nVlakna su nako\u0161ena pod idealnim kutom od 16 stupnjeva \u0161to im omogu\u0107ava da dopru duboko izme\u0111u zubi i o\u010diste zubne naslage.<br \/>\nStomatolozi preporu\u010duju mijenjanje glave \u010detke svaka 3 mjeseca za najbolje \u010di\u0161\u0107enje.<\/p>\n","protected":false},"excerpt":{"rendered":"<p>Okrugla glava uklanja do 100\u00a0% vi\u0161e zubnih naslaga<br \/>\nKompatibilne sa svim dr\u0161kama Oral-B osim Pulsonic i iO<br \/>\nZamijenite glavu \u010detkice svaka tri mjeseca<\/p>\n","protected":false},"featured_media":0,"template":"","meta":{"_seopress_robots_primary_cat":"","_seopress_titles_title":"","_seopress_titles_desc":"","_seopress_robots_index":"","iawp_total_views":0},"product_brand":[423],"product_cat":[192,207,209],"product_tag":[],"class_list":{"0":"post-40982","1":"product","2":"type-product","3":"status-publish","5":"product_brand-oral-b-2","6":"product_cat-aparati-za-osobnu-njegu","7":"product_cat-oralna-higijena","8":"product_cat-zamjenske-glave","10":"first","11":"outofstock","12":"shipping-taxable","13":"purchasable","14":"product-type-simple"},"_links":{"self":[{"href":"https:\/\/singuli.wpress.me\/index.php\/wp-json\/wp\/v2\/product\/40982","targetHints":{"allow":["GET"]}}],"collection":[{"href":"https:\/\/singuli.wpress.me\/index.php\/wp-json\/wp\/v2\/product"}],"about":[{"href":"https:\/\/singuli.wpress.me\/index.php\/wp-json\/wp\/v2\/types\/product"}],"version-history":[{"count":0,"href":"https:\/\/singuli.wpress.me\/index.php\/wp-json\/wp\/v2\/product\/40982\/revisions"}],"wp:attachment":[{"href":"https:\/\/singuli.wpress.me\/index.php\/wp-json\/wp\/v2\/media?parent=40982"}],"wp:term":[{"taxonomy":"product_brand","embeddable":true,"href":"https:\/\/singuli.wpress.me\/index.php\/wp-json\/wp\/v2\/product_brand?post=40982"},{"taxonomy":"product_cat","embeddable":true,"href":"https:\/\/singuli.wpress.me\/index.php\/wp-json\/wp\/v2\/product_cat?post=40982"},{"taxonomy":"product_tag","embeddable":true,"href":"https:\/\/singuli.wpress.me\/index.php\/wp-json\/wp\/v2\/product_tag?post=40982"}],"curies":[{"name":"wp","href":"https:\/\/api.w.org\/{rel}","templated":true}]}}