{"id":40986,"date":"2026-04-19T15:18:53","date_gmt":"2026-04-19T15:18:53","guid":{"rendered":"https:\/\/singuli.wpress.me\/index.php\/proizvod\/twistshake-set-bocica-pastel-plava\/"},"modified":"2026-04-20T12:33:34","modified_gmt":"2026-04-20T12:33:34","slug":"twistshake-set-bocica-pastel-plava","status":"publish","type":"product","link":"https:\/\/singuli.wpress.me\/index.php\/proizvod\/twistshake-set-bocica-pastel-plava\/","title":{"rendered":"TWISTSHAKE, set bo\u010dica, pastel plava"},"content":{"rendered":"<p>Twistshake set bo\u010dica u plavoj boji sadr\u017ei:<br \/>\n1x Anti-colic bo\u010dica za bebe 330 ml (pastel siva)<br \/>\n1x Anti-colic bo\u010dica za bebe 260 ml (pastel zelena)<br \/>\n1x Anti-colic bo\u010dica za bebe 180 ml (pastel plava)<br \/>\n1x Mini bo\u010dica 230 ml (pastel siva)<br \/>\n4x duda (plava, zelena, siva, bijela)<br \/>\n1x kop\u010da za dudu (pastel siva)<br \/>\n1x prsten za grickanje 2+m (pastel plavi)<br \/>\n6x punjive vre\u0107ice za hranu<\/p>\n","protected":false},"excerpt":{"rendered":"<p>Bez BPA, BPF i BPS \u2013\u00a0 sigurno za dijete i za vas<br \/>\nIzra\u0111eno od premium materijala<br \/>\nOdli\u010dna kvaliteta<\/p>\n","protected":false},"featured_media":0,"template":"","meta":{"_seopress_robots_primary_cat":"","_seopress_titles_title":"","_seopress_titles_desc":"","_seopress_robots_index":"","iawp_total_views":0},"product_brand":[433],"product_cat":[211,286,287],"product_tag":[],"class_list":{"0":"post-40986","1":"product","2":"type-product","3":"status-publish","5":"product_brand-twistshake","6":"product_cat-njega-majke-i-djeteta","7":"product_cat-oprema-za-bebe-211","8":"product_cat-za-bebe-286","10":"first","11":"instock","12":"shipping-taxable","13":"purchasable","14":"product-type-simple"},"_links":{"self":[{"href":"https:\/\/singuli.wpress.me\/index.php\/wp-json\/wp\/v2\/product\/40986","targetHints":{"allow":["GET"]}}],"collection":[{"href":"https:\/\/singuli.wpress.me\/index.php\/wp-json\/wp\/v2\/product"}],"about":[{"href":"https:\/\/singuli.wpress.me\/index.php\/wp-json\/wp\/v2\/types\/product"}],"version-history":[{"count":0,"href":"https:\/\/singuli.wpress.me\/index.php\/wp-json\/wp\/v2\/product\/40986\/revisions"}],"wp:attachment":[{"href":"https:\/\/singuli.wpress.me\/index.php\/wp-json\/wp\/v2\/media?parent=40986"}],"wp:term":[{"taxonomy":"product_brand","embeddable":true,"href":"https:\/\/singuli.wpress.me\/index.php\/wp-json\/wp\/v2\/product_brand?post=40986"},{"taxonomy":"product_cat","embeddable":true,"href":"https:\/\/singuli.wpress.me\/index.php\/wp-json\/wp\/v2\/product_cat?post=40986"},{"taxonomy":"product_tag","embeddable":true,"href":"https:\/\/singuli.wpress.me\/index.php\/wp-json\/wp\/v2\/product_tag?post=40986"}],"curies":[{"name":"wp","href":"https:\/\/api.w.org\/{rel}","templated":true}]}}